{"id":10999,"date":"2018-02-04T19:54:28","date_gmt":"2018-02-04T19:54:28","guid":{"rendered":"http:\/\/gator4082.temp.domains\/~aquatiss\/?page_id=10999"},"modified":"2024-12-28T10:32:44","modified_gmt":"2024-12-28T10:32:44","slug":"blog","status":"publish","type":"page","link":"https:\/\/aquatiss.com.tn\/en\/blog\/","title":{"rendered":"Blog"},"content":{"rendered":"<\/p>\n<p>\r\n\t\t<div class=\"bdp-post-grid-main bdp-design-1 bdpgrid-1 bdp-clearfix\">\t\t\t\r\n\t\t\t<div class=\"bdp-post-grid  bdp-medium-12 bdp-columns\">\t\t\r\n\t<div class=\"bdp-post-grid-content\">\r\n\t\t\t\t<div class=\"bdp-post-image-bg\">\r\n\t\t\t<a href=\"https:\/\/aquatiss.com.tn\/en\/blog\/chariot-femme-de-chambre-rolls-designed-by-aquatiss\/\">\r\n\t\t\t\t<img decoding=\"async\" src=\"https:\/\/aquatiss.com.tn\/wp-content\/uploads\/2024\/02\/chariot-femme-de-chambre-rolls-de-aquatissrolls.jpg\" alt=\"Chariot femme de chambre Roll\u2019s (Designed by AQUATISS)\" class=\"no-lazyload\" \/>\r\n\t\t\t<\/a>\r\n\t\t<\/div>\r\n\t\t\t\t<div class=\"bdp-post-categories\">\r\n\t\t\t<a href=\"https:\/\/aquatiss.com.tn\/en\/category\/blog\/\">Blog<\/a>\t\t<\/div>\r\n\t\t\r\n\t\t<h2 class=\"bdp-post-title\">\r\n\t\t\t<a href=\"https:\/\/aquatiss.com.tn\/en\/blog\/chariot-femme-de-chambre-rolls-designed-by-aquatiss\/\">Roll's maid cart (Designed by AQUATISS)<\/a>\r\n\t\t<\/h2>\r\n\r\n\t\t\t\t\t<div class=\"bdp-post-meta\">\r\n\t\t\t\t\t\t\t\t\t<span class=\"bdp-post-meta-innr bdp-user-img\">Aquatiss<\/span>\r\n\t\t\t\t\t\t\t\t<span class=\"bdpp-post-meta-sep\">\/<\/span>\t\t\t\t\t\t\t\t\t<span class=\"bdp-post-meta-innr bdp-time\"> 2 February 2024 <\/span>\r\n\t\t\t\t\t\t\t\t\t\t\t\t\t\r\n\t\t\t<\/div>\r\n\t\t\t\t\t<div class=\"bdp-post-content\">\r\n\t\t\t\t<div class=\"bdp-post-short-content\">https:\/\/www.youtube.com\/embed\/VevVcZrecBc The ideal choice for hotels and hotel residences The Rolls maid cart, designed by...<\/div>\r\n\t\t\t\t\t\t\t\t\t<a href=\"https:\/\/aquatiss.com.tn\/en\/blog\/chariot-femme-de-chambre-rolls-designed-by-aquatiss\/\" class=\"bdp-readmorebtn\">Read More<\/a>\r\n\t\t\t\t\t\t\t<\/div>\r\n\t\t\t<\/div>\r\n<\/div><div class=\"bdp-post-grid  bdp-medium-12 bdp-columns\">\t\t\r\n\t<div class=\"bdp-post-grid-content\">\r\n\t\t\t\t<div class=\"bdp-post-image-bg\">\r\n\t\t\t<a href=\"https:\/\/aquatiss.com.tn\/en\/blog\/lit-dappoint-pliable-sur-04-roulettes1personne-180x90-cm-rolls-designed-by-aquatiss\/\">\r\n\t\t\t\t<img decoding=\"async\" src=\"https:\/\/aquatiss.com.tn\/wp-content\/uploads\/2024\/01\/LIT-DAPPOINT-PLIABLE500.jpg\" alt=\"Lit d\u2019appoint pliable sur 04 roulettes1Personne 180\u00d790 cm Roll\u2019s (Designed by AQUATISS)\" class=\"no-lazyload\" \/>\r\n\t\t\t<\/a>\r\n\t\t<\/div>\r\n\t\t\t\t<div class=\"bdp-post-categories\">\r\n\t\t\t<a href=\"https:\/\/aquatiss.com.tn\/en\/category\/blog\/\">Blog<\/a>\t\t<\/div>\r\n\t\t\r\n\t\t<h2 class=\"bdp-post-title\">\r\n\t\t\t<a href=\"https:\/\/aquatiss.com.tn\/en\/blog\/lit-dappoint-pliable-sur-04-roulettes1personne-180x90-cm-rolls-designed-by-aquatiss\/\">Folding bed on 04 wheels1Person 180\u00d790 cm Roll's (Designed by AQUATISS)<\/a>\r\n\t\t<\/h2>\r\n\r\n\t\t\t\t\t<div class=\"bdp-post-meta\">\r\n\t\t\t\t\t\t\t\t\t<span class=\"bdp-post-meta-innr bdp-user-img\">Aquatiss<\/span>\r\n\t\t\t\t\t\t\t\t<span class=\"bdpp-post-meta-sep\">\/<\/span>\t\t\t\t\t\t\t\t\t<span class=\"bdp-post-meta-innr bdp-time\"> January 27, 2024 <\/span>\r\n\t\t\t\t\t\t\t\t\t\t\t\t\t\r\n\t\t\t<\/div>\r\n\t\t\t\t\t<div class=\"bdp-post-content\">\r\n\t\t\t\t<div class=\"bdp-post-short-content\">Discover the Roll's folding daybed https:\/\/www.youtube.com\/embed\/5JqTStJlwWw A practical, versatile bed for hotels and hotel residences The Roll's...<\/div>\r\n\t\t\t\t\t\t\t\t\t<a href=\"https:\/\/aquatiss.com.tn\/en\/blog\/lit-dappoint-pliable-sur-04-roulettes1personne-180x90-cm-rolls-designed-by-aquatiss\/\" class=\"bdp-readmorebtn\">Read More<\/a>\r\n\t\t\t\t\t\t\t<\/div>\r\n\t\t\t<\/div>\r\n<\/div><div class=\"bdp-post-grid  bdp-medium-12 bdp-columns\">\t\t\r\n\t<div class=\"bdp-post-grid-content\">\r\n\t\t\t\t<div class=\"bdp-post-image-bg\">\r\n\t\t\t<a href=\"https:\/\/aquatiss.com.tn\/en\/blog\/lit-dappoint-pliable\/\">\r\n\t\t\t\t<img decoding=\"async\" src=\"https:\/\/aquatiss.com.tn\/wp-content\/uploads\/2023\/10\/Digital.png\" alt=\"ROLL&rsquo;S marque de fabrication AQUATISS!\" class=\"no-lazyload\" \/>\r\n\t\t\t<\/a>\r\n\t\t<\/div>\r\n\t\t\t\t<div class=\"bdp-post-categories\">\r\n\t\t\t<a href=\"https:\/\/aquatiss.com.tn\/en\/category\/blog\/\">Blog<\/a>\t\t<\/div>\r\n\t\t\r\n\t\t<h2 class=\"bdp-post-title\">\r\n\t\t\t<a href=\"https:\/\/aquatiss.com.tn\/en\/blog\/lit-dappoint-pliable\/\">ROLL'S is an AQUATISS brand!<\/a>\r\n\t\t<\/h2>\r\n\r\n\t\t\t\t\t<div class=\"bdp-post-meta\">\r\n\t\t\t\t\t\t\t\t\t<span class=\"bdp-post-meta-innr bdp-user-img\">Aquatiss<\/span>\r\n\t\t\t\t\t\t\t\t<span class=\"bdpp-post-meta-sep\">\/<\/span>\t\t\t\t\t\t\t\t\t<span class=\"bdp-post-meta-innr bdp-time\"> 3 October 2023 <\/span>\r\n\t\t\t\t\t\t\t\t\t\t\t\t\t\r\n\t\t\t<\/div>\r\n\t\t\t\t\t<div class=\"bdp-post-content\">\r\n\t\t\t\t<div class=\"bdp-post-short-content\">Aquatiss Tunisie: Your trusted partner since 1994 https:\/\/www.youtube.com\/embed\/EEufpIKW25k Introduction Since 1994, Aquatiss Tunisie has established itself as the benchmark in...<\/div>\r\n\t\t\t\t\t\t\t\t\t<a href=\"https:\/\/aquatiss.com.tn\/en\/blog\/lit-dappoint-pliable\/\" class=\"bdp-readmorebtn\">Read More<\/a>\r\n\t\t\t\t\t\t\t<\/div>\r\n\t\t\t<\/div>\r\n<\/div><div class=\"bdp-post-grid  bdp-medium-12 bdp-columns\">\t\t\r\n\t<div class=\"bdp-post-grid-content\">\r\n\t\t\t\t<div class=\"bdp-post-image-bg\">\r\n\t\t\t<a href=\"https:\/\/aquatiss.com.tn\/en\/blog\/la-cuisson-des-pizzas\/\">\r\n\t\t\t\t<img decoding=\"async\" src=\"https:\/\/aquatiss.com.tn\/wp-content\/uploads\/2021\/07\/four.jpg\" alt=\"La cuisson des pizzas\" class=\"no-lazyload\" \/>\r\n\t\t\t<\/a>\r\n\t\t<\/div>\r\n\t\t\t\t<div class=\"bdp-post-categories\">\r\n\t\t\t<a href=\"https:\/\/aquatiss.com.tn\/en\/category\/blog\/\">Blog<\/a>\t\t<\/div>\r\n\t\t\r\n\t\t<h2 class=\"bdp-post-title\">\r\n\t\t\t<a href=\"https:\/\/aquatiss.com.tn\/en\/blog\/la-cuisson-des-pizzas\/\">Baking pizzas<\/a>\r\n\t\t<\/h2>\r\n\r\n\t\t\t\t\t<div class=\"bdp-post-meta\">\r\n\t\t\t\t\t\t\t\t\t<span class=\"bdp-post-meta-innr bdp-user-img\">Aquatiss<\/span>\r\n\t\t\t\t\t\t\t\t<span class=\"bdpp-post-meta-sep\">\/<\/span>\t\t\t\t\t\t\t\t\t<span class=\"bdp-post-meta-innr bdp-time\"> July 13, 2021 <\/span>\r\n\t\t\t\t\t\t\t\t\t\t\t\t\t\r\n\t\t\t<\/div>\r\n\t\t\t\t\t<div class=\"bdp-post-content\">\r\n\t\t\t\t<div class=\"bdp-post-short-content\">There are several types of ovens:. wood-fired. gas-fired. electric. combination The most sophisticated wood-fired ovens raise...<\/div>\r\n\t\t\t\t\t\t\t\t\t<a href=\"https:\/\/aquatiss.com.tn\/en\/blog\/la-cuisson-des-pizzas\/\" class=\"bdp-readmorebtn\">Read More<\/a>\r\n\t\t\t\t\t\t\t<\/div>\r\n\t\t\t<\/div>\r\n<\/div><div class=\"bdp-post-grid  bdp-medium-12 bdp-columns\">\t\t\r\n\t<div class=\"bdp-post-grid-content\">\r\n\t\t\t\t<div class=\"bdp-post-image-bg\">\r\n\t\t\t<a href=\"https:\/\/aquatiss.com.tn\/en\/blog\/comment-bien-choisir-son-lave-main-inox\/\">\r\n\t\t\t\t<img decoding=\"async\" src=\"https:\/\/aquatiss.com.tn\/wp-content\/uploads\/2018\/05\/lave-main-plog-thumbnail-2.jpg\" alt=\"Comment bien choisir son lave main inox?\" class=\"no-lazyload\" \/>\r\n\t\t\t<\/a>\r\n\t\t<\/div>\r\n\t\t\t\t<div class=\"bdp-post-categories\">\r\n\t\t\t<a href=\"https:\/\/aquatiss.com.tn\/en\/category\/blog\/\">Blog<\/a>\t\t<\/div>\r\n\t\t\r\n\t\t<h2 class=\"bdp-post-title\">\r\n\t\t\t<a href=\"https:\/\/aquatiss.com.tn\/en\/blog\/comment-bien-choisir-son-lave-main-inox\/\">How to choose the right stainless steel hand washer?<\/a>\r\n\t\t<\/h2>\r\n\r\n\t\t\t\t\t<div class=\"bdp-post-meta\">\r\n\t\t\t\t\t\t\t\t\t<span class=\"bdp-post-meta-innr bdp-user-img\">Aquatiss<\/span>\r\n\t\t\t\t\t\t\t\t<span class=\"bdpp-post-meta-sep\">\/<\/span>\t\t\t\t\t\t\t\t\t<span class=\"bdp-post-meta-innr bdp-time\"> May 11, 2018 <\/span>\r\n\t\t\t\t\t\t\t\t\t\t\t\t\t\r\n\t\t\t<\/div>\r\n\t\t\t\t\t<div class=\"bdp-post-content\">\r\n\t\t\t\t<div class=\"bdp-post-short-content\">How to choose the right stainless steel washbasin? With its compact size, the hand-washing basin is ideal for adding a water point...<\/div>\r\n\t\t\t\t\t\t\t\t\t<a href=\"https:\/\/aquatiss.com.tn\/en\/blog\/comment-bien-choisir-son-lave-main-inox\/\" class=\"bdp-readmorebtn\">Read More<\/a>\r\n\t\t\t\t\t\t\t<\/div>\r\n\t\t\t<\/div>\r\n<\/div><div class=\"bdp-post-grid  bdp-medium-12 bdp-columns\">\t\t\r\n\t<div class=\"bdp-post-grid-content\">\r\n\t\t\t\t<div class=\"bdp-post-image-bg\">\r\n\t\t\t<a href=\"https:\/\/aquatiss.com.tn\/en\/blog\/bien-choisir-savon\/\">\r\n\t\t\t\t<img decoding=\"async\" src=\"https:\/\/aquatiss.com.tn\/wp-content\/uploads\/2018\/02\/drains_chemicals-01.jpg\" alt=\"Comment bien choisir son savon ?\" class=\"no-lazyload\" \/>\r\n\t\t\t<\/a>\r\n\t\t<\/div>\r\n\t\t\t\t<div class=\"bdp-post-categories\">\r\n\t\t\t<a href=\"https:\/\/aquatiss.com.tn\/en\/category\/blog\/\">Blog<\/a>\t\t<\/div>\r\n\t\t\r\n\t\t<h2 class=\"bdp-post-title\">\r\n\t\t\t<a href=\"https:\/\/aquatiss.com.tn\/en\/blog\/bien-choisir-savon\/\">How to choose the right soap?<\/a>\r\n\t\t<\/h2>\r\n\r\n\t\t\t\t\t<div class=\"bdp-post-meta\">\r\n\t\t\t\t\t\t\t\t\t<span class=\"bdp-post-meta-innr bdp-user-img\">Aquatiss<\/span>\r\n\t\t\t\t\t\t\t\t<span class=\"bdpp-post-meta-sep\">\/<\/span>\t\t\t\t\t\t\t\t\t<span class=\"bdp-post-meta-innr bdp-time\"> February 7, 2018 <\/span>\r\n\t\t\t\t\t\t\t\t\t\t\t\t\t\r\n\t\t\t<\/div>\r\n\t\t\t\t\t<div class=\"bdp-post-content\">\r\n\t\t\t\t<div class=\"bdp-post-short-content\">Choosing a soap isn't just about choosing a fragrance, it's much more complex than that....<\/div>\r\n\t\t\t\t\t\t\t\t\t<a href=\"https:\/\/aquatiss.com.tn\/en\/blog\/bien-choisir-savon\/\" class=\"bdp-readmorebtn\">Read More<\/a>\r\n\t\t\t\t\t\t\t<\/div>\r\n\t\t\t<\/div>\r\n<\/div><div class=\"bdp-post-grid  bdp-medium-12 bdp-columns\">\t\t\r\n\t<div class=\"bdp-post-grid-content\">\r\n\t\t\t\t<div class=\"bdp-post-image-bg\">\r\n\t\t\t<a href=\"https:\/\/aquatiss.com.tn\/en\/blog\/comment-reussir-a-faire-un-bon-cafe\/\">\r\n\t\t\t\t<img decoding=\"async\" src=\"https:\/\/aquatiss.com.tn\/wp-content\/uploads\/2018\/02\/Caf\u00e9-latte_Superwoman_01-1.jpg\" alt=\"Comment r\u00e9ussir \u00e0 faire un bon caf\u00e9 !\" class=\"no-lazyload\" \/>\r\n\t\t\t<\/a>\r\n\t\t<\/div>\r\n\t\t\t\t<div class=\"bdp-post-categories\">\r\n\t\t\t<a href=\"https:\/\/aquatiss.com.tn\/en\/category\/blog\/\">Blog<\/a>\t\t<\/div>\r\n\t\t\r\n\t\t<h2 class=\"bdp-post-title\">\r\n\t\t\t<a href=\"https:\/\/aquatiss.com.tn\/en\/blog\/comment-reussir-a-faire-un-bon-cafe\/\">How to make a great cup of coffee!<\/a>\r\n\t\t<\/h2>\r\n\r\n\t\t\t\t\t<div class=\"bdp-post-meta\">\r\n\t\t\t\t\t\t\t\t\t<span class=\"bdp-post-meta-innr bdp-user-img\">Aquatiss<\/span>\r\n\t\t\t\t\t\t\t\t<span class=\"bdpp-post-meta-sep\">\/<\/span>\t\t\t\t\t\t\t\t\t<span class=\"bdp-post-meta-innr bdp-time\"> February 4, 2018 <\/span>\r\n\t\t\t\t\t\t\t\t\t\t\t\t\t\r\n\t\t\t<\/div>\r\n\t\t\t\t\t<div class=\"bdp-post-content\">\r\n\t\t\t\t<div class=\"bdp-post-short-content\">Knowing how to make a good cup of coffee requires rigor and care. Your efforts will be rewarded with aromas...<\/div>\r\n\t\t\t\t\t\t\t\t\t<a href=\"https:\/\/aquatiss.com.tn\/en\/blog\/comment-reussir-a-faire-un-bon-cafe\/\" class=\"bdp-readmorebtn\">Read More<\/a>\r\n\t\t\t\t\t\t\t<\/div>\r\n\t\t\t<\/div>\r\n<\/div>\t\t<\/div>\r\n\r\n\t\t<\/p>","protected":false},"excerpt":{"rendered":"","protected":false},"author":1,"featured_media":0,"parent":0,"menu_order":0,"comment_status":"open","ping_status":"closed","template":"","meta":{"footnotes":""},"class_list":["post-10999","page","type-page","status-publish","hentry"],"_links":{"self":[{"href":"https:\/\/aquatiss.com.tn\/en\/wp-json\/wp\/v2\/pages\/10999","targetHints":{"allow":["GET"]}}],"collection":[{"href":"https:\/\/aquatiss.com.tn\/en\/wp-json\/wp\/v2\/pages"}],"about":[{"href":"https:\/\/aquatiss.com.tn\/en\/wp-json\/wp\/v2\/types\/page"}],"author":[{"embeddable":true,"href":"https:\/\/aquatiss.com.tn\/en\/wp-json\/wp\/v2\/users\/1"}],"replies":[{"embeddable":true,"href":"https:\/\/aquatiss.com.tn\/en\/wp-json\/wp\/v2\/comments?post=10999"}],"version-history":[{"count":1,"href":"https:\/\/aquatiss.com.tn\/en\/wp-json\/wp\/v2\/pages\/10999\/revisions"}],"predecessor-version":[{"id":41999,"href":"https:\/\/aquatiss.com.tn\/en\/wp-json\/wp\/v2\/pages\/10999\/revisions\/41999"}],"wp:attachment":[{"href":"https:\/\/aquatiss.com.tn\/en\/wp-json\/wp\/v2\/media?parent=10999"}],"curies":[{"name":"wp","href":"https:\/\/api.w.org\/{rel}","templated":true}]}}