{"id":1923,"date":"2017-01-10T15:19:26","date_gmt":"2017-01-10T14:19:26","guid":{"rendered":"http:\/\/gator4082.temp.domains\/~aquatiss\/?post_type=product&#038;p=1923"},"modified":"2019-02-05T09:23:12","modified_gmt":"2019-02-05T09:23:12","slug":"coffre-fort-hotel-hxlxp-20x45-7x40-4cm","status":"publish","type":"product","link":"https:\/\/aquatiss.com.tn\/en\/product\/coffre-fort-hotel-hxlxp-20x45-7x40-4cm\/","title":{"rendered":"HOTEL safe hxlxp 20\u00d745.7\u00d740.4cm with pass key"},"content":{"rendered":"<p>HOTEL safe hxlxp 20\u00d745.7\u00d740.4cm with pass key<\/p>\n<h4>Specifications:<\/h4>\n<p>Opening system equipped with an operating button that activates the bolts<br \/>\nWith pass key, equipped with an electronic code opening system with 4 to 8 digits<br \/>\ndark gray color<br \/>\nThickness: 1.2 mm body and 3 mm door.<br \/>\nNumber of bolts 2\/\u00d818mm<br \/>\nIncludes emergency key for use if code is forgotten or batteries run out<br \/>\nWith fixing holes in the base and on the back<br \/>\nExternal dimensions HxWxD 20\u00d745.5\u00d740.4cm<br \/>\nInterior dimensions HxWxD 19x44x35.4cm<br \/>\nweight 8 Kg<br \/>\nVolume:30L<br \/>\n<a class=\"maxbutton-2 maxbutton maxbutton-pdf\" target=\"_blank\" title=\"PDF\" rel=\"noopener\" href=\"http:\/\/gator4082.temp.domains\/~aquatiss\/wp-content\/uploads\/2017\/01\/472-0000702-.pdf\"><span class='mb-text'>DATA SHEET<\/span><\/a><\/p>","protected":false},"excerpt":{"rendered":"<p><strong>With spare key<br \/>\nMaster function<\/strong><br \/>\nequipped with a 4 to 8-digit electronic code opening system<br \/>\nDark gray color<br \/>\nThickness: 1.2 mm body and 3 mm door<\/p>","protected":false},"featured_media":15768,"comment_status":"open","ping_status":"closed","template":"","meta":[],"product_cat":[222,153],"product_tag":[250],"class_list":["post-1923","product","type-product","status-publish","has-post-thumbnail","hentry","product_cat-coffre-fort","product_cat-securite","product_tag-coffre-fort","pa_domaine-hotel"],"_links":{"self":[{"href":"https:\/\/aquatiss.com.tn\/en\/wp-json\/wp\/v2\/product\/1923","targetHints":{"allow":["GET"]}}],"collection":[{"href":"https:\/\/aquatiss.com.tn\/en\/wp-json\/wp\/v2\/product"}],"about":[{"href":"https:\/\/aquatiss.com.tn\/en\/wp-json\/wp\/v2\/types\/product"}],"replies":[{"embeddable":true,"href":"https:\/\/aquatiss.com.tn\/en\/wp-json\/wp\/v2\/comments?post=1923"}],"wp:featuredmedia":[{"embeddable":true,"href":"https:\/\/aquatiss.com.tn\/en\/wp-json\/wp\/v2\/media\/15768"}],"wp:attachment":[{"href":"https:\/\/aquatiss.com.tn\/en\/wp-json\/wp\/v2\/media?parent=1923"}],"wp:term":[{"taxonomy":"product_cat","embeddable":true,"href":"https:\/\/aquatiss.com.tn\/en\/wp-json\/wp\/v2\/product_cat?post=1923"},{"taxonomy":"product_tag","embeddable":true,"href":"https:\/\/aquatiss.com.tn\/en\/wp-json\/wp\/v2\/product_tag?post=1923"}],"curies":[{"name":"wp","href":"https:\/\/api.w.org\/{rel}","templated":true}]}}