{"id":23195,"date":"2020-01-17T11:44:44","date_gmt":"2020-01-17T11:44:44","guid":{"rendered":"http:\/\/gator4082.temp.domains\/~aquatiss\/?post_type=product&#038;p=23195"},"modified":"2020-09-09T16:36:55","modified_gmt":"2020-09-09T16:36:55","slug":"chariot-morgan-elegance-linge-filmop","status":"publish","type":"product","link":"https:\/\/aquatiss.com.tn\/en\/product\/chariot-morgan-elegance-linge-filmop\/","title":{"rendered":"Morgan \u00c9l\u00e9gance linen cart Filmop"},"content":{"rendered":"<p>Morgan \u00c9l\u00e9gance linen cart Filmop<br \/>\nLarge-capacity laundry cart: With its 200 L bag, it can hold a large quantity of laundry.<br \/>\nPractical: top and side opening.<\/p>\n<h5>FEATURES<\/h5>\n<p>-Made of recyclable material<br \/>\nSturdy plastic base for high-capacity loads<br \/>\n-125 mm \u00f8 wheels and 35 mm tread with mounting plate<br \/>\n-Plastic bag with closure to hide dirty towels during cart transport<br \/>\n-Quick and easy assembly<br \/>\n-Easy removal of dirty towels thanks to two zippers on the narrow side of the bag<br \/>\n-Large 200 L bag<br \/>\n-Easy fastening system thanks to Velcro straps<br \/>\n-A connector can be attached to the short side of the base, allowing several carts to be suspended, creating a complete system ideal for hotels.<\/p>\n<h5>MATERIAL<\/h5>\n<p>Polypropylene copolymer, Rilsan-coated steel and plastic-coated polyester<\/p>\n<p>WARNINGS<br \/>\nBag: hand wash - wash temperature 30\u00b0.<\/p>\n<p>&nbsp;<\/p>","protected":false},"excerpt":{"rendered":"<p>Laundry cart for collection of soiled towels and sheets in hotels and laundries, with practical top and side opening.<\/p>","protected":false},"featured_media":23197,"comment_status":"open","ping_status":"closed","template":"","meta":[],"product_cat":[754],"product_tag":[],"class_list":["post-23195","product","type-product","status-publish","has-post-thumbnail","hentry","product_cat-chariots-linge"],"_links":{"self":[{"href":"https:\/\/aquatiss.com.tn\/en\/wp-json\/wp\/v2\/product\/23195","targetHints":{"allow":["GET"]}}],"collection":[{"href":"https:\/\/aquatiss.com.tn\/en\/wp-json\/wp\/v2\/product"}],"about":[{"href":"https:\/\/aquatiss.com.tn\/en\/wp-json\/wp\/v2\/types\/product"}],"replies":[{"embeddable":true,"href":"https:\/\/aquatiss.com.tn\/en\/wp-json\/wp\/v2\/comments?post=23195"}],"wp:featuredmedia":[{"embeddable":true,"href":"https:\/\/aquatiss.com.tn\/en\/wp-json\/wp\/v2\/media\/23197"}],"wp:attachment":[{"href":"https:\/\/aquatiss.com.tn\/en\/wp-json\/wp\/v2\/media?parent=23195"}],"wp:term":[{"taxonomy":"product_cat","embeddable":true,"href":"https:\/\/aquatiss.com.tn\/en\/wp-json\/wp\/v2\/product_cat?post=23195"},{"taxonomy":"product_tag","embeddable":true,"href":"https:\/\/aquatiss.com.tn\/en\/wp-json\/wp\/v2\/product_tag?post=23195"}],"curies":[{"name":"wp","href":"https:\/\/api.w.org\/{rel}","templated":true}]}}