{"id":29210,"date":"2021-09-17T09:36:33","date_gmt":"2021-09-17T09:36:33","guid":{"rendered":"http:\/\/aquatiss.com.tn\/?post_type=product&#038;p=29210"},"modified":"2021-09-18T07:39:39","modified_gmt":"2021-09-18T07:39:39","slug":"hachoir-pro-electrique-300w-lacor","status":"publish","type":"product","link":"https:\/\/aquatiss.com.tn\/en\/product\/hachoir-pro-electrique-300w-lacor\/","title":{"rendered":"Lacor 300W Electric Pro Mincer"},"content":{"rendered":"<p>Lacor 300W Electric Pro Mincer<\/p>\n<p>Electric meat mincer model Hacher semi-professional 300W with<\/p>\n<p>3 interchangeable stainless steel cutting board discs in different sizes.<\/p>\n<h1><span style=\"font-size: 12pt;\"><strong>CHARACTERISTICS Lacor 300W Electric Pro Mincer<\/strong><\/span><\/h1>\n<p>Metal inner and outer gears for greater strength<br \/>\nReverse function (REV) to change direction of rotation<br \/>\nIncludes 3 perforated stainless-steel discs for 3 different sizes of meat to be evenly distributed (\u00d83-5-8 mm)<br \/>\nIncludes 4 additional accessories (Kibbe included)<br \/>\nThree sizes of sausages like hot dogs, sausages.<br \/>\nFully removable for easy cleaning<\/p>\n<p><strong>SPECIFICATIONS<\/strong><\/p>\n<p>Power: 300 W<br \/>\nCapacity: 1 kg\/min<br \/>\nDimensions: 38.6\u00d716.6\u00d734.2 cm<br \/>\nWeight: 2kg<\/p>\n<p><span style=\"color: #ffffff;\"><b style=\"font-size: 8pt;\">mini<\/b><span style=\"font-size: 8pt;\"> chopper-chopper <\/span><b style=\"font-size: 8pt;\">meat-<\/b><span style=\"font-size: 8pt;\">chopper\u00a0<\/span><b style=\"font-size: 8pt;\">from<\/b><span style=\"font-size: 8pt;\">\u00a0kitchen\u00a0<\/span><b style=\"font-size: 8pt;\">manual-<\/b><span style=\"font-size: 8pt;\">chopper\u00a0<\/span><b style=\"font-size: 8pt;\">multifunction-<\/b><b style=\"font-size: 8pt;\">amazon<\/b><span style=\"font-size: 8pt;\">\u00a0chopper\u00a0<\/span><b style=\"font-size: 8pt;\">meat-<\/b><span style=\"font-size: 8pt;\">chopper\u00a0<\/span><b style=\"font-size: 8pt;\">electric<\/b><\/span><\/p>\n<div class=\"AJLUJb\">\n<div data-hveid=\"CCgQAA\">\n<div class=\"s75CSd OhScic AB4Wff\"><span style=\"font-size: 8pt; color: #ffffff;\">chopper\u00a0<b>manual-<\/b><b>knife<\/b>\u00a0chopper<\/span><\/div>\n<\/div>\n<\/div>","protected":false},"excerpt":{"rendered":"<p><span style=\"font-size: 14pt;\"><strong>Lacor Spain manufacturers for over 60 years<\/strong><\/span><br \/>\n<span style=\"font-size: 14pt;\"><strong>Capacity: 1kg\/min<\/strong><\/span><br \/>\nTop quality.<br \/>\nChop meat - Prepare meat - Cut meat <em>salad<\/em>\u00a0.<br \/>\nEuropean product.<br \/>\nHigh-stability cast-iron-aluminum body<br \/>\nGears for internal and external use in metal for greater strength<br \/>\nReverse function (REV) to change direction of rotation<br \/>\nDiscos. \u00d83 mm-3 mm-\u00d88 mm \u00d85<\/p>\n<p><strong>1-year warranty<\/strong><\/p>","protected":false},"featured_media":29234,"comment_status":"open","ping_status":"closed","template":"","meta":[],"product_cat":[1296],"product_tag":[],"class_list":["post-29210","product","type-product","status-publish","has-post-thumbnail","hentry","product_cat-hachoir"],"_links":{"self":[{"href":"https:\/\/aquatiss.com.tn\/en\/wp-json\/wp\/v2\/product\/29210","targetHints":{"allow":["GET"]}}],"collection":[{"href":"https:\/\/aquatiss.com.tn\/en\/wp-json\/wp\/v2\/product"}],"about":[{"href":"https:\/\/aquatiss.com.tn\/en\/wp-json\/wp\/v2\/types\/product"}],"replies":[{"embeddable":true,"href":"https:\/\/aquatiss.com.tn\/en\/wp-json\/wp\/v2\/comments?post=29210"}],"wp:featuredmedia":[{"embeddable":true,"href":"https:\/\/aquatiss.com.tn\/en\/wp-json\/wp\/v2\/media\/29234"}],"wp:attachment":[{"href":"https:\/\/aquatiss.com.tn\/en\/wp-json\/wp\/v2\/media?parent=29210"}],"wp:term":[{"taxonomy":"product_cat","embeddable":true,"href":"https:\/\/aquatiss.com.tn\/en\/wp-json\/wp\/v2\/product_cat?post=29210"},{"taxonomy":"product_tag","embeddable":true,"href":"https:\/\/aquatiss.com.tn\/en\/wp-json\/wp\/v2\/product_tag?post=29210"}],"curies":[{"name":"wp","href":"https:\/\/api.w.org\/{rel}","templated":true}]}}