{"id":32040,"date":"2022-03-02T09:39:21","date_gmt":"2022-03-02T09:39:21","guid":{"rendered":"https:\/\/aquatiss.com.tn\/?post_type=product&#038;p=32040"},"modified":"2022-03-02T14:33:46","modified_gmt":"2022-03-02T14:33:46","slug":"machine-cafe-professionnel-automatiques-avec-broyeur-buse-lait-mousse-fine-g2-jura-we8","status":"publish","type":"product","link":"https:\/\/aquatiss.com.tn\/en\/product\/machine-cafe-professionnel-automatiques-avec-broyeur-buse-lait-mousse-fine-g2-jura-we8\/","title":{"rendered":"Professional automatic coffee machine - Coffee grinder - G2 fine foam milk frother JURA WE8"},"content":{"rendered":"<p>Professional automatic coffee machine - Coffee grinder - G2 fine foam milk frother JURA WE8<\/p>\n<p>This coffee machine has been developed exclusively for small and medium-sized businesses, small spaces, open-plan areas, meeting rooms, break rooms, workshops and other commercial premises, thanks to its compact format.<\/p>\n<p>The reference<strong> Jura WE8<\/strong>\u00a0provides autonomy of approx.\u00a0<strong>70 to 88 cups of coffee per hour<\/strong>.  With its ease of use, speed and excellent value for money, this coffee solution will democratize the coffee bean machine in your office!<\/p>\n<h3 id=\"pagelayout_0_pagetype_0_pagecontent_0_tabcontent_0_repTabContentBlock_conContentBlock_0_genTitle_0\" class=\"title\"><span style=\"font-size: 12pt;\">Cutting-edge technologies<\/span><\/h3>\n<p>The Aroma Professional grinder offers 12.2 % more aroma and high grind quality over the machine's lifetime.<\/p>\n<h3 id=\"pagelayout_0_pagetype_0_pagecontent_0_tabcontent_0_repTabContentBlock_conContentBlock_1_genTitle_1\" class=\"title\"><span style=\"font-size: 12pt;\">Guaranteed T\u00dcV-certified hygiene<\/span><\/h3>\n<p>integrated rinse and cleaning programs at the touch of a button<\/p>\n<h3 id=\"pagelayout_0_pagetype_0_pagecontent_0_tabcontent_0_repTabContentBlock_conContentBlock_2_genTitle_2\" class=\"title\"><span style=\"font-size: 12pt;\">As unique as your desires<\/span><\/h3>\n<p>The quantities of coffee powder and water are fully adaptable to personal preferences and the crockery used.<\/p>\n<p><strong>Recommended maximum daily performance and areas of use<\/strong><\/p>\n<p>Maximum recommended daily performance 30<\/p>\n<h4><strong>Professional automatic coffee machines - Coffee grinders - G2 JURA WE8 fine foam milk frother<\/strong><\/h4>\n<div id=\"pagelayout_0_pagetype_0_pagecontent_0_tabcontent_0_repAttributeTables_repAttributes_0_singleValueDiv_1\">Studios-Offices-Commercial premises-Stores-Workshops<\/div>\n<div><\/div>\n<div><span style=\"font-size: 10pt;\"><strong>Product specialties<\/strong><\/span><\/div>\n<div><\/div>\n<div>Cappucinno-Ristretto-2 x Ristretto-Espresso-2 x Espresso-Caf\u00e9-2 x Hot-water coffee-Speciality coffee<\/div>\n<div><\/div>\n<div>Cappuccino 56 sec.<\/div>\n<div>Hot water function<\/div>\n<div>two coffees 1 min.<\/div>\n<div>2 Espresso 45 sec.<\/div>\n<div>two ristrette 30 sec.<\/div>\n<div>Hot water (200 ml)45 sec.<\/div>\n<div><\/div>\n<div><span style=\"font-size: 10pt;\"><strong>Maximum output per hour Number of cups per hour (to DIN 18873-2)<\/strong><\/span><\/div>\n<div>Cappuccino (1 \u00d7 \/ 2 \u00d7) 70<\/div>\n<div>Coffee (1 \u00d7 \/ 2 \u00d7) 70 \/ 84<\/div>\n<div>Espresso (1 \u00d7 \/ 2 \u00d7) 96 \/ 138<\/div>\n<div>Hot water 82<\/div>\n<div><\/div>\n<h4><span style=\"font-size: 10pt;\"><strong>Other features Professional automatic coffee machines - Coffee grinder - G2 JURA WE8 fine foam milk frother<\/strong><\/span><\/h4>\n<div><\/div>\n<div>Height\/width-adjustable coffee spout 65 - 111 mm<br \/>\nHeight-adjustable hot water outlet 65 - 111 mm<br \/>\nWater tank capacity 3 l<br \/>\nBean container capacity 500 g<br \/>\nCoffee grounds container (portions) 25<br \/>\nCable length (approx.) 1.1 m<br \/>\nVoltage \/ Power 230 V ~ \/ 1450 W<br \/>\nCurrent rating 10 A<br \/>\nStandby power 0 watts<br \/>\nWeight 10 kg<br \/>\nDimensions (W \u00d7 H \u00d7 D) 29.5 \u00d7 41.9 \u00d7 44.4 cm<br \/>\nArticle number 15417<br \/>\nProduct designation Piano Black (EA)<br \/>\nWidth 29.5 cm<br \/>\nHeight 41.9 cm<br \/>\nDepth 44.4 cm<\/div>\n<div><\/div>\n<div>\n<h4><span style=\"font-size: 10pt;\">Standard control and programming technologies<\/span><\/h4>\n<p>J.O.E.\u00ae compatible Yes<br \/>\n2.8\" color visual<br \/>\nIndividually programmable and adjustable coffee water quantity<br \/>\nTo fit your cup size. Yes<br \/>\nProgrammable and individually adjustable coffee strength (levels) 8<br \/>\nProgrammable percolation temperature (levels) 2<br \/>\nAdjustable hot water temperature (levels) 3<br \/>\nDaily counter unusable again<\/p>\n<\/div>\n<p><strong>Energy standards<\/strong><\/p>\n<p>Programmable switch-off time<\/p>\n<p>&nbsp;<\/p>\n<p><strong>option<\/strong>:<\/p>\n<p>1 L cool control milk tank:<\/p>\n<p>Easy, direct milk filling without having to remove the milk container, a digital temperature indicator and an insertable aluminum lid perfectly matched to the container all ensure particularly simple handling and absolute convenience.<\/p>\n<p>Cup warmer 55\u00b0C :<\/p>\n<p>This slimline design features two drawers with a modern, lightweight and silent soft-close system. Designed to accommodate cups with a maximum diameter of 90 mm and a maximum height of 110 mm, its capacity is optimal for domestic use. Each level can hold 5 espresso cups (\u00d8 57 mm), 4 coffee cups (\u00d8 66 mm) or 6 cappuccino cups (\u00d8 90 mm). The cup holder on the top of the unit provides additional storage space.<\/p>","protected":false},"excerpt":{"rendered":"<p><span style=\"font-size: 14pt;\"><strong>Coffee machine developed exclusively for small and medium-sized businesses<\/strong><\/span><br \/>\n<span style=\"font-size: 14pt;\">Cappuccino-Latte macchiato-<span style=\"font-size: 18.6667px;\">Espresso<\/span>-Ristretto-Hot water<\/span>.<\/p>\n<p>G2 fine foam milk nozzle<br \/>\nCapacity 70 to 88 coffees\/hour<br \/>\nHigh-efficiency pump, 15 bar<br \/>\nIntegrated coffee grinder 12.2 % more aroma<br \/>\n2.8\u2033 high-resolution color TFT display<br \/>\nWater tank capacity 3 L<br \/>\n2 simultaneous coffees in a single percolation.<br \/>\n16 types of beverage can be made with the Jura WE6<br \/>\nFast, silent machine: 2 expresses in 60 sec.<br \/>\nGlass of hot water 200 ml in 45 sec<br \/>\nIntegrated grinding mechanism<br \/>\nIntegrated rinse programs<br \/>\nDimensions W x H x D: 29.5\u00d741.9\u00d744.4 cm<\/p>\n<p><strong>option<\/strong>1 L cool control milk tank - 55\u00b0C cup warmer<\/p>\n<p><strong>25-month or 16,000-coffee guarantee.<\/strong><\/p>\n<p><strong>Swiss made.<\/strong><\/p>","protected":false},"featured_media":32046,"comment_status":"open","ping_status":"closed","template":"","meta":[],"product_cat":[158,163,155],"product_tag":[],"class_list":["post-32040","product","type-product","status-publish","has-post-thumbnail","hentry","product_cat-machine-cafe","product_cat-machine-cafe-professionelle","product_cat-pause-cafe"],"_links":{"self":[{"href":"https:\/\/aquatiss.com.tn\/en\/wp-json\/wp\/v2\/product\/32040","targetHints":{"allow":["GET"]}}],"collection":[{"href":"https:\/\/aquatiss.com.tn\/en\/wp-json\/wp\/v2\/product"}],"about":[{"href":"https:\/\/aquatiss.com.tn\/en\/wp-json\/wp\/v2\/types\/product"}],"replies":[{"embeddable":true,"href":"https:\/\/aquatiss.com.tn\/en\/wp-json\/wp\/v2\/comments?post=32040"}],"wp:featuredmedia":[{"embeddable":true,"href":"https:\/\/aquatiss.com.tn\/en\/wp-json\/wp\/v2\/media\/32046"}],"wp:attachment":[{"href":"https:\/\/aquatiss.com.tn\/en\/wp-json\/wp\/v2\/media?parent=32040"}],"wp:term":[{"taxonomy":"product_cat","embeddable":true,"href":"https:\/\/aquatiss.com.tn\/en\/wp-json\/wp\/v2\/product_cat?post=32040"},{"taxonomy":"product_tag","embeddable":true,"href":"https:\/\/aquatiss.com.tn\/en\/wp-json\/wp\/v2\/product_tag?post=32040"}],"curies":[{"name":"wp","href":"https:\/\/api.w.org\/{rel}","templated":true}]}}