{"id":43442,"date":"2025-10-24T15:26:57","date_gmt":"2025-10-24T15:26:57","guid":{"rendered":"https:\/\/aquatiss.com.tn\/?post_type=product&#038;p=43442"},"modified":"2025-10-29T14:51:49","modified_gmt":"2025-10-29T14:51:49","slug":"vitrine-de-comptoir-refrigeree-4-faces-vitrees-60-litres","status":"publish","type":"product","link":"https:\/\/aquatiss.com.tn\/en\/product\/vitrine-de-comptoir-refrigeree-4-faces-vitrees-60-litres\/","title":{"rendered":"4-sided glass refrigerated counter display case 60 Litres"},"content":{"rendered":"<p>4-sided glass refrigerated counter display case 60 Litres<\/p>\n<p>Ventilated refrigerated glass beverage cabinet. Timed defrost. LED interior lighting.<\/p>\n<p>Electronic temperature control.<\/p>\n<p>The 4 sides of the display offer an overview of all the products on show, while maintaining the thermal efficiency of double glazing.<\/p>\n<h4>Features 4-sided glass refrigerated display case for beverages<\/h4>\n<p>Corrosion-resistant steel bodywork<br \/>\n- White or black lacquered presentation<br \/>\n- Power 180W<br \/>\n- Fan assisted cooling -<br \/>\n- Automatic defrost -<br \/>\n- Manual control<br \/>\n- 3 levels<br \/>\n- 2 adjustable shelves<br \/>\n- Led lighting - 230 V\/1\/50 Hz<br \/>\nFresh produce, Sandwiches,<br \/>\nSalads, Drinks, Fruits...<br \/>\nColors White Black<br \/>\nDimensions (mm) 428 x 386 x 810<br \/>\nWeight 30 kg<\/p>\n<p><a href=\"https:\/\/aquatiss.com.tn\/en\/?s=Vitrine r\u00e9frig\u00e9r\u00e9e&amp;post_type=product&amp;type_aws=true\">Other models to discover\u00a0<\/a><\/p>","protected":false},"excerpt":{"rendered":"<p><span style=\"font-size: 14pt;\"><strong>Suitable for Catering Equipment Bar And Snack Displays \/ Showcases Snack<\/strong><\/span><\/p>\n<p>Corrosion-resistant steel bodywork<br \/>\nWhite or black<br \/>\nPower 180W<br \/>\nFan assisted cooling -<br \/>\nAutomatic defrost -<br \/>\nManual control<br \/>\n3 levels<br \/>\n2 adjustable shelves<br \/>\nLed lighting - 230 V\/1\/50 Hz<br \/>\nFresh produce, Sandwiches,<br \/>\nSalads, Drinks, Fruits...<br \/>\nColors White Black<br \/>\nDimensions (mm) 428 x 386 x 810<br \/>\nWeight 30 kg<\/p>","protected":false},"featured_media":43443,"comment_status":"open","ping_status":"closed","template":"","meta":[],"product_cat":[2084],"product_tag":[2088],"class_list":["post-43442","product","type-product","status-publish","has-post-thumbnail","hentry","product_cat-vitrine","product_tag-vitrine-refrigeree"],"_links":{"self":[{"href":"https:\/\/aquatiss.com.tn\/en\/wp-json\/wp\/v2\/product\/43442","targetHints":{"allow":["GET"]}}],"collection":[{"href":"https:\/\/aquatiss.com.tn\/en\/wp-json\/wp\/v2\/product"}],"about":[{"href":"https:\/\/aquatiss.com.tn\/en\/wp-json\/wp\/v2\/types\/product"}],"replies":[{"embeddable":true,"href":"https:\/\/aquatiss.com.tn\/en\/wp-json\/wp\/v2\/comments?post=43442"}],"wp:featuredmedia":[{"embeddable":true,"href":"https:\/\/aquatiss.com.tn\/en\/wp-json\/wp\/v2\/media\/43443"}],"wp:attachment":[{"href":"https:\/\/aquatiss.com.tn\/en\/wp-json\/wp\/v2\/media?parent=43442"}],"wp:term":[{"taxonomy":"product_cat","embeddable":true,"href":"https:\/\/aquatiss.com.tn\/en\/wp-json\/wp\/v2\/product_cat?post=43442"},{"taxonomy":"product_tag","embeddable":true,"href":"https:\/\/aquatiss.com.tn\/en\/wp-json\/wp\/v2\/product_tag?post=43442"}],"curies":[{"name":"wp","href":"https:\/\/api.w.org\/{rel}","templated":true}]}}