{"id":102,"date":"2015-04-24T14:33:09","date_gmt":"2015-04-24T13:33:09","guid":{"rendered":"http:\/\/digitalink.tn\/demos\/aqua\/?page_id=102"},"modified":"2024-01-25T15:41:24","modified_gmt":"2024-01-25T15:41:24","slug":"vente-tunis-equipement-hotels-collectivites","status":"publish","type":"page","link":"https:\/\/aquatiss.com.tn\/fr\/","title":{"rendered":"Aquatiss Tunisie Vente Tunis Equipement pour les h\u00f4tels et les collectivit\u00e9s"},"content":{"rendered":"<\/p>\n<p>Aquatiss Tunisie, <\/p>\n<p>Vente \u00e9quipement h\u00f4telier collectivit\u00e9s Entretien Hygi\u00e8ne Restauration bain Retrouvez tout l&rsquo;univers , <\/p>\n<p><a href=\"http:\/\/gator4082.temp.domains\/~aquatiss\">http:\/\/aquatiss.com.tn<\/a><\/p>\n<p>Retrouvez toute l&rsquo;actualit\u00e9 <strong>Aquatiss Tunisie<\/strong> : les promotions, les produits et les nouveaut\u00e9s, les marques exclusives enfin tout l&rsquo;univers de Aquatiss ! <\/p>\n<p>Entretien, Hygi\u00e8ne, Restauration, Salle de bain, Food biens h\u00f4teliers&nbsp; salles de Fitness professionnelles. <\/p>\n<p>Mat\u00e9riels&nbsp; \u00e9quipements destin\u00e9s aux collectivit\u00e9s, p\u00e2tisserie, boucherie, caf\u00e9t\u00e9ria, pizzerias, buanderies et laveries. Petit mat\u00e9riel d&rsquo;exploitation :<\/p>\n<p>Batterie et ustensiles de cuisine, ainsi de plus mat\u00e9riel de manutention mobilier de bureau pour professionnels  satisfaire tous les corps<\/p>\n<\/p>\n<p>&nbsp;Au cours de ces derni\u00e8res ann\u00e9es, nous avons diversifi\u00e9 notre activit\u00e9 pour offrir une gamme de produit d\u2019entretien encore plus large .<\/p>\n<p>Ce, afin de satisfaire tous les corps de m\u00e9tier pour l&rsquo;entretien et le nettoyage \u00e0 usage professionnel, <\/p>\n<p>Et permettre ainsi aux entreprises de nettoyage, aux artisans du b\u00e2timent et autres professionnels d&rsquo;optimiser leurs achats en un seul et m\u00eame lieu sp\u00e9cialis\u00e9.<\/p>\n<p>Aujourd&rsquo;hui <strong>Aquatiss Tunisie<\/strong> franchit une nouvelle \u00e9tape avec cette boutique en ligne destin\u00e9e aux professionnels et aux particuliers. <\/p>\n<p><a href=\"http:\/\/gator4082.temp.domains\/~aquatiss\">http:\/\/aquatiss.com.tn<\/a>Vous y trouverez l&rsquo;ensemble de nos produits d&rsquo;entretien ainsi que les indispensables fiches <a href=\"http:\/\/aquatiss.com.tn\"><a href=\"http:\/\/gator4082.temp.domains\/~aquatiss\">http:\/\/aquatiss.com.tn<\/a><\/a> pour r\u00e9pondre aux normes et a la nouvelle\u00a0 donne \u00e9cologique\u00a0civique et l\u00e9gale&#8230;\u00bb<\/p>\n<p>L\u2019hygi\u00e8ne et la gestion des d\u00e9chets nous concerne tous, particuliers comme Professionnels, <\/p>\n<p>ainsi pour r\u00e9pondre aux normes et a la nouvelle donne \u00e9cologique civique et l\u00e9gale:Collecte s\u00e9lective des d\u00e9chets Produit conforme&nbsp;a la m\u00e9thode <strong>HACCP<\/strong> <\/p>\n<p>Produits ayant re\u00e7u homologation ANTIFEU<br \/>-Produit ne contenant pas de gaz CFC nocif&nbsp;&nbsp; pour la couche d&rsquo;ozone-Produit recyclable\u2026Aquatiss Tunisie a s\u00e9lectionn\u00e9 pour vous une large gamme de produit d\u2019 hygi\u00e8ne pour vous permettre de faire un choix judicieux.<\/p>\n","protected":false},"excerpt":{"rendered":"<p>Aquatiss Tunisie, Vente \u00e9quipement h\u00f4telier collectivit\u00e9s Entretien Hygi\u00e8ne Restauration bain Retrouvez tout l&rsquo;univers , http:\/\/aquatiss.com.tn Retrouvez toute l&rsquo;actualit\u00e9 Aquatiss Tunisie : les promotions, les produits et les nouveaut\u00e9s, les marques exclusives enfin tout l&rsquo;univers de Aquatiss ! Entretien, Hygi\u00e8ne, Restauration, Salle de bain, Food biens h\u00f4teliers&nbsp; salles de Fitness professionnelles. Mat\u00e9riels&nbsp; \u00e9quipements destin\u00e9s aux collectivit\u00e9s, [&hellip;]<\/p>\n","protected":false},"author":1,"featured_media":9080,"parent":0,"menu_order":0,"comment_status":"open","ping_status":"open","template":"pt-home.php","meta":{"footnotes":""},"class_list":["post-102","page","type-page","status-publish","has-post-thumbnail","hentry"],"_links":{"self":[{"href":"https:\/\/aquatiss.com.tn\/fr\/wp-json\/wp\/v2\/pages\/102","targetHints":{"allow":["GET"]}}],"collection":[{"href":"https:\/\/aquatiss.com.tn\/fr\/wp-json\/wp\/v2\/pages"}],"about":[{"href":"https:\/\/aquatiss.com.tn\/fr\/wp-json\/wp\/v2\/types\/page"}],"author":[{"embeddable":true,"href":"https:\/\/aquatiss.com.tn\/fr\/wp-json\/wp\/v2\/users\/1"}],"replies":[{"embeddable":true,"href":"https:\/\/aquatiss.com.tn\/fr\/wp-json\/wp\/v2\/comments?post=102"}],"version-history":[{"count":0,"href":"https:\/\/aquatiss.com.tn\/fr\/wp-json\/wp\/v2\/pages\/102\/revisions"}],"wp:featuredmedia":[{"embeddable":true,"href":"https:\/\/aquatiss.com.tn\/fr\/wp-json\/wp\/v2\/media\/9080"}],"wp:attachment":[{"href":"https:\/\/aquatiss.com.tn\/fr\/wp-json\/wp\/v2\/media?parent=102"}],"curies":[{"name":"wp","href":"https:\/\/api.w.org\/{rel}","templated":true}]}}