{"id":10045,"date":"2017-12-19T10:56:01","date_gmt":"2017-12-19T10:56:01","guid":{"rendered":"http:\/\/gator4082.temp.domains\/~aquatiss\/produit\/porte-affiche-paysage\/"},"modified":"2025-03-01T08:04:10","modified_gmt":"2025-03-01T08:04:10","slug":"porte-affiche-paysage","status":"publish","type":"product","link":"https:\/\/aquatiss.com.tn\/fr\/produit\/porte-affiche-paysage\/","title":{"rendered":"Porte Affiche  paysage"},"content":{"rendered":"<p>Porte Affiche paysage<br \/>\nCadre clic clac (format A4 ou A3 selon votre choix)<br \/>\nUn moyen pratique et facile d&rsquo;afficher vos affiches.<br \/>\nLe moyen id\u00e9al pour annoncer votre produit!<br \/>\nIl vous permet de publier votre produit directement sur la vitre d&rsquo;une fa\u00e7on attirante par les passagers.<br \/>\nLes cadres sont faits de mat\u00e9riaux de haute qualit\u00e9 et seront utilis\u00e9s pendant de nombreuses ann\u00e9es sans risque de dommages ou de rouille.<br \/>\nGr\u00e2ce \u00e0 son encadrement en aluminium avec coins biseaut\u00e9s et fermetures cliquable, vous pouvez remplacer votre affiche en quelques secondes&#8230;<\/p>\n<h3>Simplicit\u00e9 d&rsquo;utilisation<\/h3>\n<p>Cadre clic-clac<br \/>\nMat\u00e9riaux de qualit\u00e9: cadre en aluminium anodis\u00e9<\/p>\n","protected":false},"excerpt":{"rendered":"<p>Porte Affiche paysage<br \/>\nCadre clic clac (format A4 ou A3 selon votre choix)<br \/>\nUn moyen pratique et facile d&rsquo;afficher vos affiches.<br \/>\nLe moyen id\u00e9al pour annoncer votre produit!<\/p>\n","protected":false},"featured_media":10051,"comment_status":"open","ping_status":"closed","template":"","meta":[],"product_cat":[553,463,459],"product_tag":[1330,1331,671],"class_list":["post-10045","product","type-product","status-publish","has-post-thumbnail","hentry","product_cat-panneaux-pour-information","product_cat-signalisation-et-information","product_cat-signalisation-personalise","product_tag-cadre","product_tag-clic-clack","product_tag-tableau","pa_domaine-collectivites","pa_domaine-entreprise","pa_domaine-food","pa_domaine-hotel","pa_domaine-industrie","pa_material-aluminium"],"_links":{"self":[{"href":"https:\/\/aquatiss.com.tn\/fr\/wp-json\/wp\/v2\/product\/10045","targetHints":{"allow":["GET"]}}],"collection":[{"href":"https:\/\/aquatiss.com.tn\/fr\/wp-json\/wp\/v2\/product"}],"about":[{"href":"https:\/\/aquatiss.com.tn\/fr\/wp-json\/wp\/v2\/types\/product"}],"replies":[{"embeddable":true,"href":"https:\/\/aquatiss.com.tn\/fr\/wp-json\/wp\/v2\/comments?post=10045"}],"wp:featuredmedia":[{"embeddable":true,"href":"https:\/\/aquatiss.com.tn\/fr\/wp-json\/wp\/v2\/media\/10051"}],"wp:attachment":[{"href":"https:\/\/aquatiss.com.tn\/fr\/wp-json\/wp\/v2\/media?parent=10045"}],"wp:term":[{"taxonomy":"product_cat","embeddable":true,"href":"https:\/\/aquatiss.com.tn\/fr\/wp-json\/wp\/v2\/product_cat?post=10045"},{"taxonomy":"product_tag","embeddable":true,"href":"https:\/\/aquatiss.com.tn\/fr\/wp-json\/wp\/v2\/product_tag?post=10045"}],"curies":[{"name":"wp","href":"https:\/\/api.w.org\/{rel}","templated":true}]}}