{"id":10062,"date":"2017-12-19T15:43:11","date_gmt":"2017-12-19T15:43:11","guid":{"rendered":"http:\/\/gator4082.temp.domains\/~aquatiss\/?post_type=product&#038;p=10062"},"modified":"2022-03-28T09:58:16","modified_gmt":"2022-03-28T09:58:16","slug":"stop-trottoirs-format-a1","status":"publish","type":"product","link":"https:\/\/aquatiss.com.tn\/fr\/produit\/stop-trottoirs-format-a1\/","title":{"rendered":"Stop trottoirs format A1"},"content":{"rendered":"<p>Stop trottoirs format A1<br \/>\nIl est id\u00e9al pour une communication out-door longue dur\u00e9e.<br \/>\nCadre clippant recto-verso.<br \/>\nMati\u00e8re Aluminium anodis\u00e9 et base en PVC rigide<\/p>\n<h3>Avantages:<\/h3>\n<p>Pied \u00e0 roulettes avec r\u00e9servoir pour plus de stabilit\u00e9<br \/>\nwaterproof \u00c9tanche et prot\u00e9g\u00e9 par sa feuille en PVC transparent<br \/>\nChangement facile et rapide du visuel<br \/>\nR\u00e9sistant aux intemp\u00e9ries.<br \/>\nPossibilit\u00e9 de d\u00e9tacher le cadre du pied pour un transport facile.<br \/>\nMont\u00e9 sur silent-block pour les mouvements d&rsquo;oscillation avec le vent.<\/p>\n<h4>Personnalisation du support couleurs aux choix<\/h4>\n<p>&nbsp;<\/p>\n","protected":false},"excerpt":{"rendered":"<p>Stop trottoirs format A1<br \/>\nIl est id\u00e9al pour une communication out-door longue dur\u00e9e.<br \/>\nCadre clippant recto-verso.<br \/>\nMati\u00e8re Aluminium anodis\u00e9 et base en PVC rigide<\/p>\n","protected":false},"featured_media":10063,"comment_status":"open","ping_status":"closed","template":"","meta":[],"product_cat":[551,463,459],"product_tag":[944,1332],"class_list":["post-10062","product","type-product","status-publish","has-post-thumbnail","hentry","product_cat-panneau-publicitaire","product_cat-signalisation-et-information","product_cat-signalisation-personalise","product_tag-publicite","product_tag-stop-trottoirs","pa_domaine-collectivites","pa_domaine-entreprise","pa_domaine-food","pa_domaine-hotel"],"_links":{"self":[{"href":"https:\/\/aquatiss.com.tn\/fr\/wp-json\/wp\/v2\/product\/10062","targetHints":{"allow":["GET"]}}],"collection":[{"href":"https:\/\/aquatiss.com.tn\/fr\/wp-json\/wp\/v2\/product"}],"about":[{"href":"https:\/\/aquatiss.com.tn\/fr\/wp-json\/wp\/v2\/types\/product"}],"replies":[{"embeddable":true,"href":"https:\/\/aquatiss.com.tn\/fr\/wp-json\/wp\/v2\/comments?post=10062"}],"wp:featuredmedia":[{"embeddable":true,"href":"https:\/\/aquatiss.com.tn\/fr\/wp-json\/wp\/v2\/media\/10063"}],"wp:attachment":[{"href":"https:\/\/aquatiss.com.tn\/fr\/wp-json\/wp\/v2\/media?parent=10062"}],"wp:term":[{"taxonomy":"product_cat","embeddable":true,"href":"https:\/\/aquatiss.com.tn\/fr\/wp-json\/wp\/v2\/product_cat?post=10062"},{"taxonomy":"product_tag","embeddable":true,"href":"https:\/\/aquatiss.com.tn\/fr\/wp-json\/wp\/v2\/product_tag?post=10062"}],"curies":[{"name":"wp","href":"https:\/\/api.w.org\/{rel}","templated":true}]}}