{"id":10089,"date":"2017-12-21T13:26:44","date_gmt":"2017-12-21T13:26:44","guid":{"rendered":"http:\/\/gator4082.temp.domains\/~aquatiss\/?post_type=product&#038;p=10089"},"modified":"2017-12-21T13:35:00","modified_gmt":"2017-12-21T13:35:00","slug":"dettol-savon-bactericide","status":"publish","type":"product","link":"https:\/\/aquatiss.com.tn\/fr\/produit\/dettol-savon-bactericide\/","title":{"rendered":"Dettol Savon bact\u00e9ricide"},"content":{"rendered":"<p>Dettol Savon bact\u00e9ricide<br \/>\nProt\u00e8ge contre un large \u00e9ventail de germes invisibles Avec des agrumes rafra\u00eechissants<\/p>\n<h3>Caract\u00e9ristiques du produit<\/h3>\n<p>100% meilleure protection contre les germes<br \/>\nLavage \u00e0 la main liquide pH-\u00e9quilibr\u00e9<br \/>\nLavage \u00e0 la main rafra\u00eechissant<br \/>\nAnti-bact\u00e9rien<br \/>\nRecommand\u00e9 par les m\u00e9decins<\/p>\n<p>Saviez-vous que le nettoyant liquide pour les mains Dettol Fresh avec un parfum rafra\u00eechissant aux agrumes vous offre une protection accrue contre les germes?<\/p>\n<p>L&rsquo;utiliser tous les jours prot\u00e8ge les mains contre les germes et aide \u00e0 les garder hygi\u00e9niquement propres.<br \/>\nLa formule \u00e0 pH \u00e9quilibr\u00e9 associ\u00e9e \u00e0 la protection anti-microbes de Dettol aide \u00e0 maintenir votre peau saine et fra\u00eeche.<\/p>\n<p>Avez-vous \u00a0r\u00e9fl\u00e9chi \u00e0 la fa\u00e7on dont vous vous lavez les mains? Vous l&rsquo;avez fait toute votre vie &#8211; mais l&rsquo;avez-vous fait correctement?<\/p>\n<p>\u00c0 ce stade, vous vous demanderez: \u00abComment puis-je me laver les mains incorrectement?<\/p>\n<p>Saviez-vous que pour vous laver les mains \u00e0 fond, vous devrez prendre environ 40 secondes \u00e0 une minute.<\/p>\n<h4>\u00c9tapes de lavage des mains<\/h4>\n<ol type=\"1\">\n<li>Mouillez-vous les mains avec de l&rsquo;eau courante propre et chaude<\/li>\n<li>Appliquez une petite quantit\u00e9 de savon<\/li>\n<li>Frottez vos paumes ensemble, loin de l&rsquo;eau<\/li>\n<li>Frottez vos doigts et les pouces et la peau entre eux<\/li>\n<li>R\u00e9curer vos paumes avec vos ongles<\/li>\n<li>Frottez le dos de chaque main<\/li>\n<li>Rincer \u00e0 l&rsquo;eau courante propre<\/li>\n<li>S\u00e9cher avec une serviette propre ou une serviette en papier<\/li>\n<\/ol>\n","protected":false},"excerpt":{"rendered":"<p>Dettol Savon bact\u00e9ricide<br \/>\n100% meilleure protection contre les germes<br \/>\nLavage \u00e0 la main liquide pH-\u00e9quilibr\u00e9<br \/>\nLavage \u00e0 la main rafra\u00eechissant<br \/>\nAnti-bact\u00e9rien<br \/>\nRecommand\u00e9 par les m\u00e9decins<\/p>\n<p>&nbsp;<\/p>\n","protected":false},"featured_media":10091,"comment_status":"open","ping_status":"closed","template":"","meta":[],"product_cat":[402,410],"product_tag":[1334,812,1311],"class_list":["post-10089","product","type-product","status-publish","has-post-thumbnail","hentry","product_cat-gel-savon","product_cat-savon-liquide","product_tag-detol","product_tag-savon","product_tag-savon-liquide","pa_domaine-collectivites","pa_domaine-entreprise","pa_domaine-food","pa_domaine-hotel","pa_domaine-industrie","pa_domaine-medical","pa_domaine-proprete"],"_links":{"self":[{"href":"https:\/\/aquatiss.com.tn\/fr\/wp-json\/wp\/v2\/product\/10089","targetHints":{"allow":["GET"]}}],"collection":[{"href":"https:\/\/aquatiss.com.tn\/fr\/wp-json\/wp\/v2\/product"}],"about":[{"href":"https:\/\/aquatiss.com.tn\/fr\/wp-json\/wp\/v2\/types\/product"}],"replies":[{"embeddable":true,"href":"https:\/\/aquatiss.com.tn\/fr\/wp-json\/wp\/v2\/comments?post=10089"}],"wp:featuredmedia":[{"embeddable":true,"href":"https:\/\/aquatiss.com.tn\/fr\/wp-json\/wp\/v2\/media\/10091"}],"wp:attachment":[{"href":"https:\/\/aquatiss.com.tn\/fr\/wp-json\/wp\/v2\/media?parent=10089"}],"wp:term":[{"taxonomy":"product_cat","embeddable":true,"href":"https:\/\/aquatiss.com.tn\/fr\/wp-json\/wp\/v2\/product_cat?post=10089"},{"taxonomy":"product_tag","embeddable":true,"href":"https:\/\/aquatiss.com.tn\/fr\/wp-json\/wp\/v2\/product_tag?post=10089"}],"curies":[{"name":"wp","href":"https:\/\/api.w.org\/{rel}","templated":true}]}}