{"id":10096,"date":"2017-12-23T08:21:01","date_gmt":"2017-12-23T08:21:01","guid":{"rendered":"http:\/\/gator4082.temp.domains\/~aquatiss\/?post_type=product&#038;p=10096"},"modified":"2021-06-28T11:26:42","modified_gmt":"2021-06-28T11:26:42","slug":"collecteur-daiguilles-autoclavable-3l","status":"publish","type":"product","link":"https:\/\/aquatiss.com.tn\/fr\/produit\/collecteur-daiguilles-autoclavable-3l\/","title":{"rendered":"Collecteur d&rsquo;aiguilles autoclavable"},"content":{"rendered":"<p>Collecteur d&rsquo;aiguilles autoclavable<br \/>\nJaune avec couvercle rouge<br \/>\nCollecteur en Polypropyl\u00e8ne vierge (Moulage par injection)<\/p>\n<h3>Certifications<\/h3>\n<p>Marque fran\u00e7aise qui garantit la s\u00e9curit\u00e9 de l&rsquo;\u00e9limination des objets tranchants et piquants.<br \/>\nMarque internationale qui garantit le transport des marchandises dangereuses.<br \/>\nR\u00e9glemente la protection contre les blessures par piq\u00fbres d&rsquo;aiguilles.<br \/>\nConformit\u00e9 \u00e0 la norme allemande qui d\u00e9finit les exigences en mati\u00e8re de protection des objets tranchants.<br \/>\nApprobation de la FDA : Food and Drug Administration pour la vente aux \u00c9tats-Unis.<br \/>\nMarque anglaise publi\u00e9e par le BSI (British Standards Institution), l&rsquo;une des marques les plus reconnues qui garantit la qualit\u00e9 et la s\u00e9curit\u00e9 des produits aux consommateurs. Elle a \u00e9t\u00e9 d\u00e9livr\u00e9e conform\u00e9ment \u00e0 la nouvelle norme ISO 23907:2012.<\/p>\n<h3>Caract\u00e9ristiques techniques:<\/h3>\n<p>St\u00e9rilisable<br \/>\nFermeture temporaire et permanente<br \/>\nEmbo\u00eetable<br \/>\nPas d\u2019\u00e9mission de gaz nocif<br \/>\nRetrait des aiguilles<br \/>\nRemplissage maximal<br \/>\nR\u00e9sistant aux chocs<br \/>\nPoign\u00e9es r\u00e9sistantes<br \/>\nR\u00e9sistant \u00e0 la perforation<br \/>\nAilettes anti-reflux<br \/>\nEncoches de d\u00e9solidarisation des aiguilles<br \/>\nIndication du niveau de remplissage maximum<br \/>\nAucune \u00e9mission de gaz nocifs lors de l\u2019incin\u00e9ration<br \/>\nMati\u00e8re Polypropyl\u00e8ne vierge<\/p>\n","protected":false},"excerpt":{"rendered":"<p>Jaune avec couvercle rouge St\u00e9rilisable Fermeture temporaire et permanente<br \/>\nEmbo\u00eetable Pas d\u2019\u00e9mission de gaz nocif Retrait des aiguilles<\/p>\n","protected":false},"featured_media":10097,"comment_status":"open","ping_status":"closed","template":"","meta":[],"product_cat":[292],"product_tag":[1336,1335],"class_list":["post-10096","product","type-product","status-publish","has-post-thumbnail","hentry","product_cat-collecteur-des-dechets-medicaux","product_tag-aiguilles","product_tag-collecteur","pa_contenance-216","pa_contenance-2l","pa_contenance-213","pa_contenance-214","pa_contenance-7l","pa_domaine-hotel"],"_links":{"self":[{"href":"https:\/\/aquatiss.com.tn\/fr\/wp-json\/wp\/v2\/product\/10096","targetHints":{"allow":["GET"]}}],"collection":[{"href":"https:\/\/aquatiss.com.tn\/fr\/wp-json\/wp\/v2\/product"}],"about":[{"href":"https:\/\/aquatiss.com.tn\/fr\/wp-json\/wp\/v2\/types\/product"}],"replies":[{"embeddable":true,"href":"https:\/\/aquatiss.com.tn\/fr\/wp-json\/wp\/v2\/comments?post=10096"}],"wp:featuredmedia":[{"embeddable":true,"href":"https:\/\/aquatiss.com.tn\/fr\/wp-json\/wp\/v2\/media\/10097"}],"wp:attachment":[{"href":"https:\/\/aquatiss.com.tn\/fr\/wp-json\/wp\/v2\/media?parent=10096"}],"wp:term":[{"taxonomy":"product_cat","embeddable":true,"href":"https:\/\/aquatiss.com.tn\/fr\/wp-json\/wp\/v2\/product_cat?post=10096"},{"taxonomy":"product_tag","embeddable":true,"href":"https:\/\/aquatiss.com.tn\/fr\/wp-json\/wp\/v2\/product_tag?post=10096"}],"curies":[{"name":"wp","href":"https:\/\/api.w.org\/{rel}","templated":true}]}}