{"id":10369,"date":"2018-01-03T10:59:28","date_gmt":"2018-01-03T10:59:28","guid":{"rendered":"http:\/\/gator4082.temp.domains\/~aquatiss\/produit\/valet-de-chambre-avec-cintre-galbe-noir-plastique\/"},"modified":"2025-01-28T16:04:42","modified_gmt":"2025-01-28T16:04:42","slug":"valet-de-chambre-avec-cintre-galbe-noir-plastique-rolls","status":"publish","type":"product","link":"https:\/\/aquatiss.com.tn\/fr\/produit\/valet-de-chambre-avec-cintre-galbe-noir-plastique-rolls\/","title":{"rendered":"Valet de chambre avec cintre galb\u00e9  noir plastique Roll&rsquo;s"},"content":{"rendered":"<p>Valet de chambre avec cintre galb\u00e9 \u00a0noir plastique Roll&rsquo;s<\/p>\n<p><strong>Indispensable dans chaque foyer. Id\u00e9al pour chambre, salle de bain ou cabine d&rsquo;armoire.<\/strong><\/p>\n<p>Porteur de chambre avec cintre galb\u00e9 \u00a0noir plastique Roll&rsquo;s<br \/>\nPorte-manteau de chambre parfait pour ranger vos v\u00eatements<br \/>\nCompos\u00e9 d&rsquo;un porte-manteau \u00e9paule large<br \/>\nBarres multi-fonctions pour pantalons accessoires.<br \/>\nFabriqu\u00e9 en bois naturel de h\u00eatre, r\u00e9sistant et durable.<br \/>\nAvec support vide poche pour suspendre vos montres, stylo, cl\u00e9 porte feuilles&#8230;<br \/>\nLe valet est indispensable pour garder vos v\u00eatements impeccables.<br \/>\nGr\u00e2ce \u00e0 lui, vous enfilez sans souci un pantalon sans faux pli et une veste irr\u00e9prochable<br \/>\nAvec support vide poche pour suspendre vos montres, stylo, cl\u00e9 porte feuilles&#8230;<\/p>\n<h3>Sp\u00e9cifications Valet de chambre avec cintre galb\u00e9 \u00a0noir plastique Roll&rsquo;s:<\/h3>\n<p>Avec pose-chaussure pratique pour le rangement<\/p>\n<p>Il est un porte-v\u00eatements en bois avec un cintre veste galb\u00e9 en plastique noir avec large \u00e9paule<\/p>\n<p>Ce <strong>valet <\/strong>vous permettra d&rsquo;\u00e9tendre vos v\u00eatements et de ne pas les froisser.<\/p>\n","protected":false},"excerpt":{"rendered":"<p><strong>Indispensable dans chaque foyer. Id\u00e9al pour chambre, salle de bain ou cabine d&rsquo;armoire.<\/strong><\/p>\n<p>Porteur de chambre avec cintre galb\u00e9 \u00a0noir plastique Roll&rsquo;s<br \/>\nPorte-manteau de chambre parfait pour ranger vos v\u00eatements<br \/>\nCompos\u00e9 d&rsquo;un porte-manteau \u00e9paule large<br \/>\nBarres multi-fonctions pour pantalons accessoires.<br \/>\nFabriqu\u00e9 en bois naturel de h\u00eatre, r\u00e9sistant et durable.<br \/>\nAvec support vide poche pour suspendre vos montres, stylo, cl\u00e9 porte feuilles&#8230;<\/p>\n","protected":false},"featured_media":10535,"comment_status":"open","ping_status":"closed","template":"","meta":[],"product_cat":[2056,1342],"product_tag":[1344,1343],"class_list":["post-10369","product","type-product","status-publish","has-post-thumbnail","hentry","product_cat-gamme-rolls","product_cat-valet-de-chambre","product_tag-chambre","product_tag-valet","pa_domaine-hotel","pa_material-bois","pa_material-plastique","pa_promos-les-nouveautes"],"_links":{"self":[{"href":"https:\/\/aquatiss.com.tn\/fr\/wp-json\/wp\/v2\/product\/10369","targetHints":{"allow":["GET"]}}],"collection":[{"href":"https:\/\/aquatiss.com.tn\/fr\/wp-json\/wp\/v2\/product"}],"about":[{"href":"https:\/\/aquatiss.com.tn\/fr\/wp-json\/wp\/v2\/types\/product"}],"replies":[{"embeddable":true,"href":"https:\/\/aquatiss.com.tn\/fr\/wp-json\/wp\/v2\/comments?post=10369"}],"wp:featuredmedia":[{"embeddable":true,"href":"https:\/\/aquatiss.com.tn\/fr\/wp-json\/wp\/v2\/media\/10535"}],"wp:attachment":[{"href":"https:\/\/aquatiss.com.tn\/fr\/wp-json\/wp\/v2\/media?parent=10369"}],"wp:term":[{"taxonomy":"product_cat","embeddable":true,"href":"https:\/\/aquatiss.com.tn\/fr\/wp-json\/wp\/v2\/product_cat?post=10369"},{"taxonomy":"product_tag","embeddable":true,"href":"https:\/\/aquatiss.com.tn\/fr\/wp-json\/wp\/v2\/product_tag?post=10369"}],"curies":[{"name":"wp","href":"https:\/\/api.w.org\/{rel}","templated":true}]}}