{"id":10377,"date":"2018-01-24T17:00:48","date_gmt":"2018-01-24T17:00:48","guid":{"rendered":"http:\/\/gator4082.temp.domains\/~aquatiss\/?post_type=product&#038;p=10377"},"modified":"2025-05-21T16:34:09","modified_gmt":"2025-05-21T16:34:09","slug":"chariot-modulaire-a-panneau-en-treillis-metalliques-rolls","status":"publish","type":"product","link":"https:\/\/aquatiss.com.tn\/fr\/produit\/chariot-modulaire-a-panneau-en-treillis-metalliques-rolls\/","title":{"rendered":"Chariot caisse modulaire \u00e0 panneau en treillis m\u00e9talliques Roll&rsquo;s"},"content":{"rendered":"<p>Chariot modulaire \u00e0 panneau en treillis m\u00e9talliques\u00a0Roll&rsquo;s<\/p>\n<p>Armature en tube d&rsquo;acier soud\u00e9<\/p>\n<h4>Caract\u00e9ristiques:<\/h4>\n<p>Treillis soud\u00e9 50x50x4mm<br \/>\nFabrication en corni\u00e8re d&rsquo;acier soud\u00e9 avec angles arrondis pour meilleure s\u00e9curit\u00e9<br \/>\nBarre de pouss\u00e9e tubulaire<br \/>\nPlateau en MDF stratifi\u00e9 d&rsquo;\u00e9paisseur&gt;=16mm-avec un c\u00f4t\u00e9 d\u00e9montable<br \/>\n4 roulettes dont 2 fixes et 2 pivotantes \u00e0 bandages caoutchouc semi \u00e9lastiques mont\u00e9s sur roulettes \u00e0 rouleaux freins sur Roues pivotantes \u00f8200mm<br \/>\nCharge max 500kg<br \/>\nFinition du chariot en \u00e9poxy couleur au choix<br \/>\nDimension hors tout LxlxH 88x61x100cm<\/p>\n","protected":false},"excerpt":{"rendered":"<p>Chariot caisse modulaire \u00e0 panneau en treillis m\u00e9talliques Roll&rsquo;s<br \/>\nArmature en tube d&rsquo;acier soud\u00e9<br \/>\nTreillis soud\u00e9 50x50x4mm<\/p>\n","protected":false},"featured_media":10912,"comment_status":"open","ping_status":"closed","template":"","meta":[],"product_cat":[2056,513],"product_tag":[1399,1400],"class_list":["post-10377","product","type-product","status-publish","has-post-thumbnail","hentry","product_cat-gamme-rolls","product_cat-manutention","product_tag-chariot","product_tag-rolls","pa_domaine-collectivites","pa_domaine-entreprise","pa_domaine-food","pa_domaine-hotel","pa_domaine-industrie","pa_domaine-medical","pa_promos-destockage"],"_links":{"self":[{"href":"https:\/\/aquatiss.com.tn\/fr\/wp-json\/wp\/v2\/product\/10377","targetHints":{"allow":["GET"]}}],"collection":[{"href":"https:\/\/aquatiss.com.tn\/fr\/wp-json\/wp\/v2\/product"}],"about":[{"href":"https:\/\/aquatiss.com.tn\/fr\/wp-json\/wp\/v2\/types\/product"}],"replies":[{"embeddable":true,"href":"https:\/\/aquatiss.com.tn\/fr\/wp-json\/wp\/v2\/comments?post=10377"}],"wp:featuredmedia":[{"embeddable":true,"href":"https:\/\/aquatiss.com.tn\/fr\/wp-json\/wp\/v2\/media\/10912"}],"wp:attachment":[{"href":"https:\/\/aquatiss.com.tn\/fr\/wp-json\/wp\/v2\/media?parent=10377"}],"wp:term":[{"taxonomy":"product_cat","embeddable":true,"href":"https:\/\/aquatiss.com.tn\/fr\/wp-json\/wp\/v2\/product_cat?post=10377"},{"taxonomy":"product_tag","embeddable":true,"href":"https:\/\/aquatiss.com.tn\/fr\/wp-json\/wp\/v2\/product_tag?post=10377"}],"curies":[{"name":"wp","href":"https:\/\/api.w.org\/{rel}","templated":true}]}}