{"id":10387,"date":"2018-01-05T13:29:00","date_gmt":"2018-01-05T13:29:00","guid":{"rendered":"http:\/\/gator4082.temp.domains\/~aquatiss\/?post_type=product&#038;p=10387"},"modified":"2018-01-06T12:43:28","modified_gmt":"2018-01-06T12:43:28","slug":"pack-protection","status":"publish","type":"product","link":"https:\/\/aquatiss.com.tn\/fr\/produit\/pack-protection\/","title":{"rendered":"Pack Protection"},"content":{"rendered":"<p>Pack protection \u00e9conomique pour lutter contre les germes.<\/p>\n<h3>Composition:<\/h3>\n<p><a href=\"http:\/\/gator4082.temp.domains\/~aquatiss\/produit\/gel-pour-le-lavage-des-mains-bidon-5l-hydroalcoolique\/\"><strong>1-Gel pour le lavage des mains bidon 5L Hydroalcoolique:<\/strong><\/a><\/p>\n<p class=\"product_title entry-title\">Assainit,S\u00e9chage rapide,sans rin\u00e7age,Assure un nettoyage efficace et une hygi\u00e8ne totale.<br \/>\nConvient aux situations qui demandent des actions pr\u00e9ventives.<br \/>\nL\u2019hygi\u00e8ne des mains est une mesure prophylactique hautement efficace.<br \/>\nMaintient la charge microbienne des mains \u00e0 un niveau s\u00fbr.<\/p>\n<p class=\"product_title entry-title\"><strong>2-<a href=\"http:\/\/gator4082.temp.domains\/~aquatiss\/produit\/distributeur-de-savon-chambre-170-ml\/#\">Distributeur de savon pour chambre<\/a><\/strong><\/p>\n<p>Plastique ABS adapt\u00e9 pour chambre d\u2019h\u00f4tel<br \/>\nAccepte tous types de savon (sauf microbilles)<br \/>\nR\u00e9servoir transparent avec couvercle amovible<br \/>\nPompe \u00e0 membrane \u201canti-gouttes\u201d<br \/>\nVerrouillage par serrure \u00e0 clef plastique<br \/>\nMise en place du consommable et nettoyage ais\u00e9<br \/>\nDimensions LxPxH:5.5 x 7.5 x 15 cm<\/p>\n<p><strong>3-<a href=\"http:\/\/gator4082.temp.domains\/~aquatiss\/produit\/distributeur-de-couvre-siege-plastique\/#\">Distributeur de couvre si\u00e8ge Plastique<\/a><\/strong><br \/>\nEncombrement r\u00e9duit, fixation murale<br \/>\nVerrouillage par serrure \u00e0 clef<br \/>\nCouvre-si\u00e8ges non fournis<\/p>\n<p>&nbsp;<\/p>\n<p><a href=\"http:\/\/gator4082.temp.domains\/~aquatiss\/produit\/recharge-pour-couvre-siege\/\"><strong>4-Recharge pour couvre-si\u00e8ge<\/strong><\/a><br \/>\nRecharge de 200 couvres-si\u00e8ges<br \/>\nBiod\u00e9gradable<br \/>\nPapiers biod\u00e9gradable muni d\u2019une languette pour \u00e9vacuation automatique par l\u2019eau<\/p>\n","protected":false},"excerpt":{"rendered":"<p>Pack protection \u00e9conomique pour lutter contre les germes.<\/p>\n","protected":false},"featured_media":10391,"comment_status":"open","ping_status":"closed","template":"","meta":[],"product_cat":[108],"product_tag":[1348,1347,823,1346],"class_list":["post-10387","product","type-product","status-publish","has-post-thumbnail","hentry","product_cat-hygiene","product_tag-abattant","product_tag-couvre-siege","product_tag-gel","product_tag-pack","pa_domaine-collectivites","pa_domaine-entreprise","pa_domaine-food","pa_domaine-hotel","pa_domaine-industrie","pa_domaine-medical","pa_domaine-packecotest","pa_domaine-proprete","pa_promos-les-packs-economiques"],"_links":{"self":[{"href":"https:\/\/aquatiss.com.tn\/fr\/wp-json\/wp\/v2\/product\/10387","targetHints":{"allow":["GET"]}}],"collection":[{"href":"https:\/\/aquatiss.com.tn\/fr\/wp-json\/wp\/v2\/product"}],"about":[{"href":"https:\/\/aquatiss.com.tn\/fr\/wp-json\/wp\/v2\/types\/product"}],"replies":[{"embeddable":true,"href":"https:\/\/aquatiss.com.tn\/fr\/wp-json\/wp\/v2\/comments?post=10387"}],"wp:featuredmedia":[{"embeddable":true,"href":"https:\/\/aquatiss.com.tn\/fr\/wp-json\/wp\/v2\/media\/10391"}],"wp:attachment":[{"href":"https:\/\/aquatiss.com.tn\/fr\/wp-json\/wp\/v2\/media?parent=10387"}],"wp:term":[{"taxonomy":"product_cat","embeddable":true,"href":"https:\/\/aquatiss.com.tn\/fr\/wp-json\/wp\/v2\/product_cat?post=10387"},{"taxonomy":"product_tag","embeddable":true,"href":"https:\/\/aquatiss.com.tn\/fr\/wp-json\/wp\/v2\/product_tag?post=10387"}],"curies":[{"name":"wp","href":"https:\/\/api.w.org\/{rel}","templated":true}]}}