{"id":10437,"date":"2018-01-09T13:30:07","date_gmt":"2018-01-09T13:30:07","guid":{"rendered":"http:\/\/gator4082.temp.domains\/~aquatiss\/?post_type=product&#038;p=10437"},"modified":"2018-01-09T16:02:52","modified_gmt":"2018-01-09T16:02:52","slug":"barre-de-douche-complete","status":"publish","type":"product","link":"https:\/\/aquatiss.com.tn\/fr\/produit\/barre-de-douche-complete\/","title":{"rendered":"Barre de douche compl\u00e8te"},"content":{"rendered":"<p>Barre de douche compl\u00e8te<\/p>\n<p>La pomme de douche, aussi appel\u00e9 douchette, est indispensable dans toute douche de salle de bains.<\/p>\n<p>En effet, il est reli\u00e9e au mitigeur par un flexible de douche et fix\u00e9e au mur par un support ou par un bras, le pommeau de douche offre diff\u00e9rents jets : massant, pluie fine, tonifiant, relaxant etc.<\/p>\n<p>&nbsp;<\/p>\n<h3>Les diff\u00e9rents \u00e9l\u00e9ments d&rsquo;une douche:<\/h3>\n<h4>Pommeau de douche:<\/h4>\n<p>Le pommeau est, avec le mitigeur, l&rsquo;\u00e9l\u00e9ment central. Raccord\u00e9 au flexible, il permet une bonne libert\u00e9 de mouvements. Accroch\u00e9 sur une barre de douche ou un support de douche, il sera fixe et stable. Aujourd&rsquo;hui, les diff\u00e9rents fabricants rivalisent d&rsquo;ing\u00e9niosit\u00e9 pour mettre sur le march\u00e9 des pommeaux aux modes de fonctionnement divers : jet fin, jet massant, moussant, tonifiants etc. ; tout en vous permettant de faire des \u00e9conomies d&rsquo;eau.<br \/>\nIl est caract\u00e9ris\u00e9 par :<br \/>\n-4 fonctions: Large, effet pluie , massage, pulv\u00e9risation a\u00e9r\u00e9e<br \/>\n-syst\u00e8me anticalcaire<br \/>\n-fonction d\u2019hydromassage et une fonction d\u2019auto-nettoyage<br \/>\n<em>Dimensions LxPxH 25.5 x 100 cm<\/em><\/p>\n<h4>Flexible de douche:<\/h4>\n<p>C&rsquo;est l&rsquo;\u00e9l\u00e9ment souple qui relie le mitigeur au pommeau de douche.<br \/>\nFlexible pour douche extensible 200cm<br \/>\nIl est caract\u00e9ris\u00e9 par :<br \/>\n-En laiton chrom\u00e9<br \/>\n-Embouts: \u00e9crou conique, \u00e9crou molet\u00e9<br \/>\n-Double agrafe \u00f8 14mm<\/p>\n<h4>Barre de douche :<\/h4>\n<p>Barres de douche avec barre de diam\u00e8tre \u00d8 25 mm hauteur 60cm<br \/>\nAvec flexible 150 cm de diam\u00e8tre \u00d8 14 mm<\/p>\n","protected":false},"excerpt":{"rendered":"[su_box title=\"Composants:\" box_color=\"#e3e3e3\" title_color=\"#333633\" class=\".su-box{ hight:150px;}\"][su_posts id=\" 8690\" post_type=\"product\" order=\"desc\" orderby=\"none\" ignore_sticky_posts=\"yes\"][\/su_box]\n","protected":false},"featured_media":10464,"comment_status":"open","ping_status":"closed","template":"","meta":[],"product_cat":[73],"product_tag":[],"class_list":["post-10437","product","type-product","status-publish","has-post-thumbnail","hentry","product_cat-barre-de-douche","pa_domaine-hotel"],"_links":{"self":[{"href":"https:\/\/aquatiss.com.tn\/fr\/wp-json\/wp\/v2\/product\/10437","targetHints":{"allow":["GET"]}}],"collection":[{"href":"https:\/\/aquatiss.com.tn\/fr\/wp-json\/wp\/v2\/product"}],"about":[{"href":"https:\/\/aquatiss.com.tn\/fr\/wp-json\/wp\/v2\/types\/product"}],"replies":[{"embeddable":true,"href":"https:\/\/aquatiss.com.tn\/fr\/wp-json\/wp\/v2\/comments?post=10437"}],"wp:featuredmedia":[{"embeddable":true,"href":"https:\/\/aquatiss.com.tn\/fr\/wp-json\/wp\/v2\/media\/10464"}],"wp:attachment":[{"href":"https:\/\/aquatiss.com.tn\/fr\/wp-json\/wp\/v2\/media?parent=10437"}],"wp:term":[{"taxonomy":"product_cat","embeddable":true,"href":"https:\/\/aquatiss.com.tn\/fr\/wp-json\/wp\/v2\/product_cat?post=10437"},{"taxonomy":"product_tag","embeddable":true,"href":"https:\/\/aquatiss.com.tn\/fr\/wp-json\/wp\/v2\/product_tag?post=10437"}],"curies":[{"name":"wp","href":"https:\/\/api.w.org\/{rel}","templated":true}]}}