{"id":10471,"date":"2018-01-10T08:08:56","date_gmt":"2018-01-10T08:08:56","guid":{"rendered":"http:\/\/gator4082.temp.domains\/~aquatiss\/?post_type=product&#038;p=10471"},"modified":"2018-01-10T08:08:56","modified_gmt":"2018-01-10T08:08:56","slug":"porte-balai-mural-serie-flat","status":"publish","type":"product","link":"https:\/\/aquatiss.com.tn\/fr\/produit\/porte-balai-mural-serie-flat\/","title":{"rendered":"Porte balai mural s\u00e9rie Flat"},"content":{"rendered":"<h4>Porte balai mural s\u00e9rie Flat<\/h4>\n<p>Les accessoires de salle de bains Flat ont un design intemporel. Leur forme \u00e9l\u00e9gante<\/p>\n<p>et la finition en inox brillant rend ces accessoires jamais sortir de style,<\/p>\n<p>et survivra \u00e0 votre salle de bains avec facilit\u00e9.<\/p>\n<p>Les portes balai de cette s\u00e9rie se caract\u00e9rise par :<\/p>\n<p><span id=\"result_box\" class=\"\" lang=\"fr\" tabindex=\"-1\"><strong>1-Entretien facile<\/strong><\/span><\/p>\n<p><span id=\"result_box\" class=\"\" lang=\"fr\" tabindex=\"-1\">Facilement retir\u00e9 du\u00a0 pour le nettoyage. Un capuchon sur la poign\u00e9e bloque la vue int\u00e9rieure du r\u00e9cipient et assure que la brosse reste correctement positionn\u00e9e.<\/span><\/p>\n<p>&nbsp;<\/p>\n<p><span id=\"result_box\" class=\"\" lang=\"fr\" tabindex=\"-1\"><strong>2-Une couleur dure <\/strong><\/span><\/p>\n<p><span id=\"result_box\" class=\"\" lang=\"fr\" tabindex=\"-1\">Pour un effet de luxe<\/span><\/p>\n<p><span id=\"result_box\" class=\"\" lang=\"fr\" tabindex=\"-1\"><br \/>\n<\/span><strong><span class=\"\">3-Installation murale:\u00a0<\/span><\/strong><\/p>\n<p><span id=\"result_box\" class=\"\" lang=\"fr\" tabindex=\"-1\"><span class=\"\">Le porte-balai Flat est mont\u00e9 avec une plaque en m\u00e9tal qui est viss\u00e9e au mur.<\/span>\u00a0<span class=\"\">Le porte-balai est accroch\u00e9 \u00e0 cette plaque et fix\u00e9 par une vis de r\u00e9glage.<\/span><\/span><\/p>\n","protected":false},"excerpt":{"rendered":"<p>Entretien facile<br \/>\nCouleur dure<br \/>\nInstallation murale <\/p>\n","protected":false},"featured_media":10491,"comment_status":"open","ping_status":"closed","template":"","meta":[],"product_cat":[91],"product_tag":[1353,831,1354],"class_list":["post-10471","product","type-product","status-publish","has-post-thumbnail","hentry","product_cat-portes-balai","product_tag-accessoires-de-salle-de-bain","product_tag-porte-balai","product_tag-serie-flat","pa_domaine-hotel","pa_serie-flat"],"_links":{"self":[{"href":"https:\/\/aquatiss.com.tn\/fr\/wp-json\/wp\/v2\/product\/10471","targetHints":{"allow":["GET"]}}],"collection":[{"href":"https:\/\/aquatiss.com.tn\/fr\/wp-json\/wp\/v2\/product"}],"about":[{"href":"https:\/\/aquatiss.com.tn\/fr\/wp-json\/wp\/v2\/types\/product"}],"replies":[{"embeddable":true,"href":"https:\/\/aquatiss.com.tn\/fr\/wp-json\/wp\/v2\/comments?post=10471"}],"wp:featuredmedia":[{"embeddable":true,"href":"https:\/\/aquatiss.com.tn\/fr\/wp-json\/wp\/v2\/media\/10491"}],"wp:attachment":[{"href":"https:\/\/aquatiss.com.tn\/fr\/wp-json\/wp\/v2\/media?parent=10471"}],"wp:term":[{"taxonomy":"product_cat","embeddable":true,"href":"https:\/\/aquatiss.com.tn\/fr\/wp-json\/wp\/v2\/product_cat?post=10471"},{"taxonomy":"product_tag","embeddable":true,"href":"https:\/\/aquatiss.com.tn\/fr\/wp-json\/wp\/v2\/product_tag?post=10471"}],"curies":[{"name":"wp","href":"https:\/\/api.w.org\/{rel}","templated":true}]}}