{"id":10475,"date":"2018-01-10T09:00:25","date_gmt":"2018-01-10T09:00:25","guid":{"rendered":"http:\/\/gator4082.temp.domains\/~aquatiss\/?post_type=product&#038;p=10475"},"modified":"2018-01-10T09:00:25","modified_gmt":"2018-01-10T09:00:25","slug":"porte-rouleau-mural-flat","status":"publish","type":"product","link":"https:\/\/aquatiss.com.tn\/fr\/produit\/porte-rouleau-mural-flat\/","title":{"rendered":"Porte rouleau mural Flat"},"content":{"rendered":"<h4>Porte rouleau mural Flat<\/h4>\n<p>Les accessoires de salle de bains Flat ont un design intemporel. Leur forme \u00e9l\u00e9gante<br \/>\net la finition en inox brillant rend ces accessoires jamais sortir de style,<br \/>\net survivra \u00e0 votre salle de bains avec facilit\u00e9.<\/p>\n<p><strong>Avec couvercle pour arracher facilement du papier<\/strong><\/p>\n<p>Avec le couvercle mobile il est facile de d\u00e9chirer le papier de toilette. M\u00eame si vous n&rsquo;avez qu&rsquo;une seule main disponible.<\/p>\n<p><strong>Installation facile murale<\/strong><\/p>\n<p>Le porte-rouleau Flat est mont\u00e9 avec une plaque qui est viss\u00e9e au mur.<\/p>\n<p>Le porte-rouleau est accroch\u00e9 \u00e0 cette plaque et fix\u00e9 par une vis de r\u00e9glage.<\/p>\n","protected":false},"excerpt":{"rendered":"<p>Avec couvercle pour arracher facilement du papier<br \/>\nInstallation facile murale<\/p>\n","protected":false},"featured_media":10476,"comment_status":"open","ping_status":"closed","template":"","meta":[],"product_cat":[270],"product_tag":[1353,1358,1354],"class_list":["post-10475","product","type-product","status-publish","has-post-thumbnail","hentry","product_cat-porte-papier-toilette","product_tag-accessoires-de-salle-de-bain","product_tag-porte-rouleau","product_tag-serie-flat","pa_domaine-hotel","pa_serie-flat"],"_links":{"self":[{"href":"https:\/\/aquatiss.com.tn\/fr\/wp-json\/wp\/v2\/product\/10475","targetHints":{"allow":["GET"]}}],"collection":[{"href":"https:\/\/aquatiss.com.tn\/fr\/wp-json\/wp\/v2\/product"}],"about":[{"href":"https:\/\/aquatiss.com.tn\/fr\/wp-json\/wp\/v2\/types\/product"}],"replies":[{"embeddable":true,"href":"https:\/\/aquatiss.com.tn\/fr\/wp-json\/wp\/v2\/comments?post=10475"}],"wp:featuredmedia":[{"embeddable":true,"href":"https:\/\/aquatiss.com.tn\/fr\/wp-json\/wp\/v2\/media\/10476"}],"wp:attachment":[{"href":"https:\/\/aquatiss.com.tn\/fr\/wp-json\/wp\/v2\/media?parent=10475"}],"wp:term":[{"taxonomy":"product_cat","embeddable":true,"href":"https:\/\/aquatiss.com.tn\/fr\/wp-json\/wp\/v2\/product_cat?post=10475"},{"taxonomy":"product_tag","embeddable":true,"href":"https:\/\/aquatiss.com.tn\/fr\/wp-json\/wp\/v2\/product_tag?post=10475"}],"curies":[{"name":"wp","href":"https:\/\/api.w.org\/{rel}","templated":true}]}}