{"id":10480,"date":"2018-01-10T08:53:00","date_gmt":"2018-01-10T08:53:00","guid":{"rendered":"http:\/\/gator4082.temp.domains\/~aquatiss\/?post_type=product&#038;p=10480"},"modified":"2018-01-10T08:55:29","modified_gmt":"2018-01-10T08:55:29","slug":"porte-savon-mural-flat","status":"publish","type":"product","link":"https:\/\/aquatiss.com.tn\/fr\/produit\/porte-savon-mural-flat\/","title":{"rendered":"Porte savon mural Flat"},"content":{"rendered":"<p>&nbsp;<\/p>\n<h4>Porte savon mural Flat<\/h4>\n<p>Les accessoires de salle de bains Flat ont un design intemporel. Leur forme \u00e9l\u00e9gante<br \/>\net la finition en inox brillant rend ces accessoires jamais sortir de style,<br \/>\net survivra \u00e0 votre salle de bains avec facilit\u00e9.<\/p>\n<p><strong>Installation facile murale<\/strong><\/p>\n<p>Porte savon mural Flat est\u00a0mont\u00e9 avec une plaque qui est viss\u00e9e au mur.<\/p>\n<p>IL\u00a0est accroch\u00e9 \u00e0 cette plaque et fix\u00e9 par une vis de r\u00e9glage.<\/p>\n","protected":false},"excerpt":{"rendered":"<p>Les accessoires de salle de bains Flat ont un design intemporel. Leur forme \u00e9l\u00e9gante<br \/>\net la finition en inox brillant rend ces accessoires jamais sortir de style,<\/p>\n","protected":false},"featured_media":10481,"comment_status":"open","ping_status":"closed","template":"","meta":[],"product_cat":[1163],"product_tag":[1353,1164,1354],"class_list":["post-10480","product","type-product","status-publish","has-post-thumbnail","hentry","product_cat-porte-savon","product_tag-accessoires-de-salle-de-bain","product_tag-porte-savon","product_tag-serie-flat","pa_domaine-hotel","pa_serie-flat"],"_links":{"self":[{"href":"https:\/\/aquatiss.com.tn\/fr\/wp-json\/wp\/v2\/product\/10480","targetHints":{"allow":["GET"]}}],"collection":[{"href":"https:\/\/aquatiss.com.tn\/fr\/wp-json\/wp\/v2\/product"}],"about":[{"href":"https:\/\/aquatiss.com.tn\/fr\/wp-json\/wp\/v2\/types\/product"}],"replies":[{"embeddable":true,"href":"https:\/\/aquatiss.com.tn\/fr\/wp-json\/wp\/v2\/comments?post=10480"}],"wp:featuredmedia":[{"embeddable":true,"href":"https:\/\/aquatiss.com.tn\/fr\/wp-json\/wp\/v2\/media\/10481"}],"wp:attachment":[{"href":"https:\/\/aquatiss.com.tn\/fr\/wp-json\/wp\/v2\/media?parent=10480"}],"wp:term":[{"taxonomy":"product_cat","embeddable":true,"href":"https:\/\/aquatiss.com.tn\/fr\/wp-json\/wp\/v2\/product_cat?post=10480"},{"taxonomy":"product_tag","embeddable":true,"href":"https:\/\/aquatiss.com.tn\/fr\/wp-json\/wp\/v2\/product_tag?post=10480"}],"curies":[{"name":"wp","href":"https:\/\/api.w.org\/{rel}","templated":true}]}}