{"id":10506,"date":"2018-01-10T10:20:47","date_gmt":"2018-01-10T10:20:47","guid":{"rendered":"http:\/\/gator4082.temp.domains\/~aquatiss\/?post_type=product&#038;p=10506"},"modified":"2018-01-10T10:21:35","modified_gmt":"2018-01-10T10:21:35","slug":"verre-a-dent-serie-suite","status":"publish","type":"product","link":"https:\/\/aquatiss.com.tn\/fr\/produit\/verre-a-dent-serie-suite\/","title":{"rendered":"Verre \u00e0 dent s\u00e9rie Suite"},"content":{"rendered":"<h4>Verre \u00e0 dent s\u00e9rie Suite<\/h4>\n<p><em><strong>Tout organiser dans la salle de bains Avec la s\u00e9rie Suite!!<\/strong><\/em><br \/>\nMarre de renverser le shampooing dans la douche ou de ne jamais trouver votre serviette en sortant? Avec des accessoires salle de bain comme des \u00e9tag\u00e8res de douche, des porte-serviettes et des porte-brosses \u00e0 dents, vous garderez tout sous contr\u00f4le.<\/p>\n<p><em><strong>Attribuez une place \u00e0 chaque chose et facilitez en beaut\u00e9 la routine matinale !<\/strong><\/em><\/p>\n<p>Leur forme \u00e9l\u00e9gante et la finition en chrome brillant rend ces accessoires jamais sortir de style, et survivra \u00e0 votre salle de bains avec facilit\u00e9. Les porte-serviettes\u00a0<span class=\"\">en sont un parfait exemple.<\/span><\/p>\n<p><strong>Fixation murale simple\u00a0<\/strong><\/p>\n<p>Ce porte-gobelet (\u00e0 placer au mur) offre un look intemporel.<br \/>\nFabriqu\u00e9 en verre transparent, le gobelet est facile \u00e0 retirer et tient parfaitement en place .<br \/>\nLe gobelet a en outre \u00e9t\u00e9 test\u00e9 et satisfait aux normes europ\u00e9ennes pour les articles entrant en contact avec les aliments.<br \/>\nCela signifie que le gobelet ne lib\u00e8re aucune substance dangereuse et qu&rsquo;il peut parfaitement \u00eatre utilis\u00e9 pour boire.<\/p>\n","protected":false},"excerpt":{"rendered":"<p>Ce porte-gobelet (\u00e0 placer au mur) offre un look intemporel.<br \/>\nFabriqu\u00e9 en verre transparent, le gobelet est facile \u00e0 retirer et tient parfaitement en place .<\/p>\n","protected":false},"featured_media":10505,"comment_status":"open","ping_status":"closed","template":"","meta":[],"product_cat":[1357],"product_tag":[1353,1356,1361],"class_list":["post-10506","product","type-product","status-publish","has-post-thumbnail","hentry","product_cat-porte-verre-a-dents","product_tag-accessoires-de-salle-de-bain","product_tag-porte-verre-a-dents","product_tag-serie-suite","pa_domaine-hotel","pa_serie-suite"],"_links":{"self":[{"href":"https:\/\/aquatiss.com.tn\/fr\/wp-json\/wp\/v2\/product\/10506","targetHints":{"allow":["GET"]}}],"collection":[{"href":"https:\/\/aquatiss.com.tn\/fr\/wp-json\/wp\/v2\/product"}],"about":[{"href":"https:\/\/aquatiss.com.tn\/fr\/wp-json\/wp\/v2\/types\/product"}],"replies":[{"embeddable":true,"href":"https:\/\/aquatiss.com.tn\/fr\/wp-json\/wp\/v2\/comments?post=10506"}],"wp:featuredmedia":[{"embeddable":true,"href":"https:\/\/aquatiss.com.tn\/fr\/wp-json\/wp\/v2\/media\/10505"}],"wp:attachment":[{"href":"https:\/\/aquatiss.com.tn\/fr\/wp-json\/wp\/v2\/media?parent=10506"}],"wp:term":[{"taxonomy":"product_cat","embeddable":true,"href":"https:\/\/aquatiss.com.tn\/fr\/wp-json\/wp\/v2\/product_cat?post=10506"},{"taxonomy":"product_tag","embeddable":true,"href":"https:\/\/aquatiss.com.tn\/fr\/wp-json\/wp\/v2\/product_tag?post=10506"}],"curies":[{"name":"wp","href":"https:\/\/api.w.org\/{rel}","templated":true}]}}