{"id":10510,"date":"2018-01-10T10:37:45","date_gmt":"2018-01-10T10:37:45","guid":{"rendered":"http:\/\/gator4082.temp.domains\/~aquatiss\/produit\/porte-serviette-droite-double-serie-suite\/"},"modified":"2021-11-17T15:55:43","modified_gmt":"2021-11-17T15:55:43","slug":"porte-serviette-droite-double-serie-suite","status":"publish","type":"product","link":"https:\/\/aquatiss.com.tn\/fr\/produit\/porte-serviette-droite-double-serie-suite\/","title":{"rendered":"Porte serviette droite double s\u00e9rie Suite"},"content":{"rendered":"<h4>Porte serviette droite double s\u00e9rie Suite<\/h4>\n<p><em><strong>Tout organiser dans la salle de bains Avec la s\u00e9rie Suite!!<\/strong><\/em><br \/>\nMarre de renverser le shampoing dans la douche ou de ne jamais trouver votre serviette en sortant? Avec des accessoires salle de bain comme des \u00e9tag\u00e8res de douche, des porte-serviettes et des porte-brosses \u00e0 dents, vous garderez tout sous contr\u00f4le.<\/p>\n<p><em><strong>Attribuez une place \u00e0 chaque chose et facilitez en beaut\u00e9 la routine matinale !<\/strong><\/em><\/p>\n<p>Leur forme \u00e9l\u00e9gante et la finition en chrome brillant rend ces accessoires jamais sortir de style, et survivra \u00e0 votre salle de bains avec facilit\u00e9. Les porte-serviettes\u00a0<span class=\"\">en sont un parfait exemple.<\/span><\/p>\n<p><span id=\"result_box\" class=\"\" lang=\"fr\" tabindex=\"-1\"><strong>Utilisation flexible d&rsquo;espace limit\u00e9<\/strong><\/span><\/p>\n<p><span id=\"result_box\" class=\"\" lang=\"fr\" tabindex=\"-1\">Un espace minimum est suffisant pour cr\u00e9er un endroit de s\u00e9chage pour les serviettes.\u00a0<\/span><br \/>\n<span id=\"result_box\" class=\"\" lang=\"fr\" tabindex=\"-1\">Il est possible de choisir l&rsquo;espace entre deux serviettes vous-m\u00eame, selon le besoin.<\/span><br \/>\n<strong><span class=\"\">Installation facile<\/span><\/strong><br \/>\nPorte serviette double avec fixation murale.<\/p>\n","protected":false},"excerpt":{"rendered":"<p>Double:Utilisation flexible d&rsquo;espace limit\u00e9<br \/>\nInstallation facile murale<\/p>\n","protected":false},"featured_media":10596,"comment_status":"open","ping_status":"closed","template":"","meta":[],"product_cat":[94],"product_tag":[1353,1107,1361],"class_list":["post-10510","product","type-product","status-publish","has-post-thumbnail","hentry","product_cat-porte-serviette","product_tag-accessoires-de-salle-de-bain","product_tag-porte-serviette","product_tag-serie-suite","pa_domaine-hotel","pa_serie-suite"],"_links":{"self":[{"href":"https:\/\/aquatiss.com.tn\/fr\/wp-json\/wp\/v2\/product\/10510","targetHints":{"allow":["GET"]}}],"collection":[{"href":"https:\/\/aquatiss.com.tn\/fr\/wp-json\/wp\/v2\/product"}],"about":[{"href":"https:\/\/aquatiss.com.tn\/fr\/wp-json\/wp\/v2\/types\/product"}],"replies":[{"embeddable":true,"href":"https:\/\/aquatiss.com.tn\/fr\/wp-json\/wp\/v2\/comments?post=10510"}],"wp:featuredmedia":[{"embeddable":true,"href":"https:\/\/aquatiss.com.tn\/fr\/wp-json\/wp\/v2\/media\/10596"}],"wp:attachment":[{"href":"https:\/\/aquatiss.com.tn\/fr\/wp-json\/wp\/v2\/media?parent=10510"}],"wp:term":[{"taxonomy":"product_cat","embeddable":true,"href":"https:\/\/aquatiss.com.tn\/fr\/wp-json\/wp\/v2\/product_cat?post=10510"},{"taxonomy":"product_tag","embeddable":true,"href":"https:\/\/aquatiss.com.tn\/fr\/wp-json\/wp\/v2\/product_tag?post=10510"}],"curies":[{"name":"wp","href":"https:\/\/api.w.org\/{rel}","templated":true}]}}