{"id":10795,"date":"2018-01-16T15:44:28","date_gmt":"2018-01-16T15:44:28","guid":{"rendered":"http:\/\/gator4082.temp.domains\/~aquatiss\/?post_type=product&#038;p=10795"},"modified":"2018-01-16T15:47:32","modified_gmt":"2018-01-16T15:47:32","slug":"tableau-daffichage-sur-roulette","status":"publish","type":"product","link":"https:\/\/aquatiss.com.tn\/fr\/produit\/tableau-daffichage-sur-roulette\/","title":{"rendered":"Tableau d&rsquo;affichage  sur roulette"},"content":{"rendered":"<p>Tableau d&rsquo;affichage \u00a0sur roulette<\/p>\n<p><em><strong>Formez votre espace!! surtout d\u00e9finissez votre espace de travail<\/strong><\/em><\/p>\n<p>Les panneaux offrent une gamme des options esth\u00e9tiques et de repr\u00e9sentation.<\/p>\n<p>Tableau brillant effa\u00e7ables \u00e0 sec permettant la fixation magn\u00e9tique (aiment en option)<br \/>\nSurface tr\u00e8s lisse<br \/>\nStructure en aluminium naturel couleur gris ou blanc<br \/>\nTableaux recommand\u00e9s pour un usage fr\u00e9quent<br \/>\nDimension tableau HxL 90x60cm<br \/>\nDimension tableau sur chevalet hors tout HxLxP 180x90x50cm<\/p>\n<h4>Option:<\/h4>\n<p>Porte brochure format A4 mural en plexi d\u00e9coupe laser transparent \u00a0R\u00e9f. 426.2630,<br \/>\nAimant.<\/p>\n","protected":false},"excerpt":{"rendered":"<p>Tableau d&rsquo;affichage \u00a0sur roulette<br \/>\nTableau brillant effa\u00e7ables \u00e0 sec permettant la fixation magn\u00e9tique (aiment en option)<br \/>\nSurface tr\u00e8s lisse<\/p>\n","protected":false},"featured_media":10796,"comment_status":"open","ping_status":"closed","template":"","meta":[],"product_cat":[612],"product_tag":[671],"class_list":["post-10795","product","type-product","status-publish","has-post-thumbnail","hentry","product_cat-chevalet-de-conference","product_tag-tableau","pa_domaine-collectivites","pa_domaine-entreprise","pa_domaine-medical"],"_links":{"self":[{"href":"https:\/\/aquatiss.com.tn\/fr\/wp-json\/wp\/v2\/product\/10795","targetHints":{"allow":["GET"]}}],"collection":[{"href":"https:\/\/aquatiss.com.tn\/fr\/wp-json\/wp\/v2\/product"}],"about":[{"href":"https:\/\/aquatiss.com.tn\/fr\/wp-json\/wp\/v2\/types\/product"}],"replies":[{"embeddable":true,"href":"https:\/\/aquatiss.com.tn\/fr\/wp-json\/wp\/v2\/comments?post=10795"}],"wp:featuredmedia":[{"embeddable":true,"href":"https:\/\/aquatiss.com.tn\/fr\/wp-json\/wp\/v2\/media\/10796"}],"wp:attachment":[{"href":"https:\/\/aquatiss.com.tn\/fr\/wp-json\/wp\/v2\/media?parent=10795"}],"wp:term":[{"taxonomy":"product_cat","embeddable":true,"href":"https:\/\/aquatiss.com.tn\/fr\/wp-json\/wp\/v2\/product_cat?post=10795"},{"taxonomy":"product_tag","embeddable":true,"href":"https:\/\/aquatiss.com.tn\/fr\/wp-json\/wp\/v2\/product_tag?post=10795"}],"curies":[{"name":"wp","href":"https:\/\/api.w.org\/{rel}","templated":true}]}}