{"id":10823,"date":"2018-01-20T10:14:45","date_gmt":"2018-01-20T10:14:45","guid":{"rendered":"http:\/\/gator4082.temp.domains\/~aquatiss\/?post_type=product&#038;p=10823"},"modified":"2019-04-26T10:58:25","modified_gmt":"2019-04-26T10:58:25","slug":"distributeur-de-papier-en-abs-blanc-jofel","status":"publish","type":"product","link":"https:\/\/aquatiss.com.tn\/fr\/produit\/distributeur-de-papier-en-abs-blanc-jofel\/","title":{"rendered":"Distributeur de papier en ABS blanc JOFEL"},"content":{"rendered":"<p>Distributeur de papier en ABS blanc JOFEL<br \/>\nDistributeur de papier- d\u00e9vidage central.<\/p>\n<h4>Sp\u00e9cifications:<\/h4>\n<p>Fabriqu\u00e9 en ABS blanc de haute qualit\u00e9 et r\u00e9sistance.<br \/>\nFermeture \u00e0 cl\u00e9 et de forme l\u00e9g\u00e8rement tronconique.<br \/>\nUne Bobine d&rsquo;appui lat\u00e9ral et sans mandrin est\u00a0 requise pour distribuer le papier par le centre de la base.<br \/>\nEn effet, il est int\u00e9gr\u00e9 dans la ligne classique largement consolid\u00e9e et accept\u00e9e.<br \/>\nBien que la bobine se place, une fois le mandrin est retir\u00e9.<br \/>\nLe papier est distribu\u00e9 par le centre de la bobine et la partie inf\u00e9rieure centrale.<\/p>\n<h4>Points forts:<\/h4>\n<p>Donc le distributeur de papier Jovel est facile \u00e0 nettoyer et de longue dur\u00e9e<br \/>\nfacile d&rsquo;acc\u00e8s et recharge rapide de la bobine.<br \/>\nHygi\u00e8ne maximale: seul le papier extrait et utilis\u00e9 est touch\u00e9.<br \/>\nFacile d&rsquo;entretien<br \/>\nIndiqu\u00e9 pour les \u00e9tablissements hautement fr\u00e9quent\u00e9s.<\/p>\n<p>Particuli\u00e8rement recommand\u00e9 pour les h\u00f4tels, les restaurants, les bars, les ateliers, les usines, les h\u00f4pitaux, les cliniques, les laboratoires.<\/p>\n<h4>Papier adapt\u00e9:<\/h4>\n<p>Bobines de \u00d8 maximum de 205 mm<\/p>\n<p>&nbsp;<\/p>\n","protected":false},"excerpt":{"rendered":"<p>Distributeur de papier en ABS blanc JOFEL<br \/>\nDistributeur de papier- d\u00e9vidage central<br \/>\nFermeture \u00e0 cl\u00e9<\/p>\n<h4>Papier adapt\u00e9:<\/h4>\n<p>Bobines de \u00d8 maximum de 205 mm<\/p>\n","protected":false},"featured_media":11416,"comment_status":"open","ping_status":"closed","template":"","meta":[],"product_cat":[120],"product_tag":[237,1416],"class_list":["post-10823","product","type-product","status-publish","has-post-thumbnail","hentry","product_cat-distributeur-papier","product_tag-distributeur-de-papier","product_tag-jofel","pa_domaine-collectivites","pa_domaine-entreprise","pa_domaine-food","pa_domaine-hotel","pa_domaine-industrie","pa_domaine-medical"],"_links":{"self":[{"href":"https:\/\/aquatiss.com.tn\/fr\/wp-json\/wp\/v2\/product\/10823","targetHints":{"allow":["GET"]}}],"collection":[{"href":"https:\/\/aquatiss.com.tn\/fr\/wp-json\/wp\/v2\/product"}],"about":[{"href":"https:\/\/aquatiss.com.tn\/fr\/wp-json\/wp\/v2\/types\/product"}],"replies":[{"embeddable":true,"href":"https:\/\/aquatiss.com.tn\/fr\/wp-json\/wp\/v2\/comments?post=10823"}],"wp:featuredmedia":[{"embeddable":true,"href":"https:\/\/aquatiss.com.tn\/fr\/wp-json\/wp\/v2\/media\/11416"}],"wp:attachment":[{"href":"https:\/\/aquatiss.com.tn\/fr\/wp-json\/wp\/v2\/media?parent=10823"}],"wp:term":[{"taxonomy":"product_cat","embeddable":true,"href":"https:\/\/aquatiss.com.tn\/fr\/wp-json\/wp\/v2\/product_cat?post=10823"},{"taxonomy":"product_tag","embeddable":true,"href":"https:\/\/aquatiss.com.tn\/fr\/wp-json\/wp\/v2\/product_tag?post=10823"}],"curies":[{"name":"wp","href":"https:\/\/api.w.org\/{rel}","templated":true}]}}