{"id":10890,"date":"2018-01-24T09:08:21","date_gmt":"2018-01-24T09:08:21","guid":{"rendered":"http:\/\/gator4082.temp.domains\/~aquatiss\/produit\/bouilloire-evolution-noir-06-l\/"},"modified":"2018-01-24T10:01:54","modified_gmt":"2018-01-24T10:01:54","slug":"bouilloire-evolution-noir-06-l","status":"publish","type":"product","link":"https:\/\/aquatiss.com.tn\/fr\/produit\/bouilloire-evolution-noir-06-l\/","title":{"rendered":"Bouilloire Evolution  NOIR 0,6 L"},"content":{"rendered":"<p>Bouilloire Evolution  NOIR 0,6 L<br \/>\nBouilloire certifi\u00e9e sans Bisph\u00e9nol A<br \/>\n\u00e9conomique et respectueuse de l&rsquo;environnement.<\/p>\n<h4>Mat\u00e9riau :<\/h4>\n<p>Thermoplastique ; Indicateur niveau d&rsquo;eau : marquage int\u00e9rieur ; Filtre ;<\/p>\n<h4>Sp\u00e9cification:<\/h4>\n<p>Diam\u00e8tre d&rsquo;ouverture : 10,5cm<br \/>\nDiam\u00e8tre de la base : 13,5cm<br \/>\nHauteur : 21,4cm<br \/>\nPuissance : 1100 W.<br \/>\n\u00c9quip\u00e9e d&rsquo;une cuve en inox et d&rsquo;une enveloppe en plastique, cette double peau \u00e9vite tout risque de br\u00fblure des mains.<br \/>\n<strong>Garantie 2 ans<\/strong><\/p>\n","protected":false},"excerpt":{"rendered":"<p>Bouilloire Evolution  NOIR 0,6 L<br \/>\nBouilloire certifi\u00e9e sans Bisph\u00e9nol A<br \/>\n\u00e9conomique et respectueuse de l&#039;environnement<\/p>\n<p>Garantie 2 ans<\/p>\n","protected":false},"featured_media":10892,"comment_status":"open","ping_status":"closed","template":"","meta":[],"product_cat":[507],"product_tag":[1304],"class_list":["post-10890","product","type-product","status-publish","has-post-thumbnail","hentry","product_cat-bouilloire-individuelle","product_tag-bouilloire","pa_color-noir","pa_contenance-0-6l","pa_domaine-hotel","pa_puissance-1100w"],"_links":{"self":[{"href":"https:\/\/aquatiss.com.tn\/fr\/wp-json\/wp\/v2\/product\/10890","targetHints":{"allow":["GET"]}}],"collection":[{"href":"https:\/\/aquatiss.com.tn\/fr\/wp-json\/wp\/v2\/product"}],"about":[{"href":"https:\/\/aquatiss.com.tn\/fr\/wp-json\/wp\/v2\/types\/product"}],"replies":[{"embeddable":true,"href":"https:\/\/aquatiss.com.tn\/fr\/wp-json\/wp\/v2\/comments?post=10890"}],"wp:featuredmedia":[{"embeddable":true,"href":"https:\/\/aquatiss.com.tn\/fr\/wp-json\/wp\/v2\/media\/10892"}],"wp:attachment":[{"href":"https:\/\/aquatiss.com.tn\/fr\/wp-json\/wp\/v2\/media?parent=10890"}],"wp:term":[{"taxonomy":"product_cat","embeddable":true,"href":"https:\/\/aquatiss.com.tn\/fr\/wp-json\/wp\/v2\/product_cat?post=10890"},{"taxonomy":"product_tag","embeddable":true,"href":"https:\/\/aquatiss.com.tn\/fr\/wp-json\/wp\/v2\/product_tag?post=10890"}],"curies":[{"name":"wp","href":"https:\/\/api.w.org\/{rel}","templated":true}]}}