{"id":1099,"date":"2016-12-06T17:23:01","date_gmt":"2016-12-06T17:23:01","guid":{"rendered":"http:\/\/gator4082.temp.domains\/~aquatiss\/?post_type=product&#038;p=1099"},"modified":"2022-06-15T09:39:46","modified_gmt":"2022-06-15T09:39:46","slug":"compteuse-de-billet","status":"publish","type":"product","link":"https:\/\/aquatiss.com.tn\/fr\/produit\/compteuse-de-billet\/","title":{"rendered":"Compteuse de billet"},"content":{"rendered":"<h4>Compteuse de billet avec \u00e9cran LCD<\/h4>\n<p>Vitesse de comptage: 1000 billets par minute<br \/>\nD\u00e9tection et signalisation des faux billets par Ultra Violet<br \/>\nD\u00e9tection par MG<br \/>\nComptage libre ou par pr\u00e9s\u00e9lection<br \/>\nPr\u00e9 programmation de lot de 1 \u00e0 999 par clavier num\u00e9rique<br \/>\n9 r\u00e9glages de niveau de densit\u00e9<br \/>\nR\u00e9glage de l&rsquo;\u00e9paisseur par bouton gradu\u00e9 manuel<br \/>\nAffichage des messages d&rsquo;erreur<br \/>\nD\u00e9tection des billets pli\u00e9s<br \/>\nCapacit\u00e9 d&rsquo;alimentation : 100 billets<br \/>\nAffichage de pr\u00e9s\u00e9lection par 3 digits<br \/>\nAffichage de comptage par 4 digits<br \/>\nPoign\u00e9e de transport amovible<\/p>\n","protected":false},"excerpt":{"rendered":"<p>Compteuse de billet avec \u00e9cran LCD<br \/>\nD\u00e9tection et signalisation des faux billets par Ultra Violet<br \/>\nCapacit\u00e9 d&rsquo;alimentation : 100 billets<\/p>\n","protected":false},"featured_media":13117,"comment_status":"open","ping_status":"closed","template":"","meta":[],"product_cat":[219,220,153],"product_tag":[246],"class_list":["post-1099","product","type-product","status-publish","has-post-thumbnail","hentry","product_cat-compteuse","product_cat-compteuse-de-billets","product_cat-securite","product_tag-compteuse-de-billets","pa_alimentation-electrique-ac-220v-50hz","pa_consommation-70-w","pa_dimension-des-billets-50x110mmx-90x190mm","pa_domaine-entreprise","pa_domaine-hotel","pa_domaine-industrie"],"_links":{"self":[{"href":"https:\/\/aquatiss.com.tn\/fr\/wp-json\/wp\/v2\/product\/1099","targetHints":{"allow":["GET"]}}],"collection":[{"href":"https:\/\/aquatiss.com.tn\/fr\/wp-json\/wp\/v2\/product"}],"about":[{"href":"https:\/\/aquatiss.com.tn\/fr\/wp-json\/wp\/v2\/types\/product"}],"replies":[{"embeddable":true,"href":"https:\/\/aquatiss.com.tn\/fr\/wp-json\/wp\/v2\/comments?post=1099"}],"wp:featuredmedia":[{"embeddable":true,"href":"https:\/\/aquatiss.com.tn\/fr\/wp-json\/wp\/v2\/media\/13117"}],"wp:attachment":[{"href":"https:\/\/aquatiss.com.tn\/fr\/wp-json\/wp\/v2\/media?parent=1099"}],"wp:term":[{"taxonomy":"product_cat","embeddable":true,"href":"https:\/\/aquatiss.com.tn\/fr\/wp-json\/wp\/v2\/product_cat?post=1099"},{"taxonomy":"product_tag","embeddable":true,"href":"https:\/\/aquatiss.com.tn\/fr\/wp-json\/wp\/v2\/product_tag?post=1099"}],"curies":[{"name":"wp","href":"https:\/\/api.w.org\/{rel}","templated":true}]}}