{"id":1110,"date":"2016-12-08T10:48:54","date_gmt":"2016-12-08T09:48:54","guid":{"rendered":"http:\/\/gator4082.temp.domains\/~aquatiss\/?post_type=product&#038;p=1110"},"modified":"2017-12-14T13:30:03","modified_gmt":"2017-12-14T13:30:03","slug":"compteuse-de-billets-4","status":"publish","type":"product","link":"https:\/\/aquatiss.com.tn\/fr\/produit\/compteuse-de-billets-4\/","title":{"rendered":"Compteuse de billets"},"content":{"rendered":"<p>Vitesse de compteuse: 1000 billets par minute<br \/>\nD\u00e9tection et signalisation des faux billets par Ultra Violet<br \/>\nComptage libre ou par pr\u00e9s\u00e9lection<br \/>\nPr\u00e9 programmation de lot de 1 \u00e0 999 par clavier num\u00e9rique<br \/>\nMode accumulation<br \/>\nR\u00e9glage de l&rsquo;\u00e9paisseur par bouton gradu\u00e9 manuel<br \/>\nAffichage des messages d&rsquo;erreur<br \/>\nD\u00e9tection des demi billets<br \/>\nCapacit\u00e9 d&rsquo;alimentation: 200 billets<br \/>\nAffichage de pr\u00e9s\u00e9lection par 3 digits<br \/>\nAffichage de comptage par 4 digits<br \/>\nPoign\u00e9e de transport amovible<\/p>\n","protected":false},"excerpt":{"rendered":"<p>Compteuse de billets<br \/>\nVitesse de comptage: 1000 billets par minute<br \/>\nD\u00e9tection et signalisation des faux billets par Ultra Violet<br \/>\nCapacit\u00e9 d&#039;alimentation : 200 billets<\/p>\n","protected":false},"featured_media":1564,"comment_status":"open","ping_status":"closed","template":"","meta":[],"product_cat":[219,220,153],"product_tag":[246],"class_list":["post-1110","product","type-product","status-publish","has-post-thumbnail","hentry","product_cat-compteuse","product_cat-compteuse-de-billets","product_cat-securite","product_tag-compteuse-de-billets","pa_alimentation-electrique-ac-230v-50-hz","pa_consommation-65-w","pa_dimension-des-billets-50x110mmx-90x190mm","pa_domaine-entreprise","pa_domaine-hotel","pa_domaine-industrie","pa_domaine-medical"],"_links":{"self":[{"href":"https:\/\/aquatiss.com.tn\/fr\/wp-json\/wp\/v2\/product\/1110","targetHints":{"allow":["GET"]}}],"collection":[{"href":"https:\/\/aquatiss.com.tn\/fr\/wp-json\/wp\/v2\/product"}],"about":[{"href":"https:\/\/aquatiss.com.tn\/fr\/wp-json\/wp\/v2\/types\/product"}],"replies":[{"embeddable":true,"href":"https:\/\/aquatiss.com.tn\/fr\/wp-json\/wp\/v2\/comments?post=1110"}],"wp:featuredmedia":[{"embeddable":true,"href":"https:\/\/aquatiss.com.tn\/fr\/wp-json\/wp\/v2\/media\/1564"}],"wp:attachment":[{"href":"https:\/\/aquatiss.com.tn\/fr\/wp-json\/wp\/v2\/media?parent=1110"}],"wp:term":[{"taxonomy":"product_cat","embeddable":true,"href":"https:\/\/aquatiss.com.tn\/fr\/wp-json\/wp\/v2\/product_cat?post=1110"},{"taxonomy":"product_tag","embeddable":true,"href":"https:\/\/aquatiss.com.tn\/fr\/wp-json\/wp\/v2\/product_tag?post=1110"}],"curies":[{"name":"wp","href":"https:\/\/api.w.org\/{rel}","templated":true}]}}