{"id":1120,"date":"2016-12-08T14:20:49","date_gmt":"2016-12-08T13:20:49","guid":{"rendered":"http:\/\/gator4082.temp.domains\/~aquatiss\/?post_type=product&#038;p=1120"},"modified":"2017-09-16T10:59:09","modified_gmt":"2017-09-16T10:59:09","slug":"coffre-fort","status":"publish","type":"product","link":"https:\/\/aquatiss.com.tn\/fr\/produit\/coffre-fort\/","title":{"rendered":"Coffre fort"},"content":{"rendered":"<p>Un syst\u00e8me d&rsquo;ouverture : Electronique avec un bouton de man\u0153uvre qui actionne les p\u00eanes<br \/>\nOption cl\u00e9 d\u2019ouverture et bouton de man\u0153uvre qui actionne les p\u00eane<br \/>\nSyst\u00e8me d\u2019ouverture par 2 codes \u00e9lectronique allant de 1 \u00e0 8 chiffres<br \/>\nUne cl\u00e9 pour ouverture d\u2019urgence en cas de perte de code<br \/>\nDispose d&rsquo;un bouton de programmation int\u00e9rieure<br \/>\nEcran tactile avec \u00e9conomie de consommation<br \/>\nAffichage date et heure sur l\u2019\u00e9cran<br \/>\n2 p\u00eanes rondes mobiles \u00f820 mm<br \/>\n\u00e9paisseur t\u00f4le :corps 20\/10, Porte 60\/10<br \/>\nFixation:4 trous au dos et 4 trous au bas<\/p>\n","protected":false},"excerpt":{"rendered":"<p>Un syst\u00e8me d&#039;ouverture : Electronique avec un bouton de man\u0153uvre<br \/>\nOption cl\u00e9 d\u2019ouverture et bouton de man\u0153uvre<br \/>\nUne cl\u00e9 pour ouverture d\u2019urgence en cas de perte de code<br \/>\nEcran tactile avec \u00e9conomie de consommation<\/p>\n","protected":false},"featured_media":1569,"comment_status":"open","ping_status":"closed","template":"","meta":[],"product_cat":[222,153],"product_tag":[250],"class_list":["post-1120","product","type-product","status-publish","has-post-thumbnail","hentry","product_cat-coffre-fort","product_cat-securite","product_tag-coffre-fort","pa_color-gris-fonce","pa_domaine-hotel"],"_links":{"self":[{"href":"https:\/\/aquatiss.com.tn\/fr\/wp-json\/wp\/v2\/product\/1120","targetHints":{"allow":["GET"]}}],"collection":[{"href":"https:\/\/aquatiss.com.tn\/fr\/wp-json\/wp\/v2\/product"}],"about":[{"href":"https:\/\/aquatiss.com.tn\/fr\/wp-json\/wp\/v2\/types\/product"}],"replies":[{"embeddable":true,"href":"https:\/\/aquatiss.com.tn\/fr\/wp-json\/wp\/v2\/comments?post=1120"}],"wp:featuredmedia":[{"embeddable":true,"href":"https:\/\/aquatiss.com.tn\/fr\/wp-json\/wp\/v2\/media\/1569"}],"wp:attachment":[{"href":"https:\/\/aquatiss.com.tn\/fr\/wp-json\/wp\/v2\/media?parent=1120"}],"wp:term":[{"taxonomy":"product_cat","embeddable":true,"href":"https:\/\/aquatiss.com.tn\/fr\/wp-json\/wp\/v2\/product_cat?post=1120"},{"taxonomy":"product_tag","embeddable":true,"href":"https:\/\/aquatiss.com.tn\/fr\/wp-json\/wp\/v2\/product_tag?post=1120"}],"curies":[{"name":"wp","href":"https:\/\/api.w.org\/{rel}","templated":true}]}}