{"id":1122,"date":"2016-12-08T14:47:46","date_gmt":"2016-12-08T13:47:46","guid":{"rendered":"http:\/\/gator4082.temp.domains\/~aquatiss\/?post_type=product&#038;p=1122"},"modified":"2017-07-17T14:02:54","modified_gmt":"2017-07-17T13:02:54","slug":"compteuse-de-billets-8","status":"publish","type":"product","link":"https:\/\/aquatiss.com.tn\/fr\/produit\/compteuse-de-billets-8\/","title":{"rendered":"Compteuse de billets"},"content":{"rendered":"<p>Compteuse de billets avec \u00e9cran LCD<br \/>\nVitesses de comptage 600\/ 1200\/1600 Billets\/min<br \/>\nD\u00e9tection et signalisation des faux billets par Ultra violet (UV)<br \/>\nD\u00e9tection de diff\u00e9rente dimension (DD)<br \/>\nComptage libre ou par pr\u00e9s\u00e9lection<br \/>\nPr\u00e9 programmation de lot de 1 \u00e0 999<br \/>\nAffichage des messages d&rsquo;erreur<br \/>\nD\u00e9tection des demi-billets &#038; d\u00e9tection des billets pli\u00e9s<br \/>\n2 modes de d\u00e9marrage : (Auto \/ Manuel)<br \/>\nCapacit\u00e9 d\u2019alimentation 600 billets<br \/>\nCapacit\u00e9 de r\u00e9ception 200 billets<br \/>\nR\u00e9glage de l&rsquo;\u00e9paisseur par bouton gradu\u00e9 manuel<br \/>\nR\u00e9glage de niveau de densit\u00e9<br \/>\nMode accumulation \/ Antibruit<br \/>\nM\u00e9moire \u00e9lectronique \u00ab dernier usage <\/p>\n","protected":false},"excerpt":{"rendered":"<p>Compteuse de billets avec \u00e9cran LCD<br \/>\nVitesses de comptage 600\/ 1200\/1600 Billets\/min<br \/>\nD\u00e9tection et signalisation des faux billets par Ultra violet (UV)<br \/>\nCapacit\u00e9 d\u2019alimentation 600 billets<\/p>\n","protected":false},"featured_media":1570,"comment_status":"open","ping_status":"closed","template":"","meta":[],"product_cat":[219,220,153],"product_tag":[246],"class_list":["post-1122","product","type-product","status-publish","has-post-thumbnail","hentry","product_cat-compteuse","product_cat-compteuse-de-billets","product_cat-securite","product_tag-compteuse-de-billets","pa_alimentation-electrique-ac-220v-50hz","pa_consommation-60-w","pa_domaine-entreprise","pa_domaine-hotel","pa_domaine-industrie","pa_domaine-medical"],"_links":{"self":[{"href":"https:\/\/aquatiss.com.tn\/fr\/wp-json\/wp\/v2\/product\/1122","targetHints":{"allow":["GET"]}}],"collection":[{"href":"https:\/\/aquatiss.com.tn\/fr\/wp-json\/wp\/v2\/product"}],"about":[{"href":"https:\/\/aquatiss.com.tn\/fr\/wp-json\/wp\/v2\/types\/product"}],"replies":[{"embeddable":true,"href":"https:\/\/aquatiss.com.tn\/fr\/wp-json\/wp\/v2\/comments?post=1122"}],"wp:featuredmedia":[{"embeddable":true,"href":"https:\/\/aquatiss.com.tn\/fr\/wp-json\/wp\/v2\/media\/1570"}],"wp:attachment":[{"href":"https:\/\/aquatiss.com.tn\/fr\/wp-json\/wp\/v2\/media?parent=1122"}],"wp:term":[{"taxonomy":"product_cat","embeddable":true,"href":"https:\/\/aquatiss.com.tn\/fr\/wp-json\/wp\/v2\/product_cat?post=1122"},{"taxonomy":"product_tag","embeddable":true,"href":"https:\/\/aquatiss.com.tn\/fr\/wp-json\/wp\/v2\/product_tag?post=1122"}],"curies":[{"name":"wp","href":"https:\/\/api.w.org\/{rel}","templated":true}]}}