{"id":1129,"date":"2016-12-08T17:15:15","date_gmt":"2016-12-08T16:15:15","guid":{"rendered":"http:\/\/gator4082.temp.domains\/~aquatiss\/?post_type=product&#038;p=1129"},"modified":"2017-07-17T14:00:36","modified_gmt":"2017-07-17T13:00:36","slug":"compteuse-de-billets-a-4-vitesses","status":"publish","type":"product","link":"https:\/\/aquatiss.com.tn\/fr\/produit\/compteuse-de-billets-a-4-vitesses\/","title":{"rendered":"Compteuse de billets \u00e0 4 vitesses"},"content":{"rendered":"<p>4 vitesses de comptage: 600\/900\/1200\/1500 billets\/minute<br \/>\nEcran \u00e0 cristaux liquides (LCD),afficheur bien lisible<br \/>\nDouble affichage (Agent\/client)<br \/>\nMonnaie: EURO, USD, TND<br \/>\nAffichage de la valeur des billets<br \/>\n4 D\u00e9tections des faux billets (UV),(MG),(IR) et fil de s\u00e9curit\u00e9<br \/>\nFonction de mise en lots variables ou Comptage libre<br \/>\nMode accumulation<br \/>\nR\u00e9glage de niveau de densit\u00e9 cod\u00e9<br \/>\nR\u00e9glage de l&rsquo;\u00e9paisseur par bouton gradu\u00e9<br \/>\nAffichage des messages d&rsquo;erreur<br \/>\nM\u00e9moire \u00e9lectronique \u00ab\u00a0dernier usage\u00a0\u00bb<br \/>\nD\u00e9tection des demi-billets, billets pli\u00e9s,billets coll\u00e9s<br \/>\nIdentification des dimensions des billets DD<br \/>\nBac d&rsquo;alimentation: environ 500 billets<br \/>\nBac de r\u00e9ception: environ 200 billets<br \/>\nPoign\u00e9e de transport amovible<\/p>\n","protected":false},"excerpt":{"rendered":"<p>4 vitesses de comptage: 600\/900\/1200\/1500 billets\/minute<br \/>\nEcran \u00e0 cristaux liquides (LCD),afficheur bien lisible<br \/>\nDouble affichage (Agent\/client)<br \/>\nMonnaie: EURO, USD, TND<br \/>\nBac d&#039;alimentation: environ 500 billets<\/p>\n","protected":false},"featured_media":1573,"comment_status":"open","ping_status":"closed","template":"","meta":[],"product_cat":[219,220,153],"product_tag":[246],"class_list":["post-1129","product","type-product","status-publish","has-post-thumbnail","hentry","product_cat-compteuse","product_cat-compteuse-de-billets","product_cat-securite","product_tag-compteuse-de-billets","pa_alimentation-electrique-ac-230v-50-hz","pa_consommation-45-w","pa_domaine-entreprise","pa_domaine-hotel","pa_domaine-industrie","pa_domaine-medical"],"_links":{"self":[{"href":"https:\/\/aquatiss.com.tn\/fr\/wp-json\/wp\/v2\/product\/1129","targetHints":{"allow":["GET"]}}],"collection":[{"href":"https:\/\/aquatiss.com.tn\/fr\/wp-json\/wp\/v2\/product"}],"about":[{"href":"https:\/\/aquatiss.com.tn\/fr\/wp-json\/wp\/v2\/types\/product"}],"replies":[{"embeddable":true,"href":"https:\/\/aquatiss.com.tn\/fr\/wp-json\/wp\/v2\/comments?post=1129"}],"wp:featuredmedia":[{"embeddable":true,"href":"https:\/\/aquatiss.com.tn\/fr\/wp-json\/wp\/v2\/media\/1573"}],"wp:attachment":[{"href":"https:\/\/aquatiss.com.tn\/fr\/wp-json\/wp\/v2\/media?parent=1129"}],"wp:term":[{"taxonomy":"product_cat","embeddable":true,"href":"https:\/\/aquatiss.com.tn\/fr\/wp-json\/wp\/v2\/product_cat?post=1129"},{"taxonomy":"product_tag","embeddable":true,"href":"https:\/\/aquatiss.com.tn\/fr\/wp-json\/wp\/v2\/product_tag?post=1129"}],"curies":[{"name":"wp","href":"https:\/\/api.w.org\/{rel}","templated":true}]}}