{"id":1134,"date":"2016-12-09T11:30:18","date_gmt":"2016-12-09T10:30:18","guid":{"rendered":"http:\/\/gator4082.temp.domains\/~aquatiss\/?post_type=product&#038;p=1134"},"modified":"2017-07-17T14:00:22","modified_gmt":"2017-07-17T13:00:22","slug":"compteuse-de-billets-a-4-vitesses-2","status":"publish","type":"product","link":"https:\/\/aquatiss.com.tn\/fr\/produit\/compteuse-de-billets-a-4-vitesses-2\/","title":{"rendered":"Compteuse de billets \u00e0 4 vitesses"},"content":{"rendered":"<p>4 Vitesses de comptage: 500\/1000\/1500\/1800 billet par min<br \/>\nDevises: <strong>DNT<\/strong><br \/>\nEcran \u00e0 cristaux liquides (LCD)<br \/>\n2 mode de d\u00e9marrage : auto \/ manuel<br \/>\nComptage libre ou par pr\u00e9s\u00e9lection<br \/>\nAfficheur grand et bien lisible<br \/>\nFonction de mise en lots variable, ou comptage libre (BATCH)<br \/>\nMode accumulation<br \/>\nM\u00e9moire \u00e9lectronique\u00a0\u00bbderni\u00e8re usage\u00a0\u00bb<br \/>\nD\u00e9marrage automatique ou manuel,<br \/>\nD\u00e9tection des dimensions DD<br \/>\nD\u00e9tection des demi-billets, billets pli\u00e9s, billets coll\u00e9s.<br \/>\nD\u00e9tection des faux billets MG,UV<br \/>\nR\u00e9glages de niveau de densit\u00e9<br \/>\nR\u00e9glage de l&rsquo;\u00e9paisseur par bouton gradu\u00e9<br \/>\nAffichage des messages d&rsquo;erreur<br \/>\nM\u00e9moire \u00e9lectronique dernier usage<br \/>\nCapacit\u00e9 d&rsquo;alimentation 600 billets<br \/>\nBac de r\u00e9ception 200 billets -Antibruit<\/p>\n","protected":false},"excerpt":{"rendered":"<p>4 Vitesse de comptage: 500\/1000\/1500\/1800 billet par min<br \/>\nDevises: <strong>DNT<\/strong><br \/>\nEcran \u00e0 cristaux liquides (LCD)<br \/>\nAfficheur grand et bien lisible<\/p>\n","protected":false},"featured_media":1576,"comment_status":"open","ping_status":"closed","template":"","meta":[],"product_cat":[219,220,153],"product_tag":[246],"class_list":["post-1134","product","type-product","status-publish","has-post-thumbnail","hentry","product_cat-compteuse","product_cat-compteuse-de-billets","product_cat-securite","product_tag-compteuse-de-billets","pa_alimentation-electrique-ac-220v-50hz","pa_consommation-50-w","pa_domaine-entreprise","pa_domaine-hotel","pa_domaine-industrie"],"_links":{"self":[{"href":"https:\/\/aquatiss.com.tn\/fr\/wp-json\/wp\/v2\/product\/1134","targetHints":{"allow":["GET"]}}],"collection":[{"href":"https:\/\/aquatiss.com.tn\/fr\/wp-json\/wp\/v2\/product"}],"about":[{"href":"https:\/\/aquatiss.com.tn\/fr\/wp-json\/wp\/v2\/types\/product"}],"replies":[{"embeddable":true,"href":"https:\/\/aquatiss.com.tn\/fr\/wp-json\/wp\/v2\/comments?post=1134"}],"wp:featuredmedia":[{"embeddable":true,"href":"https:\/\/aquatiss.com.tn\/fr\/wp-json\/wp\/v2\/media\/1576"}],"wp:attachment":[{"href":"https:\/\/aquatiss.com.tn\/fr\/wp-json\/wp\/v2\/media?parent=1134"}],"wp:term":[{"taxonomy":"product_cat","embeddable":true,"href":"https:\/\/aquatiss.com.tn\/fr\/wp-json\/wp\/v2\/product_cat?post=1134"},{"taxonomy":"product_tag","embeddable":true,"href":"https:\/\/aquatiss.com.tn\/fr\/wp-json\/wp\/v2\/product_tag?post=1134"}],"curies":[{"name":"wp","href":"https:\/\/api.w.org\/{rel}","templated":true}]}}