{"id":1136,"date":"2016-12-09T11:42:39","date_gmt":"2016-12-09T10:42:39","guid":{"rendered":"http:\/\/gator4082.temp.domains\/~aquatiss\/?post_type=product&#038;p=1136"},"modified":"2017-01-04T11:30:17","modified_gmt":"2017-01-04T10:30:17","slug":"compteuse-de-billets-a-4-vitesse-bj3200","status":"publish","type":"product","link":"https:\/\/aquatiss.com.tn\/fr\/produit\/compteuse-de-billets-a-4-vitesse-bj3200\/","title":{"rendered":"Compteuse de billets \u00e0 4 vitesses"},"content":{"rendered":"<p>4 Vitesse de comptage: 500\/1000\/1500\/1800 billet par min<br \/>\nDeux modes de d\u00e9marrage: (Auto\/ Manuel)<br \/>\nD\u00e9tection et signalisation des faux billets par Ultra Violet<br \/>\nComptage libre ou par pr\u00e9s\u00e9lection<br \/>\nPr\u00e9 programmation de lot de 1 \u00e0 999<br \/>\nMode accumulation<br \/>\nAffichage des messages d&rsquo;erreur<br \/>\nM\u00e9moire \u00e9lectronique \u00ab\u00a0dernier usage\u00a0\u00bb<br \/>\nD\u00e9tection de diff\u00e9rente dimension (DD)<br \/>\nR\u00e9glage de l&rsquo;\u00e9paisseur par bouton gradu\u00e9 manuel<br \/>\nEcran LCD<br \/>\nD\u00e9tection des demi billets et des billets pli\u00e9s<br \/>\nCapacit\u00e9 d&rsquo;alimentation: 1000 billets<br \/>\nAntibruit<br \/>\nPoign\u00e9e de transport amovible<\/p>\n","protected":false},"excerpt":{"rendered":"<p>4 Vitesses de comptage: 500\/1000\/1500\/1800 billet par min<br \/>\nDeux modes de d\u00e9marrage: (Auto\/ Manuel)<br \/>\nD\u00e9tection et signalisation des faux billets par Ultra Violet<br \/>\nCapacit\u00e9 d&#039;alimentation: 1000 billets<\/p>\n","protected":false},"featured_media":1577,"comment_status":"open","ping_status":"closed","template":"","meta":[],"product_cat":[219,220,153],"product_tag":[246],"class_list":["post-1136","product","type-product","status-publish","has-post-thumbnail","hentry","product_cat-compteuse","product_cat-compteuse-de-billets","product_cat-securite","product_tag-compteuse-de-billets","pa_alimentation-electrique-ac-220v5060hz","pa_consommation-65-w","pa_domaine-entreprise","pa_domaine-hotel","pa_domaine-industrie"],"_links":{"self":[{"href":"https:\/\/aquatiss.com.tn\/fr\/wp-json\/wp\/v2\/product\/1136","targetHints":{"allow":["GET"]}}],"collection":[{"href":"https:\/\/aquatiss.com.tn\/fr\/wp-json\/wp\/v2\/product"}],"about":[{"href":"https:\/\/aquatiss.com.tn\/fr\/wp-json\/wp\/v2\/types\/product"}],"replies":[{"embeddable":true,"href":"https:\/\/aquatiss.com.tn\/fr\/wp-json\/wp\/v2\/comments?post=1136"}],"wp:featuredmedia":[{"embeddable":true,"href":"https:\/\/aquatiss.com.tn\/fr\/wp-json\/wp\/v2\/media\/1577"}],"wp:attachment":[{"href":"https:\/\/aquatiss.com.tn\/fr\/wp-json\/wp\/v2\/media?parent=1136"}],"wp:term":[{"taxonomy":"product_cat","embeddable":true,"href":"https:\/\/aquatiss.com.tn\/fr\/wp-json\/wp\/v2\/product_cat?post=1136"},{"taxonomy":"product_tag","embeddable":true,"href":"https:\/\/aquatiss.com.tn\/fr\/wp-json\/wp\/v2\/product_tag?post=1136"}],"curies":[{"name":"wp","href":"https:\/\/api.w.org\/{rel}","templated":true}]}}