{"id":1138,"date":"2016-12-09T11:52:57","date_gmt":"2016-12-09T10:52:57","guid":{"rendered":"http:\/\/gator4082.temp.domains\/~aquatiss\/?post_type=product&#038;p=1138"},"modified":"2017-07-17T14:00:03","modified_gmt":"2017-07-17T13:00:03","slug":"compteuse-a-3-vitesses","status":"publish","type":"product","link":"https:\/\/aquatiss.com.tn\/fr\/produit\/compteuse-a-3-vitesses\/","title":{"rendered":"Compteuse de billets \u00e0 3 vitesses"},"content":{"rendered":"<p>Vitesse de comptage: 100\/5001500 billets par min<br \/>\nDouble afficheur (pour les clients)<br \/>\nD\u00e9tection et signalisation des faux billets par UV et MG<br \/>\nEcran \u00e0 cristaux liquides (LCD)<br \/>\nPr\u00e9 programmation de lot de 1 \u00e0 999 par clavier num\u00e9rique<br \/>\nMode accumulation<br \/>\nR\u00e9glage de l&rsquo;\u00e9paisseur par bouton gradu\u00e9 manuel<br \/>\nAffichage des messages d&rsquo;erreur<br \/>\nD\u00e9tection des demi billets<br \/>\nD\u00e9tection de diff\u00e9rente dimension (DD)<br \/>\nCapacit\u00e9 d&rsquo;alimentation: 300\/500 billets<br \/>\nAffichage de pr\u00e9s\u00e9lection par 3 digits<br \/>\nAffichage de comptage par 5 digits<br \/>\nPoign\u00e9e de transport amovible<\/p>\n","protected":false},"excerpt":{"rendered":"<p>Vitesse de comptage: 100\/5001500 billets par min<br \/>\nDouble afficheur (pour les clients)<br \/>\nD\u00e9tection et signalisation des faux billets par UV et MG<br \/>\nCapacit\u00e9 d&#039;alimentation: 300\/500 billets<\/p>\n","protected":false},"featured_media":1578,"comment_status":"open","ping_status":"closed","template":"","meta":[],"product_cat":[219,220,153],"product_tag":[246],"class_list":["post-1138","product","type-product","status-publish","has-post-thumbnail","hentry","product_cat-compteuse","product_cat-compteuse-de-billets","product_cat-securite","product_tag-compteuse-de-billets","pa_domaine-entreprise","pa_domaine-hotel","pa_domaine-industrie"],"_links":{"self":[{"href":"https:\/\/aquatiss.com.tn\/fr\/wp-json\/wp\/v2\/product\/1138","targetHints":{"allow":["GET"]}}],"collection":[{"href":"https:\/\/aquatiss.com.tn\/fr\/wp-json\/wp\/v2\/product"}],"about":[{"href":"https:\/\/aquatiss.com.tn\/fr\/wp-json\/wp\/v2\/types\/product"}],"replies":[{"embeddable":true,"href":"https:\/\/aquatiss.com.tn\/fr\/wp-json\/wp\/v2\/comments?post=1138"}],"wp:featuredmedia":[{"embeddable":true,"href":"https:\/\/aquatiss.com.tn\/fr\/wp-json\/wp\/v2\/media\/1578"}],"wp:attachment":[{"href":"https:\/\/aquatiss.com.tn\/fr\/wp-json\/wp\/v2\/media?parent=1138"}],"wp:term":[{"taxonomy":"product_cat","embeddable":true,"href":"https:\/\/aquatiss.com.tn\/fr\/wp-json\/wp\/v2\/product_cat?post=1138"},{"taxonomy":"product_tag","embeddable":true,"href":"https:\/\/aquatiss.com.tn\/fr\/wp-json\/wp\/v2\/product_tag?post=1138"}],"curies":[{"name":"wp","href":"https:\/\/api.w.org\/{rel}","templated":true}]}}