{"id":1142,"date":"2016-12-09T12:06:28","date_gmt":"2016-12-09T11:06:28","guid":{"rendered":"http:\/\/gator4082.temp.domains\/~aquatiss\/?post_type=product&#038;p=1142"},"modified":"2025-02-19T15:13:53","modified_gmt":"2025-02-19T15:13:53","slug":"compteuse-trieuse-monnaie","status":"publish","type":"product","link":"https:\/\/aquatiss.com.tn\/fr\/produit\/compteuse-trieuse-monnaie\/","title":{"rendered":"Compteuse trieuse monnaie"},"content":{"rendered":"<p>Compteuse trieuse monnaie<\/p>\n<div>Compteuse trieuse monnaie, petite, l\u00e9g\u00e8re et pratique<\/div>\n<div>Outil id\u00e9al pour la reconnaissance de caisses de supermarch\u00e9s<\/div>\n<div>ou de petits commerces, ou toutes autres structures<\/div>\n<div><\/div>\n<div>donc c&rsquo;est une \u00a0machine est un nouveau produit \u00a0destin\u00e9 \u00e0 trier\u00a0les pi\u00e8ces de monnaie.<\/div>\n<div><\/div>\n<div>Donne le Total des pi\u00e8ces, en Quantit\u00e9 et par type de pi\u00e8ces<\/div>\n<div><\/div>\n<div>Diff\u00e9rencie les pi\u00e8ces et les r\u00e9partit par type dans des<\/div>\n<div>r\u00e9servoirs s\u00e9par\u00e9s.<\/div>\n<h5>simple utilisation et un prix abordable.<\/h5>\n<div>Trieuse de pi\u00e8ces automatique portable pour le traitement\u00a0de petits lots de pi\u00e8ces .<\/div>\n<div>\u00e9quip\u00e9 d&rsquo;une cellule de comptage, huit tiroirs.<\/div>\n<div><\/div>\n<div>Conna\u00eetre pour chaque d\u00e9nomination la valeur et le nombre\u00a0de pi\u00e8ces.<\/div>\n<div><\/div>\n<h5>Capacit\u00e9:<\/h5>\n<div>\u00a0 \u00a0 \u00a0 \u00a0 \u00a0 \u00a0 \u00a0-tr\u00e9mie: 350~400 pi\u00e8ces;<\/div>\n<div>\u00a0 \u00a0 \u00a0 \u00a0 \u00a0 \u00a0 \u00a0-bacs de r\u00e9ception: 80~250 pi\u00e8ces selon\u00a0diam\u00e8tre et \u00e9paisseur<\/div>\n<div><\/div>\n<div>Compteur de lot : Affichage 3 chiffres<\/div>\n<div>Valeur et nombre de pi\u00e8ces affichage 4 chiffres<\/div>\n<div>Alimentation: AC220V50HZ &#8211;<\/div>\n<div>Puisssance : 15W<\/div>\n<div>Vitesse de comptage: 220 pi\u00e8ces par minute<\/div>\n<p>Homologation CE<\/p>\n<p>&nbsp;<\/p>\n<p>Valable uniquement pour la monnaie Tunisienne<br \/>\nexclus pi\u00e8ces de 200 millimes et les pi\u00e8ces de 2 dianrs<\/p>\n","protected":false},"excerpt":{"rendered":"<div><strong>\u00e9quip\u00e9 d&rsquo;une cellule de comptage, huit tiroirs.<\/strong><\/div>\n<div>Donne le total des pi\u00e8ces, en Quantit\u00e9 et par type de pi\u00e8ces<\/div>\n<div>Diff\u00e9rencie les pi\u00e8ces et les r\u00e9partit par type dans des<\/div>\n<div>r\u00e9servoirs s\u00e9par\u00e9s.<\/div>\n<div><img decoding=\"async\" class=\"\" src=\"https:\/\/previews.123rf.com\/images\/vasilyrosca\/vasilyrosca1710\/vasilyrosca171000045\/87611969-triangle-de-symbole-de-signe-attention-ic%C3%B4ne-d-avertissement-exclamation-alerte-de-panneau-de-signal.jpg\" alt=\"Image associ\u00e9e\" width=\"24\" height=\"24\" \/>\u00a0<strong><span style=\"font-size: 10pt;\">Valable uniquement pour la monnaie Tunisienne<\/span><\/strong><br \/>\n<strong><span style=\"font-size: 10pt;\">exclus pi\u00e8ces de 200 millimes et les pi\u00e8ces de 2 dianrs<\/span><\/strong><\/div>\n","protected":false},"featured_media":1579,"comment_status":"open","ping_status":"closed","template":"","meta":[],"product_cat":[219,221,153],"product_tag":[257],"class_list":["post-1142","product","type-product","status-publish","has-post-thumbnail","hentry","product_cat-compteuse","product_cat-compteuse-de-pieces","product_cat-securite","product_tag-compteuse-de-pieces","pa_alimentation-electrique-220-v","pa_domaine-entreprise","pa_domaine-food","pa_domaine-hotel","pa_domaine-medical"],"_links":{"self":[{"href":"https:\/\/aquatiss.com.tn\/fr\/wp-json\/wp\/v2\/product\/1142","targetHints":{"allow":["GET"]}}],"collection":[{"href":"https:\/\/aquatiss.com.tn\/fr\/wp-json\/wp\/v2\/product"}],"about":[{"href":"https:\/\/aquatiss.com.tn\/fr\/wp-json\/wp\/v2\/types\/product"}],"replies":[{"embeddable":true,"href":"https:\/\/aquatiss.com.tn\/fr\/wp-json\/wp\/v2\/comments?post=1142"}],"wp:featuredmedia":[{"embeddable":true,"href":"https:\/\/aquatiss.com.tn\/fr\/wp-json\/wp\/v2\/media\/1579"}],"wp:attachment":[{"href":"https:\/\/aquatiss.com.tn\/fr\/wp-json\/wp\/v2\/media?parent=1142"}],"wp:term":[{"taxonomy":"product_cat","embeddable":true,"href":"https:\/\/aquatiss.com.tn\/fr\/wp-json\/wp\/v2\/product_cat?post=1142"},{"taxonomy":"product_tag","embeddable":true,"href":"https:\/\/aquatiss.com.tn\/fr\/wp-json\/wp\/v2\/product_tag?post=1142"}],"curies":[{"name":"wp","href":"https:\/\/api.w.org\/{rel}","templated":true}]}}