{"id":11422,"date":"2018-02-24T07:23:42","date_gmt":"2018-02-24T07:23:42","guid":{"rendered":"http:\/\/gator4082.temp.domains\/~aquatiss\/?post_type=product&#038;p=11422"},"modified":"2019-09-30T15:17:34","modified_gmt":"2019-09-30T15:17:34","slug":"distributeur-de-papier-enchevetre-en-z-jofel","status":"publish","type":"product","link":"https:\/\/aquatiss.com.tn\/fr\/produit\/distributeur-de-papier-enchevetre-en-z-jofel\/","title":{"rendered":"Distributeur de papier enchev\u00eatr\u00e9 en Z JOFEL"},"content":{"rendered":"<p>Porte papier enchev\u00eatr\u00e9\u00a0<span style=\"line-height: 1.5;\">en Z JOFEL<\/span><\/p>\n<h4>Sp\u00e9cification<\/h4>\n<p>Fabriqu\u00e9 en ABS blanc antibact\u00e9rien\/noir ou en inox\u00a0 de haute qualit\u00e9 et r\u00e9sistance.<br \/>\nFermeture \u00e0 cl\u00e9,<br \/>\nPartie frontale abattable.<br \/>\nCapacit\u00e9 : jusqu&rsquo;\u00e0 600 serviettes enchev\u00eatr\u00e9 en Z.<br \/>\nDistribution \u00e9conomique de serviettes d\u00e9pli\u00e9es par la partie inf\u00e9rieure.<\/p>\n<h4>Points forts<\/h4>\n<p>Recharge facile, simple et rapide des serviettes.<br \/>\n\u00c9conomies maximales de papier.<br \/>\nHygi\u00e9nique: \u00c9vite la contamination des serviettes en papier par contact manuel.<br \/>\nRobuste et de longue dur\u00e9e de vie.<br \/>\nFacile d&rsquo;entretien et facile \u00e0 nettoyer.<br \/>\nIndiqu\u00e9 pour les lieux hautement fr\u00e9quent\u00e9s.<br \/>\nRecommand\u00e9 pour les collectivit\u00e9s et les W.C. publics.<\/p>\n","protected":false},"excerpt":{"rendered":"<p>Porte papier enchev\u00eatr\u00e9 en Z JOFEL<br \/>\nRecharge facile, simple et rapide des serviettes.<br \/>\n\u00c9conomies maximales de papier.<\/p>\n","protected":false},"featured_media":11424,"comment_status":"open","ping_status":"closed","template":"","meta":[],"product_cat":[401,120,457],"product_tag":[237,1416],"class_list":["post-11422","product","type-product","status-publish","has-post-thumbnail","hentry","product_cat-distributeur","product_cat-distributeur-papier","product_cat-distributeur-papier-serviette","product_tag-distributeur-de-papier","product_tag-jofel","pa_color-noir","pa_color-blanc","pa_color-inox","pa_domaine-collectivites","pa_domaine-entreprise","pa_domaine-food","pa_domaine-hotel","pa_domaine-industrie","pa_domaine-medical","pa_domaine-proprete","pa_material-abs"],"_links":{"self":[{"href":"https:\/\/aquatiss.com.tn\/fr\/wp-json\/wp\/v2\/product\/11422","targetHints":{"allow":["GET"]}}],"collection":[{"href":"https:\/\/aquatiss.com.tn\/fr\/wp-json\/wp\/v2\/product"}],"about":[{"href":"https:\/\/aquatiss.com.tn\/fr\/wp-json\/wp\/v2\/types\/product"}],"replies":[{"embeddable":true,"href":"https:\/\/aquatiss.com.tn\/fr\/wp-json\/wp\/v2\/comments?post=11422"}],"wp:featuredmedia":[{"embeddable":true,"href":"https:\/\/aquatiss.com.tn\/fr\/wp-json\/wp\/v2\/media\/11424"}],"wp:attachment":[{"href":"https:\/\/aquatiss.com.tn\/fr\/wp-json\/wp\/v2\/media?parent=11422"}],"wp:term":[{"taxonomy":"product_cat","embeddable":true,"href":"https:\/\/aquatiss.com.tn\/fr\/wp-json\/wp\/v2\/product_cat?post=11422"},{"taxonomy":"product_tag","embeddable":true,"href":"https:\/\/aquatiss.com.tn\/fr\/wp-json\/wp\/v2\/product_tag?post=11422"}],"curies":[{"name":"wp","href":"https:\/\/api.w.org\/{rel}","templated":true}]}}