{"id":11425,"date":"2018-02-22T15:40:05","date_gmt":"2018-02-22T15:40:05","guid":{"rendered":"http:\/\/gator4082.temp.domains\/~aquatiss\/produit\/distributeur-de-papier-hygienique-inox-jofel\/"},"modified":"2018-02-24T09:28:10","modified_gmt":"2018-02-24T09:28:10","slug":"distributeur-de-papier-hygienique-inox-jofel","status":"publish","type":"product","link":"https:\/\/aquatiss.com.tn\/fr\/produit\/distributeur-de-papier-hygienique-inox-jofel\/","title":{"rendered":"Distributeur de papier hygi\u00e9nique inox JOFEL"},"content":{"rendered":"<p>Distributeur de papier hygi\u00e9nique inox JOFEL<br \/>\nDistributeur industriel de papier en rouleau, taille moyenne.<\/p>\n<h4>Sp\u00e9cification<\/h4>\n<p>Fabriqu\u00e9 en acier inox satin\u00e9 de haute qualit\u00e9.<br \/>\nFermeture \u00e0 cl\u00e9,<br \/>\nApte pour rouleaux jusqu&rsquo;\u00e0 400 m et avec diam\u00e8tre maximum de 260 mm.<br \/>\nPour mandrins de 55 mm de diam\u00e8tre.<br \/>\nPartie frontale totalement abattable pour effectuer la recharge commod\u00e9ment.<\/p>\n<h4>Points forts<\/h4>\n<p>Facile d&rsquo;entretien et facile \u00e0 nettoyer.<br \/>\nRobuste et r\u00e9sistant assurant une longue dur\u00e9e de vie.<br \/>\nInt\u00e9gration facile \u00e0 tous types d&rsquo;installations et de d\u00e9corations.<br \/>\nIndiqu\u00e9 pour les \u00e9tablissements hautement fr\u00e9quent\u00e9s.<br \/>\nRecommand\u00e9 pour les collectivit\u00e9s et W.C. publics.<\/p>\n","protected":false},"excerpt":{"rendered":"<p>Fabriqu\u00e9 en acier inox satin\u00e9 de haute qualit\u00e9.<br \/>\nFermeture \u00e0 cl\u00e9<br \/>\nFacile d&rsquo;entretien et facile \u00e0 nettoyer.<br \/>\nRobuste et r\u00e9sistant assurant une longue dur\u00e9e de vie.<\/p>\n","protected":false},"featured_media":11426,"comment_status":"open","ping_status":"closed","template":"","meta":[],"product_cat":[401,120,457],"product_tag":[237,1416],"class_list":["post-11425","product","type-product","status-publish","has-post-thumbnail","hentry","product_cat-distributeur","product_cat-distributeur-papier","product_cat-distributeur-papier-serviette","product_tag-distributeur-de-papier","product_tag-jofel","pa_color-inox","pa_domaine-collectivites","pa_domaine-entreprise","pa_domaine-food","pa_domaine-hotel","pa_domaine-industrie","pa_domaine-medical","pa_domaine-proprete","pa_material-inox"],"_links":{"self":[{"href":"https:\/\/aquatiss.com.tn\/fr\/wp-json\/wp\/v2\/product\/11425","targetHints":{"allow":["GET"]}}],"collection":[{"href":"https:\/\/aquatiss.com.tn\/fr\/wp-json\/wp\/v2\/product"}],"about":[{"href":"https:\/\/aquatiss.com.tn\/fr\/wp-json\/wp\/v2\/types\/product"}],"replies":[{"embeddable":true,"href":"https:\/\/aquatiss.com.tn\/fr\/wp-json\/wp\/v2\/comments?post=11425"}],"wp:featuredmedia":[{"embeddable":true,"href":"https:\/\/aquatiss.com.tn\/fr\/wp-json\/wp\/v2\/media\/11426"}],"wp:attachment":[{"href":"https:\/\/aquatiss.com.tn\/fr\/wp-json\/wp\/v2\/media?parent=11425"}],"wp:term":[{"taxonomy":"product_cat","embeddable":true,"href":"https:\/\/aquatiss.com.tn\/fr\/wp-json\/wp\/v2\/product_cat?post=11425"},{"taxonomy":"product_tag","embeddable":true,"href":"https:\/\/aquatiss.com.tn\/fr\/wp-json\/wp\/v2\/product_tag?post=11425"}],"curies":[{"name":"wp","href":"https:\/\/api.w.org\/{rel}","templated":true}]}}