{"id":11427,"date":"2018-02-22T15:52:48","date_gmt":"2018-02-22T15:52:48","guid":{"rendered":"http:\/\/gator4082.temp.domains\/~aquatiss\/produit\/distributeur-de-savon-a-coude-jofel\/"},"modified":"2019-09-05T13:11:37","modified_gmt":"2019-09-05T13:11:37","slug":"distributeur-de-savon-a-coude-jofel","status":"publish","type":"product","link":"https:\/\/aquatiss.com.tn\/fr\/produit\/distributeur-de-savon-a-coude-jofel\/","title":{"rendered":"Distributeur de savon \u00e0 coude 0.900L JOFEL"},"content":{"rendered":"<p>Distributeur de savon \u00e0 coude JOFEL<\/p>\n<h4>Sp\u00e9cification<\/h4>\n<p>Distributeur de savon liquide avec r\u00e9servoir rechargeable.<br \/>\nR\u00e9servoir transparent\u00a0 de 0,900 L.<br \/>\nBase, carcasse et valve en ABS de haute qualit\u00e9 et r\u00e9sistance.<br \/>\nFermeture \u00e0 cl\u00e9 et carcasse de couleur m\u00e9tallis\u00e9e.<br \/>\nBouton-poussoir avec valve anticorrosion et anti-goutte.<br \/>\nVision totale de la charge de savon disponible.<\/p>\n<h4>Points forts<\/h4>\n<p>Rendement maximal et longue dur\u00e9e de vie.<br \/>\nNettoyage et entretien faciles.<br \/>\nIndiqu\u00e9 pour un usage m\u00e9dical: h\u00f4pitaux, cliniques etc.<\/p>\n","protected":false},"excerpt":{"rendered":"<p>R\u00e9servoir transparent\u00a0 de 0,900 L.<br \/>\nFermeture \u00e0 cl\u00e9<br \/>\nNettoyage et entretien faciles.<br \/>\nIndiqu\u00e9 pour un usage m\u00e9dical: h\u00f4pitaux, cliniques etc.<\/p>\n","protected":false},"featured_media":11428,"comment_status":"open","ping_status":"closed","template":"","meta":[],"product_cat":[401,122,123],"product_tag":[192,1416],"class_list":["post-11427","product","type-product","status-publish","has-post-thumbnail","hentry","product_cat-distributeur","product_cat-distributeurs-de-gel","product_cat-distributeurs-de-savon","product_tag-distributeur-de-savon","product_tag-jofel","pa_color-blanc","pa_domaine-collectivites","pa_domaine-entreprise","pa_domaine-food","pa_domaine-hotel","pa_domaine-industrie","pa_domaine-medical","pa_domaine-proprete","pa_material-abs"],"_links":{"self":[{"href":"https:\/\/aquatiss.com.tn\/fr\/wp-json\/wp\/v2\/product\/11427","targetHints":{"allow":["GET"]}}],"collection":[{"href":"https:\/\/aquatiss.com.tn\/fr\/wp-json\/wp\/v2\/product"}],"about":[{"href":"https:\/\/aquatiss.com.tn\/fr\/wp-json\/wp\/v2\/types\/product"}],"replies":[{"embeddable":true,"href":"https:\/\/aquatiss.com.tn\/fr\/wp-json\/wp\/v2\/comments?post=11427"}],"wp:featuredmedia":[{"embeddable":true,"href":"https:\/\/aquatiss.com.tn\/fr\/wp-json\/wp\/v2\/media\/11428"}],"wp:attachment":[{"href":"https:\/\/aquatiss.com.tn\/fr\/wp-json\/wp\/v2\/media?parent=11427"}],"wp:term":[{"taxonomy":"product_cat","embeddable":true,"href":"https:\/\/aquatiss.com.tn\/fr\/wp-json\/wp\/v2\/product_cat?post=11427"},{"taxonomy":"product_tag","embeddable":true,"href":"https:\/\/aquatiss.com.tn\/fr\/wp-json\/wp\/v2\/product_tag?post=11427"}],"curies":[{"name":"wp","href":"https:\/\/api.w.org\/{rel}","templated":true}]}}