{"id":11432,"date":"2018-02-23T09:42:36","date_gmt":"2018-02-23T09:42:36","guid":{"rendered":"http:\/\/gator4082.temp.domains\/~aquatiss\/produit\/distributeur-de-papier-hygienique-noir-jofel-smart\/"},"modified":"2024-05-03T11:09:31","modified_gmt":"2024-05-03T11:09:31","slug":"distributeur-de-papier-hygienique-noir-jofel-smart","status":"publish","type":"product","link":"https:\/\/aquatiss.com.tn\/fr\/produit\/distributeur-de-papier-hygienique-noir-jofel-smart\/","title":{"rendered":"Distributeur de papier hygi\u00e9nique Noir JOFEL SMART"},"content":{"rendered":"<p>Distributeur de papier hygi\u00e9nique Noir JOFEL SMART<\/p>\n<h4>Sp\u00e9cification<\/h4>\n<p>Distributeur de papier hygi\u00e9nique \u00e9conomique.<br \/>\nFabriqu\u00e9 en ABS noir de haute qualit\u00e9.<br \/>\nFermeture \u00e0 cl\u00e9<br \/>\nApte pour rouleaux jusqu&rsquo;\u00e0 300 m. ayant un diam\u00e8tre maximum de 220 mm.<br \/>\nApte pour rouleaux avec mandrin de 45 mm de diam\u00e8tre.<\/p>\n<h4>Points forts<\/h4>\n<p>Nettoyage et recharge faciles.<br \/>\nRobuste, r\u00e9sistant et de longue dur\u00e9e de vie.<br \/>\nOuverture battante frontale.<br \/>\nConception moderne int\u00e9gr\u00e9e facilement \u00e0 tous types d&rsquo;installations et de d\u00e9corations.<\/p>\n<p>Indiqu\u00e9 pour les \u00e9tablissements moyennement et hautement fr\u00e9quent\u00e9s.<br \/>\nRecommand\u00e9 pour les collectivit\u00e9s et les W.C. publics.<\/p>\n","protected":false},"excerpt":{"rendered":"<p>Distributeur de papier hygi\u00e9nique \u00e9conomique.<br \/>\nPorte Rouleau fabriqu\u00e9 en ABS noir de haute qualit\u00e9.<br \/>\nNettoyage et recharge faciles.<br \/>\nRobuste, r\u00e9sistant et de longue dur\u00e9e de vie.<\/p>\n","protected":false},"featured_media":11433,"comment_status":"open","ping_status":"closed","template":"","meta":[],"product_cat":[401,120,457],"product_tag":[237,1416],"class_list":["post-11432","product","type-product","status-publish","has-post-thumbnail","hentry","product_cat-distributeur","product_cat-distributeur-papier","product_cat-distributeur-papier-serviette","product_tag-distributeur-de-papier","product_tag-jofel","pa_color-noir","pa_domaine-collectivites","pa_domaine-entreprise","pa_domaine-food","pa_domaine-hotel","pa_domaine-industrie","pa_domaine-medical","pa_domaine-proprete","pa_material-abs"],"_links":{"self":[{"href":"https:\/\/aquatiss.com.tn\/fr\/wp-json\/wp\/v2\/product\/11432","targetHints":{"allow":["GET"]}}],"collection":[{"href":"https:\/\/aquatiss.com.tn\/fr\/wp-json\/wp\/v2\/product"}],"about":[{"href":"https:\/\/aquatiss.com.tn\/fr\/wp-json\/wp\/v2\/types\/product"}],"replies":[{"embeddable":true,"href":"https:\/\/aquatiss.com.tn\/fr\/wp-json\/wp\/v2\/comments?post=11432"}],"wp:featuredmedia":[{"embeddable":true,"href":"https:\/\/aquatiss.com.tn\/fr\/wp-json\/wp\/v2\/media\/11433"}],"wp:attachment":[{"href":"https:\/\/aquatiss.com.tn\/fr\/wp-json\/wp\/v2\/media?parent=11432"}],"wp:term":[{"taxonomy":"product_cat","embeddable":true,"href":"https:\/\/aquatiss.com.tn\/fr\/wp-json\/wp\/v2\/product_cat?post=11432"},{"taxonomy":"product_tag","embeddable":true,"href":"https:\/\/aquatiss.com.tn\/fr\/wp-json\/wp\/v2\/product_tag?post=11432"}],"curies":[{"name":"wp","href":"https:\/\/api.w.org\/{rel}","templated":true}]}}