{"id":11434,"date":"2018-02-23T10:17:11","date_gmt":"2018-02-23T10:17:11","guid":{"rendered":"http:\/\/gator4082.temp.domains\/~aquatiss\/produit\/distributeur-de-savon-1l-futura-jofel\/"},"modified":"2021-11-17T15:58:09","modified_gmt":"2021-11-17T15:58:09","slug":"distributeur-de-savon-1l-futura-jofel","status":"publish","type":"product","link":"https:\/\/aquatiss.com.tn\/fr\/produit\/distributeur-de-savon-1l-futura-jofel\/","title":{"rendered":"Distributeur de savon 1L JOFEL"},"content":{"rendered":"<p>Distributeur de savon 1L JOFEL<\/p>\n<h4>Sp\u00e9cification<\/h4>\n<p>Dispositif de dosage de savon liquide avec r\u00e9servoir rechargeable<br \/>\nEn acier inox satin\u00e9 de haute qualit\u00e9 et r\u00e9sistance<br \/>\nFermeture \u00e0 cl\u00e9<br \/>\nR\u00e9servoir de capacit\u00e9 de 1 litre<br \/>\nBouton-poussoir en ABS chrom\u00e9<\/p>\n<h4>Points forts<\/h4>\n<p>Anti vandalisme et robuste.<br \/>\nValve anti-fuite et anticorrosion.<br \/>\nRendement maximum et longue dur\u00e9e de vie<\/p>\n<p>Indiqu\u00e9 pour les collectivit\u00e9s et les W.C. publics hautement fr\u00e9quent\u00e9s.<br \/>\nInt\u00e9gration facile dans tous types d&rsquo;installations et de d\u00e9corations.<\/p>\n<p>Il est fortement conseill\u00e9 d&rsquo;utiliser le distributeur avec <a href=\"http:\/\/gator4082.temp.domains\/~aquatiss\/produit\/savon-a-glycerine-usage-frequent-bidon-5l-bell-main\/\">le savon liquide Bell main<\/a> .<\/p>\n","protected":false},"excerpt":{"rendered":"<p>Fermeture \u00e0 cl\u00e9 et t\u00e9moin de charge<br \/>\nAnti vandalisme et robuste<br \/>\nValve anti-fuite et anticorrosion<\/p>\n","protected":false},"featured_media":11435,"comment_status":"open","ping_status":"closed","template":"","meta":[],"product_cat":[401,122,123],"product_tag":[192,1416],"class_list":["post-11434","product","type-product","status-publish","has-post-thumbnail","hentry","product_cat-distributeur","product_cat-distributeurs-de-gel","product_cat-distributeurs-de-savon","product_tag-distributeur-de-savon","product_tag-jofel","pa_color-inox","pa_contenance-1l","pa_domaine-collectivites","pa_domaine-entreprise","pa_domaine-food","pa_domaine-hotel","pa_domaine-industrie","pa_domaine-medical","pa_domaine-proprete","pa_material-inox"],"_links":{"self":[{"href":"https:\/\/aquatiss.com.tn\/fr\/wp-json\/wp\/v2\/product\/11434","targetHints":{"allow":["GET"]}}],"collection":[{"href":"https:\/\/aquatiss.com.tn\/fr\/wp-json\/wp\/v2\/product"}],"about":[{"href":"https:\/\/aquatiss.com.tn\/fr\/wp-json\/wp\/v2\/types\/product"}],"replies":[{"embeddable":true,"href":"https:\/\/aquatiss.com.tn\/fr\/wp-json\/wp\/v2\/comments?post=11434"}],"wp:featuredmedia":[{"embeddable":true,"href":"https:\/\/aquatiss.com.tn\/fr\/wp-json\/wp\/v2\/media\/11435"}],"wp:attachment":[{"href":"https:\/\/aquatiss.com.tn\/fr\/wp-json\/wp\/v2\/media?parent=11434"}],"wp:term":[{"taxonomy":"product_cat","embeddable":true,"href":"https:\/\/aquatiss.com.tn\/fr\/wp-json\/wp\/v2\/product_cat?post=11434"},{"taxonomy":"product_tag","embeddable":true,"href":"https:\/\/aquatiss.com.tn\/fr\/wp-json\/wp\/v2\/product_tag?post=11434"}],"curies":[{"name":"wp","href":"https:\/\/api.w.org\/{rel}","templated":true}]}}