{"id":11452,"date":"2018-02-23T15:21:06","date_gmt":"2018-02-23T15:21:06","guid":{"rendered":"http:\/\/gator4082.temp.domains\/~aquatiss\/produit\/distributeur-de-papier-wc-inox-jofel\/"},"modified":"2019-09-30T09:07:10","modified_gmt":"2019-09-30T09:07:10","slug":"distributeur-de-papier-wc-inox-jofel","status":"publish","type":"product","link":"https:\/\/aquatiss.com.tn\/fr\/produit\/distributeur-de-papier-wc-inox-jofel\/","title":{"rendered":"Distributeur de papier WC Inox JOFEL"},"content":{"rendered":"<p>Distributeur de papier WC Inox JOFEL<\/p>\n<h4>Sp\u00e9cification<\/h4>\n<p>Fabriqu\u00e9 en acier inox satin\u00e9 de haute qualit\u00e9 et r\u00e9sistance.<br \/>\nFermeture \u00e0 cl\u00e9<br \/>\nPartie frontale totalement abattable pour faciliter le chargement.<br \/>\nChargement de 2 rouleaux de papier toilette domestique.<br \/>\nLe rouleau en r\u00e9serve se pr\u00e9sente automatiquement lorsque le pr\u00e9c\u00e9dent est termin\u00e9.<\/p>\n<h4>Point forts:<\/h4>\n<p>Distribution assur\u00e9e dans un espace minimum.<br \/>\nRobuste et r\u00e9sistant &#8211; de longue dur\u00e9e.<br \/>\nModerne, \u00e9l\u00e9gant et d\u00e9coratif.<br \/>\nFacile d&rsquo;entretien et facile \u00e0 nettoyer.<br \/>\nInt\u00e9gration facile dans tous types d&rsquo;installations et de d\u00e9corations.<br \/>\nIndiqu\u00e9 pour les \u00e9tablissement moyennement fr\u00e9quent\u00e9s.<br \/>\nRecommand\u00e9 pour les collectivit\u00e9s et les W.C. publics.<\/p>\n<p>&nbsp;<\/p>\n","protected":false},"excerpt":{"rendered":"<p>Distributeur de papier WC Inox JOFEL<a href=\"http:\/\/gator4082.temp.domains\/~aquatiss\/nos-produits\/papiers-hygienique-a-02-plis-2\/\"> papier toilette domestique en rouleau<\/a><br \/>\nFabriqu\u00e9 en INOX de haute qualit\u00e9.<br \/>\nNettoyage et recharge faciles.<br \/>\nRobuste, r\u00e9sistant et de longue dur\u00e9e de vie.<\/p>\n","protected":false},"featured_media":11453,"comment_status":"open","ping_status":"closed","template":"","meta":[],"product_cat":[401,120],"product_tag":[237,1416],"class_list":["post-11452","product","type-product","status-publish","has-post-thumbnail","hentry","product_cat-distributeur","product_cat-distributeur-papier","product_tag-distributeur-de-papier","product_tag-jofel","pa_color-inox","pa_domaine-collectivites","pa_domaine-entreprise","pa_domaine-food","pa_domaine-hotel","pa_domaine-industrie","pa_domaine-medical","pa_domaine-proprete","pa_material-inox"],"_links":{"self":[{"href":"https:\/\/aquatiss.com.tn\/fr\/wp-json\/wp\/v2\/product\/11452","targetHints":{"allow":["GET"]}}],"collection":[{"href":"https:\/\/aquatiss.com.tn\/fr\/wp-json\/wp\/v2\/product"}],"about":[{"href":"https:\/\/aquatiss.com.tn\/fr\/wp-json\/wp\/v2\/types\/product"}],"replies":[{"embeddable":true,"href":"https:\/\/aquatiss.com.tn\/fr\/wp-json\/wp\/v2\/comments?post=11452"}],"wp:featuredmedia":[{"embeddable":true,"href":"https:\/\/aquatiss.com.tn\/fr\/wp-json\/wp\/v2\/media\/11453"}],"wp:attachment":[{"href":"https:\/\/aquatiss.com.tn\/fr\/wp-json\/wp\/v2\/media?parent=11452"}],"wp:term":[{"taxonomy":"product_cat","embeddable":true,"href":"https:\/\/aquatiss.com.tn\/fr\/wp-json\/wp\/v2\/product_cat?post=11452"},{"taxonomy":"product_tag","embeddable":true,"href":"https:\/\/aquatiss.com.tn\/fr\/wp-json\/wp\/v2\/product_tag?post=11452"}],"curies":[{"name":"wp","href":"https:\/\/api.w.org\/{rel}","templated":true}]}}