{"id":11519,"date":"2018-03-02T13:28:37","date_gmt":"2018-03-02T13:28:37","guid":{"rendered":"http:\/\/gator4082.temp.domains\/~aquatiss\/?post_type=product&#038;p=11519"},"modified":"2024-11-16T10:09:04","modified_gmt":"2024-11-16T10:09:04","slug":"seche-cheveux-courtoisy-1200-w","status":"publish","type":"product","link":"https:\/\/aquatiss.com.tn\/fr\/produit\/seche-cheveux-courtoisy-1200-w\/","title":{"rendered":"S\u00e8che-cheveux Courtoisy"},"content":{"rendered":"<p>S\u00e8che-cheveux Courtoisy\u00a0 avec prise rasoir<br \/>\nIl peut \u00e9galement se ranger dans un tiroir pour plus de discr\u00e9tion.<br \/>\nAppareil con\u00e7u pour un usage intensif et enti\u00e8rement fabriqu\u00e9 en France par des professionnels de la Coiffure, ce s\u00e8che-cheveux l\u00e9ger est dot\u00e9 d\u2019une poign\u00e9e ergonomique unique pour un meilleur confort d\u2019utilisation et une excellente prise en main.<br \/>\nTrente ann\u00e9es d\u2019exp\u00e9rience garantissent fiabilit\u00e9, performance et puissance pour un s\u00e9chage rapide et \u00e9conomique.<br \/>\nCoque compos\u00e9e de 80% de polyamide et de 20% de fibre de verre lui conf\u00e8re une r\u00e9sistance exceptionnelle aux chocs, aux rayures et aux solvants.<br \/>\nIl est pourvu d\u2019un moteur universel AC, d\u2019une r\u00e9sistance en fil Nickel-Chrome \u00e9quip\u00e9e d\u2019un limiteur thermique et d\u2019une grille amovible pour un entretien facilit\u00e9.<\/p>\n<h3>Caract\u00e9ristiques techniques:<\/h3>\n<p>Made in France<br \/>\nGarantie : 3 ans<br \/>\nPuissance : 1200 W ou 1600W<br \/>\nCordon : Spiral\u00e9<br \/>\nD\u00e9bit d&rsquo;air : 58 m3\/h<br \/>\nTension : 220\/240 V \/ 50-60 Hz<br \/>\nNiveau sonore \u00e0 25 cm : 71 dB<br \/>\nDiam\u00e8tre du support : 20 cm<br \/>\nType de moteur : Universel<br \/>\nAvec prise rasoir<br \/>\nDiff\u00e9rentiel : 10 mA<br \/>\nNombre d&rsquo;allures : 3<br \/>\nChaud : 2 vitesses<br \/>\nAir froid : 1 vitesse<br \/>\nPression \u00e0 l&#8217;embout : 470 Pa<br \/>\nNorme(s) : TUV\/GS N\u00b0 S9591021<br \/>\nIsolation \u00e9lectrique : Classe II<br \/>\nIndice de protection : IP 21<\/p>\n","protected":false},"excerpt":{"rendered":"<p>S\u00e8che-cheveux Courtoisy (1200 W)<br \/>\nCordon : Spiral\u00e9<br \/>\nD\u00e9bit d&rsquo;air : 58 m3\/h<br \/>\nTension : 220\/240 V \/ 50-60 Hz<br \/>\nNiveau sonore \u00e0 25 cm : 71 dB<br \/>\nDiam\u00e8tre du support : 20 cm<br \/>\nType de moteur : Universel<br \/>\nGarantie : 3 ans<br \/>\nMade in France<\/p>\n","protected":false},"featured_media":11534,"comment_status":"open","ping_status":"closed","template":"","meta":[],"product_cat":[602],"product_tag":[1058],"class_list":["post-11519","product","type-product","status-publish","has-post-thumbnail","hentry","product_cat-seche-cheveux-electromenager","product_tag-seche-cheveux","pa_puissance-1800w"],"_links":{"self":[{"href":"https:\/\/aquatiss.com.tn\/fr\/wp-json\/wp\/v2\/product\/11519","targetHints":{"allow":["GET"]}}],"collection":[{"href":"https:\/\/aquatiss.com.tn\/fr\/wp-json\/wp\/v2\/product"}],"about":[{"href":"https:\/\/aquatiss.com.tn\/fr\/wp-json\/wp\/v2\/types\/product"}],"replies":[{"embeddable":true,"href":"https:\/\/aquatiss.com.tn\/fr\/wp-json\/wp\/v2\/comments?post=11519"}],"wp:featuredmedia":[{"embeddable":true,"href":"https:\/\/aquatiss.com.tn\/fr\/wp-json\/wp\/v2\/media\/11534"}],"wp:attachment":[{"href":"https:\/\/aquatiss.com.tn\/fr\/wp-json\/wp\/v2\/media?parent=11519"}],"wp:term":[{"taxonomy":"product_cat","embeddable":true,"href":"https:\/\/aquatiss.com.tn\/fr\/wp-json\/wp\/v2\/product_cat?post=11519"},{"taxonomy":"product_tag","embeddable":true,"href":"https:\/\/aquatiss.com.tn\/fr\/wp-json\/wp\/v2\/product_tag?post=11519"}],"curies":[{"name":"wp","href":"https:\/\/api.w.org\/{rel}","templated":true}]}}