{"id":11520,"date":"2018-03-01T15:37:09","date_gmt":"2018-03-01T15:37:09","guid":{"rendered":"http:\/\/gator4082.temp.domains\/~aquatiss\/?post_type=product&#038;p=11520"},"modified":"2018-03-01T15:37:09","modified_gmt":"2018-03-01T15:37:09","slug":"pese-personne-electronique-ecran-digital-lcd","status":"publish","type":"product","link":"https:\/\/aquatiss.com.tn\/fr\/produit\/pese-personne-electronique-ecran-digital-lcd\/","title":{"rendered":"P\u00e8se personne \u00e9lectronique avec \u00e9cran digital LCD"},"content":{"rendered":"<p>P\u00e8se personne \u00e9lectronique avec \u00e9cran digital LCD<br \/>\nSyst\u00e8me d&rsquo;arr\u00eat automatique : Oui (6&Prime;apr\u00e8s l&rsquo;utilisation)<br \/>\nCe que nous aimons :Tr\u00e8s simple d&rsquo;utilisation, il suffit de monter sur le p\u00e8se personne \u00e9lectronique pour qu&rsquo;il s&rsquo;allume et calcul imm\u00e9diatement votre poids avec une pr\u00e9cision de 100Gr<br \/>\nCapable de pes\u00e9e jusque 150 Kg<br \/>\nLe p\u00e8se personne vous indiquera la surcharge avec les lettres \u00a0\u00bb Err \u00ab\u00a0<br \/>\n\u00c9quip\u00e9 d&rsquo;un syst\u00e8me d\u2019arr\u00eat automatique pour \u00e9conomiser les piles, la balance \u00e9lectronique avertira \u00e9galement d&rsquo;un faible niveau de batterie avec les lettre \u00a0\u00bb Lo \u00ab\u00a0<br \/>\nMais ce p\u00e8se-personne vous permettra surtout de suivre avec pr\u00e9cision votre Poids au quotidien.<\/p>\n<h4>Caract\u00e9ristiques:<\/h4>\n<p>Balance pr\u00e9cise 150 kg<br \/>\nTranche de pes\u00e9e : De 0.1 \u00e0 150 Kg<br \/>\nGraduation 100gr<br \/>\nPlate forme carr\u00e9 en verre cristal tremp\u00e9<\/p>\n<p>Indication piles \u00e9puis\u00e9es Oui<br \/>\nAllumage et pes\u00e9e automatique Oui<\/p>\n","protected":false},"excerpt":{"rendered":"<p>P\u00e8se personne \u00e9lectronique avec \u00e9cran digital LCD<\/p>\n<p>Balance pr\u00e9cise 150 kg<br \/>\nTranche de pes\u00e9e : De 0.1 \u00e0 150 Kg<br \/>\nGraduation 100gr<br \/>\nPlate forme carr\u00e9 en verre cristal tremp\u00e9<\/p>\n","protected":false},"featured_media":11521,"comment_status":"open","ping_status":"closed","template":"","meta":[],"product_cat":[601],"product_tag":[1138],"class_list":["post-11520","product","type-product","status-publish","has-post-thumbnail","hentry","product_cat-pese-personne","product_tag-pese-personne","pa_domaine-collectivites","pa_domaine-hotel","pa_domaine-medical"],"_links":{"self":[{"href":"https:\/\/aquatiss.com.tn\/fr\/wp-json\/wp\/v2\/product\/11520","targetHints":{"allow":["GET"]}}],"collection":[{"href":"https:\/\/aquatiss.com.tn\/fr\/wp-json\/wp\/v2\/product"}],"about":[{"href":"https:\/\/aquatiss.com.tn\/fr\/wp-json\/wp\/v2\/types\/product"}],"replies":[{"embeddable":true,"href":"https:\/\/aquatiss.com.tn\/fr\/wp-json\/wp\/v2\/comments?post=11520"}],"wp:featuredmedia":[{"embeddable":true,"href":"https:\/\/aquatiss.com.tn\/fr\/wp-json\/wp\/v2\/media\/11521"}],"wp:attachment":[{"href":"https:\/\/aquatiss.com.tn\/fr\/wp-json\/wp\/v2\/media?parent=11520"}],"wp:term":[{"taxonomy":"product_cat","embeddable":true,"href":"https:\/\/aquatiss.com.tn\/fr\/wp-json\/wp\/v2\/product_cat?post=11520"},{"taxonomy":"product_tag","embeddable":true,"href":"https:\/\/aquatiss.com.tn\/fr\/wp-json\/wp\/v2\/product_tag?post=11520"}],"curies":[{"name":"wp","href":"https:\/\/api.w.org\/{rel}","templated":true}]}}