{"id":11569,"date":"2018-03-14T12:53:22","date_gmt":"2018-03-14T12:53:22","guid":{"rendered":"http:\/\/gator4082.temp.domains\/~aquatiss\/?post_type=product&#038;p=11569"},"modified":"2018-03-14T14:59:58","modified_gmt":"2018-03-14T14:59:58","slug":"plateau-de-service-hotel","status":"publish","type":"product","link":"https:\/\/aquatiss.com.tn\/fr\/produit\/plateau-de-service-hotel\/","title":{"rendered":"Plateau de service H\u00f4tel"},"content":{"rendered":"<p>Plateau de service H\u00f4tel<br \/>\nCe plateau fait partie du haut de gamme des plateaux de service d\u00e9di\u00e9e pour les h\u00f4tels gr\u00e2ce \u00e0 l\u2019alliance du bois massif et l&rsquo;inox qui sont en harmonie parfaite avec les bouilloires inox bross\u00e9.<br \/>\nLe plateau se compose d\u2019un rack int\u00e9gr\u00e9 sous forme d\u2019encoches pour pr\u00e9sentation des ingr\u00e9dients.<\/p>\n<h4>La bouilloire est \u00e0 commander s\u00e9par\u00e9ment<\/h4>\n","protected":false},"excerpt":{"rendered":"<p>Ce plateau fait partie du haut de gamme des plateaux de service d\u00e9di\u00e8e pour les h\u00f4tels.<br \/>\nLe plateau se compose d\u2019un rack int\u00e9gr\u00e9 sous forme d\u2019encoches pour pr\u00e9sentation des ingr\u00e9dients.<br \/>\nLa bouilloire est \u00e0 commander s\u00e9par\u00e9ment<br \/>\n<strong>Plateau vendu seule<\/strong><\/p>\n","protected":false},"featured_media":11570,"comment_status":"open","ping_status":"closed","template":"","meta":[],"product_cat":[1000],"product_tag":[1001,1104],"class_list":["post-11569","product","type-product","status-publish","has-post-thumbnail","hentry","product_cat-plateaux-de-service","product_tag-plateaux","product_tag-service","pa_domaine-hotel","pa_material-bois","pa_material-inox"],"_links":{"self":[{"href":"https:\/\/aquatiss.com.tn\/fr\/wp-json\/wp\/v2\/product\/11569","targetHints":{"allow":["GET"]}}],"collection":[{"href":"https:\/\/aquatiss.com.tn\/fr\/wp-json\/wp\/v2\/product"}],"about":[{"href":"https:\/\/aquatiss.com.tn\/fr\/wp-json\/wp\/v2\/types\/product"}],"replies":[{"embeddable":true,"href":"https:\/\/aquatiss.com.tn\/fr\/wp-json\/wp\/v2\/comments?post=11569"}],"wp:featuredmedia":[{"embeddable":true,"href":"https:\/\/aquatiss.com.tn\/fr\/wp-json\/wp\/v2\/media\/11570"}],"wp:attachment":[{"href":"https:\/\/aquatiss.com.tn\/fr\/wp-json\/wp\/v2\/media?parent=11569"}],"wp:term":[{"taxonomy":"product_cat","embeddable":true,"href":"https:\/\/aquatiss.com.tn\/fr\/wp-json\/wp\/v2\/product_cat?post=11569"},{"taxonomy":"product_tag","embeddable":true,"href":"https:\/\/aquatiss.com.tn\/fr\/wp-json\/wp\/v2\/product_tag?post=11569"}],"curies":[{"name":"wp","href":"https:\/\/api.w.org\/{rel}","templated":true}]}}