{"id":11676,"date":"2018-03-13T14:50:30","date_gmt":"2018-03-13T14:50:30","guid":{"rendered":"http:\/\/gator4082.temp.domains\/~aquatiss\/produit\/coffre-fort-ignifuge-serie-frs-120\/"},"modified":"2026-01-19T14:51:16","modified_gmt":"2026-01-19T14:51:16","slug":"coffre-fort-ignifuge-serie-frs-120","status":"publish","type":"product","link":"https:\/\/aquatiss.com.tn\/fr\/produit\/coffre-fort-ignifuge-serie-frs-120\/","title":{"rendered":"COFFRE FORT IGNIFUGE Serie FRS 120"},"content":{"rendered":"<p>COFFRE FORT IGNIFUGE Serie FRS 120<br \/>\nCoffre fort \u00e0 poser ignifuge<\/p>\n<h4>Sp\u00e9cifications techniques:<\/h4>\n<p>Ouverture par code \u00e9lectronique de 4 \u00e0 6 chiffres avec cl\u00e9.<br \/>\nCode: \u00e9quip\u00e9 d&rsquo;un syst\u00e8me d&rsquo;ouverture par code \u00e9lectronique allant de 4 \u00e0 6 chiffres maximum.<br \/>\nProgrammation par code dispose d&rsquo;un bouton de programmation int\u00e9rieure.<br \/>\n4 piles 1,5V Alkaline non fournit<br \/>\nCouleur Gris<br \/>\nEpaisseur 65mm la porte et 18\/24 mm le corps<br \/>\nQuatres p\u00eanes de 25 mm<br \/>\nR\u00e9sistant au feu support document 1H<br \/>\nProtection anti-feu norme EN 15659 (LFS 60P)<br \/>\nLes parois sont constitu\u00e9es de 2 enveloppes en t\u00f4le d\u2019acier soud\u00e9es, enserrant un mat\u00e9riau r\u00e9fractaire,abrasif et anti-chalumeau<\/p>\n","protected":false},"excerpt":{"rendered":"<p>COFFRE FORT IGNIFUGE Serie FRS 120<br \/>\nCoffre fort \u00e0 poser ignifuge<br \/>\nSyst\u00e8me d&rsquo;ouverture: \u00e9lectronique avec cl\u00e9.<br \/>\nCode: \u00e9quip\u00e9 d&rsquo;un syst\u00e8me d&rsquo;ouverture par code \u00e9lectronique allant de 4 \u00e0 6 chiffres maximum.<\/p>\n","protected":false},"featured_media":11677,"comment_status":"open","ping_status":"closed","template":"","meta":[],"product_cat":[222],"product_tag":[250,1424],"class_list":["post-11676","product","type-product","status-publish","has-post-thumbnail","hentry","product_cat-coffre-fort","product_tag-coffre-fort","product_tag-ignifuge","pa_domaine-entreprise","pa_domaine-hotel"],"_links":{"self":[{"href":"https:\/\/aquatiss.com.tn\/fr\/wp-json\/wp\/v2\/product\/11676","targetHints":{"allow":["GET"]}}],"collection":[{"href":"https:\/\/aquatiss.com.tn\/fr\/wp-json\/wp\/v2\/product"}],"about":[{"href":"https:\/\/aquatiss.com.tn\/fr\/wp-json\/wp\/v2\/types\/product"}],"replies":[{"embeddable":true,"href":"https:\/\/aquatiss.com.tn\/fr\/wp-json\/wp\/v2\/comments?post=11676"}],"wp:featuredmedia":[{"embeddable":true,"href":"https:\/\/aquatiss.com.tn\/fr\/wp-json\/wp\/v2\/media\/11677"}],"wp:attachment":[{"href":"https:\/\/aquatiss.com.tn\/fr\/wp-json\/wp\/v2\/media?parent=11676"}],"wp:term":[{"taxonomy":"product_cat","embeddable":true,"href":"https:\/\/aquatiss.com.tn\/fr\/wp-json\/wp\/v2\/product_cat?post=11676"},{"taxonomy":"product_tag","embeddable":true,"href":"https:\/\/aquatiss.com.tn\/fr\/wp-json\/wp\/v2\/product_tag?post=11676"}],"curies":[{"name":"wp","href":"https:\/\/api.w.org\/{rel}","templated":true}]}}