{"id":11681,"date":"2018-03-13T15:28:29","date_gmt":"2018-03-13T15:28:29","guid":{"rendered":"http:\/\/gator4082.temp.domains\/~aquatiss\/produit\/coffre-fort-a-cle-ignifuge-anti-effraction-garant133\/"},"modified":"2018-03-13T15:48:09","modified_gmt":"2018-03-13T15:48:09","slug":"coffre-fort-a-cle-ignifuge-anti-effraction-garant133","status":"publish","type":"product","link":"https:\/\/aquatiss.com.tn\/fr\/produit\/coffre-fort-a-cle-ignifuge-anti-effraction-garant133\/","title":{"rendered":"Coffre fort \u00e0 cl\u00e9 ignifuge anti effraction GARANT 133"},"content":{"rendered":"<p>Coffre fort \u00e0 cl\u00e9 ignifuge anti effraction GARANT 133<br \/>\nPorte double paroi en acier sp\u00e9cial \u00e9paisseur 105mm<br \/>\nCorps double paroi en acier sp\u00e9cial \u00e9paisseur 55mm<\/p>\n<h4>Sp\u00e9cifications techniques:<\/h4>\n<p>Les parois sont constitu\u00e9es de 2 enveloppes en t\u00f4le d&rsquo;acier soud\u00e9es, enserrant un mat\u00e9riau r\u00e9fractaire, abrasif et anti feu.<br \/>\nUne barre anti-d\u00e9gondage en position ferm\u00e9 emp\u00eache l&rsquo;ouverture de la porte en cas de sciage de a porte.<br \/>\nP\u00eanes: Quatres p\u00eanes de 25 mm<br \/>\nR\u00e9sistant au feu: support document 1 heure<br \/>\nProtection anti-feu: norme EN 15659 (LFS 60P)<br \/>\nProtection anti-per\u00e7age: norme EN 1143-1 GRADE 1<br \/>\nFermeture: Avec combinaison \u00e9lectronique La Guard ou avec cl\u00e9s KABA MAUER (Germany)<br \/>\nCouleur : gris<\/p>\n","protected":false},"excerpt":{"rendered":"<p>Coffre fort \u00e0 cl\u00e9 ignifuge anti effraction GARANT133<br \/>\nPorte double paroi en acier sp\u00e9cial \u00e9paisseur 105mm<br \/>\nCorps double paroi en acier sp\u00e9cial \u00e9paisseur 55mm<\/p>\n","protected":false},"featured_media":11682,"comment_status":"open","ping_status":"closed","template":"","meta":[],"product_cat":[222],"product_tag":[250,1424],"class_list":["post-11681","product","type-product","status-publish","has-post-thumbnail","hentry","product_cat-coffre-fort","product_tag-coffre-fort","product_tag-ignifuge","pa_domaine-entreprise","pa_domaine-hotel"],"_links":{"self":[{"href":"https:\/\/aquatiss.com.tn\/fr\/wp-json\/wp\/v2\/product\/11681","targetHints":{"allow":["GET"]}}],"collection":[{"href":"https:\/\/aquatiss.com.tn\/fr\/wp-json\/wp\/v2\/product"}],"about":[{"href":"https:\/\/aquatiss.com.tn\/fr\/wp-json\/wp\/v2\/types\/product"}],"replies":[{"embeddable":true,"href":"https:\/\/aquatiss.com.tn\/fr\/wp-json\/wp\/v2\/comments?post=11681"}],"wp:featuredmedia":[{"embeddable":true,"href":"https:\/\/aquatiss.com.tn\/fr\/wp-json\/wp\/v2\/media\/11682"}],"wp:attachment":[{"href":"https:\/\/aquatiss.com.tn\/fr\/wp-json\/wp\/v2\/media?parent=11681"}],"wp:term":[{"taxonomy":"product_cat","embeddable":true,"href":"https:\/\/aquatiss.com.tn\/fr\/wp-json\/wp\/v2\/product_cat?post=11681"},{"taxonomy":"product_tag","embeddable":true,"href":"https:\/\/aquatiss.com.tn\/fr\/wp-json\/wp\/v2\/product_tag?post=11681"}],"curies":[{"name":"wp","href":"https:\/\/api.w.org\/{rel}","templated":true}]}}