{"id":11692,"date":"2018-03-15T08:22:04","date_gmt":"2018-03-15T08:22:04","guid":{"rendered":"http:\/\/gator4082.temp.domains\/~aquatiss\/produit\/plateau-de-service-hotel-en-bois-standard\/"},"modified":"2018-03-15T09:45:12","modified_gmt":"2018-03-15T09:45:12","slug":"plateau-de-service-hotel-en-bois-standard","status":"publish","type":"product","link":"https:\/\/aquatiss.com.tn\/fr\/produit\/plateau-de-service-hotel-en-bois-standard\/","title":{"rendered":"Plateau de service H\u00f4tel en bois Standard"},"content":{"rendered":"<p>Plateau de service H\u00f4tel en bois Standard<br \/>\nCe plateau fait partie du haut de gamme des plateaux de service d\u00e9di\u00e9e pour les h\u00f4tels<br \/>\nUn concept original pour ce plateau r\u00e9alis\u00e9 en bois massif qui propose jusqu\u2019\u00e0 4 compartiments pour disposer les ingr\u00e9dients de votre choix.<br \/>\nSa conception permet de lib\u00e9rer de l\u2019espace de travail.<br \/>\nCompos\u00e9 d\u2019un plateau de base (avec rack \u00e0 ingr\u00e9dients int\u00e9gr\u00e9) et d\u2019une bouilloire (vendue s\u00e9par\u00e9ment).<\/p>\n<h4>La bouilloire est \u00e0 commander s\u00e9par\u00e9ment<\/h4>\n","protected":false},"excerpt":{"rendered":"<p>Ce plateau fait partie du haut de gamme des plateaux de service d\u00e9di\u00e9e pour les h\u00f4tels.<br \/>\nLa bouilloire est \u00e0 commander s\u00e9par\u00e9ment<br \/>\n<strong>Plateau vendu seule<\/strong><\/p>\n","protected":false},"featured_media":11697,"comment_status":"open","ping_status":"closed","template":"","meta":[],"product_cat":[1000],"product_tag":[1001,1104],"class_list":["post-11692","product","type-product","status-publish","has-post-thumbnail","hentry","product_cat-plateaux-de-service","product_tag-plateaux","product_tag-service","pa_bois-chene","pa_bois-noyer","pa_domaine-hotel","pa_material-bois"],"_links":{"self":[{"href":"https:\/\/aquatiss.com.tn\/fr\/wp-json\/wp\/v2\/product\/11692","targetHints":{"allow":["GET"]}}],"collection":[{"href":"https:\/\/aquatiss.com.tn\/fr\/wp-json\/wp\/v2\/product"}],"about":[{"href":"https:\/\/aquatiss.com.tn\/fr\/wp-json\/wp\/v2\/types\/product"}],"replies":[{"embeddable":true,"href":"https:\/\/aquatiss.com.tn\/fr\/wp-json\/wp\/v2\/comments?post=11692"}],"wp:featuredmedia":[{"embeddable":true,"href":"https:\/\/aquatiss.com.tn\/fr\/wp-json\/wp\/v2\/media\/11697"}],"wp:attachment":[{"href":"https:\/\/aquatiss.com.tn\/fr\/wp-json\/wp\/v2\/media?parent=11692"}],"wp:term":[{"taxonomy":"product_cat","embeddable":true,"href":"https:\/\/aquatiss.com.tn\/fr\/wp-json\/wp\/v2\/product_cat?post=11692"},{"taxonomy":"product_tag","embeddable":true,"href":"https:\/\/aquatiss.com.tn\/fr\/wp-json\/wp\/v2\/product_tag?post=11692"}],"curies":[{"name":"wp","href":"https:\/\/api.w.org\/{rel}","templated":true}]}}