{"id":11733,"date":"2018-03-15T13:00:28","date_gmt":"2018-03-15T13:00:28","guid":{"rendered":"http:\/\/gator4082.temp.domains\/~aquatiss\/produit\/plateau-de-service-hotel-box\/"},"modified":"2018-03-15T13:15:05","modified_gmt":"2018-03-15T13:15:05","slug":"plateau-de-service-hotel-box","status":"publish","type":"product","link":"https:\/\/aquatiss.com.tn\/fr\/produit\/plateau-de-service-hotel-box\/","title":{"rendered":"Plateau de service H\u00f4tel BOX"},"content":{"rendered":"<p>Plateau de service H\u00f4tel BOX<br \/>\nCe plateau fait partie du haut de gamme des plateaux de service d\u00e9di\u00e9e pour les h\u00f4tels<br \/>\nRationnel et esth\u00e9tique<br \/>\nChoix de la fa\u00e7ade visible, en biseau ou droite selon le positionnement du plateau.<br \/>\nExtr\u00eame \u00e9l\u00e9gance de l&rsquo;association du bois massif teint\u00e9 et acrylique transparent.<br \/>\nGrande capacit\u00e9 du tiroir avec 3 compartiments.<br \/>\nIngr\u00e9dients prot\u00e9g\u00e9s de la poussi\u00e8re.<br \/>\nVue imm\u00e9diate des ingr\u00e9dients gr\u00e2ce \u00e0 sa fa\u00e7ade tiroir transparente.<br \/>\nChoix finition teint\u00e9e noir ou h\u00eatre naturel (\u00e0 pr\u00e9ciser \u00e0 la commande)<br \/>\nPositionnement libre de la bouilloire (vendue s\u00e9par\u00e9ment).<\/p>\n<h4>La bouilloire est \u00e0 commander s\u00e9par\u00e9ment<\/h4>\n","protected":false},"excerpt":{"rendered":"<p>Ce plateau fait partie du haut de gamme des plateaux de service d\u00e9di\u00e9e pour les h\u00f4tels.<br \/>\nLa bouilloire est \u00e0 commander s\u00e9par\u00e9ment<br \/>\n<strong>Plateau vendu seule<\/strong><\/p>\n","protected":false},"featured_media":11734,"comment_status":"open","ping_status":"closed","template":"","meta":[],"product_cat":[1000],"product_tag":[1001,1104],"class_list":["post-11733","product","type-product","status-publish","has-post-thumbnail","hentry","product_cat-plateaux-de-service","product_tag-plateaux","product_tag-service","pa_domaine-hotel","pa_material-bois","pa_material-plexiglass"],"_links":{"self":[{"href":"https:\/\/aquatiss.com.tn\/fr\/wp-json\/wp\/v2\/product\/11733","targetHints":{"allow":["GET"]}}],"collection":[{"href":"https:\/\/aquatiss.com.tn\/fr\/wp-json\/wp\/v2\/product"}],"about":[{"href":"https:\/\/aquatiss.com.tn\/fr\/wp-json\/wp\/v2\/types\/product"}],"replies":[{"embeddable":true,"href":"https:\/\/aquatiss.com.tn\/fr\/wp-json\/wp\/v2\/comments?post=11733"}],"wp:featuredmedia":[{"embeddable":true,"href":"https:\/\/aquatiss.com.tn\/fr\/wp-json\/wp\/v2\/media\/11734"}],"wp:attachment":[{"href":"https:\/\/aquatiss.com.tn\/fr\/wp-json\/wp\/v2\/media?parent=11733"}],"wp:term":[{"taxonomy":"product_cat","embeddable":true,"href":"https:\/\/aquatiss.com.tn\/fr\/wp-json\/wp\/v2\/product_cat?post=11733"},{"taxonomy":"product_tag","embeddable":true,"href":"https:\/\/aquatiss.com.tn\/fr\/wp-json\/wp\/v2\/product_tag?post=11733"}],"curies":[{"name":"wp","href":"https:\/\/api.w.org\/{rel}","templated":true}]}}