{"id":11768,"date":"2018-03-19T14:46:22","date_gmt":"2018-03-19T14:46:22","guid":{"rendered":"http:\/\/gator4082.temp.domains\/~aquatiss\/?post_type=product&#038;p=11768"},"modified":"2018-03-19T14:46:22","modified_gmt":"2018-03-19T14:46:22","slug":"fauteuil-corbu","status":"publish","type":"product","link":"https:\/\/aquatiss.com.tn\/fr\/produit\/fauteuil-corbu\/","title":{"rendered":"Fauteuil CORBU"},"content":{"rendered":"<p>Fauteuil CORBU<\/p>\n<h4>Sp\u00e9cifications:<\/h4>\n<p>Il est consid\u00e9r\u00e9 comme une pi\u00e8ce phare du mobilier moderne.<br \/>\nLe Fauteuil est \u00e0 la fois raffin\u00e9 et fonctionnel.<br \/>\nSon design et ses dimensions\u00a0permettent de l\u2019int\u00e9grer \u00e0 n\u2019importe quel espace de vie.<br \/>\nIl est assez spacieux pour s\u2019y installer confortablement.<br \/>\nLa structure tubulaire en acier poli inoxydable s\u2019harmonise parfaitement avec les coussins rev\u00eatus de simili cuir.<\/p>\n","protected":false},"excerpt":{"rendered":"<p>Le Fauteuil est \u00e0 la fois raffin\u00e9 et fonctionnel.<br \/>\nSon design et ses dimensions permettent de l\u2019int\u00e9grer \u00e0 n\u2019importe quel espace de vie.<\/p>\n","protected":false},"featured_media":11771,"comment_status":"open","ping_status":"closed","template":"","meta":[],"product_cat":[1433,1426,1431],"product_tag":[1434],"class_list":["post-11768","product","type-product","status-publish","has-post-thumbnail","hentry","product_cat-fauteuils","product_cat-mobilier-de-bureau","product_cat-salon-pour-bureaux","product_tag-fauteuils","pa_color-rouge","pa_color-beige","pa_color-bleu-ciel"],"_links":{"self":[{"href":"https:\/\/aquatiss.com.tn\/fr\/wp-json\/wp\/v2\/product\/11768","targetHints":{"allow":["GET"]}}],"collection":[{"href":"https:\/\/aquatiss.com.tn\/fr\/wp-json\/wp\/v2\/product"}],"about":[{"href":"https:\/\/aquatiss.com.tn\/fr\/wp-json\/wp\/v2\/types\/product"}],"replies":[{"embeddable":true,"href":"https:\/\/aquatiss.com.tn\/fr\/wp-json\/wp\/v2\/comments?post=11768"}],"wp:featuredmedia":[{"embeddable":true,"href":"https:\/\/aquatiss.com.tn\/fr\/wp-json\/wp\/v2\/media\/11771"}],"wp:attachment":[{"href":"https:\/\/aquatiss.com.tn\/fr\/wp-json\/wp\/v2\/media?parent=11768"}],"wp:term":[{"taxonomy":"product_cat","embeddable":true,"href":"https:\/\/aquatiss.com.tn\/fr\/wp-json\/wp\/v2\/product_cat?post=11768"},{"taxonomy":"product_tag","embeddable":true,"href":"https:\/\/aquatiss.com.tn\/fr\/wp-json\/wp\/v2\/product_tag?post=11768"}],"curies":[{"name":"wp","href":"https:\/\/api.w.org\/{rel}","templated":true}]}}