{"id":1177,"date":"2016-12-13T09:23:40","date_gmt":"2016-12-13T09:23:40","guid":{"rendered":"http:\/\/gator4082.temp.domains\/~aquatiss\/?post_type=product&#038;p=1177"},"modified":"2017-09-16T11:13:16","modified_gmt":"2017-09-16T11:13:16","slug":"coffre-fort-2","status":"publish","type":"product","link":"https:\/\/aquatiss.com.tn\/fr\/produit\/coffre-fort-2\/","title":{"rendered":"Coffre fort"},"content":{"rendered":"<p>Un syst\u00e8me d&rsquo;ouverture: \u00e9quip\u00e9 d&rsquo;une cl\u00e9 qui actionne sur les p\u00eanes<br \/>\nP\u00eanes: 2 p\u00eanes ronds mobiles \u00f8 20 mm<br \/>\n\u00c9paisseur de t\u00f4le: corps 2 mm &#8211; porte 8 mm<br \/>\nSyst\u00e8me d&rsquo;ouverture avec cl\u00e9<br \/>\nPorte ouvrant de gauche \u00e0 droite de 120\u00b0<br \/>\n\u00c9quip\u00e9 d\u2019une serrure de bonne qualit\u00e9<br \/>\nFinition par une peinture blanche de qualit\u00e9 sup\u00e9rieure anti-rayures<br \/>\nCharni\u00e8res invisibles<br \/>\n\u00c9quip\u00e9 d\u2019un dispositif de fixation mural<\/p>\n","protected":false},"excerpt":{"rendered":"<p>Un syst\u00e8me d&#039;ouverture: \u00e9quip\u00e9 d&#039;une cl\u00e9 qui actionne sur les p\u00eanes<br \/>\nP\u00eanes: 2 p\u00eanes ronds mobiles \u00f8 20 mm<br \/>\n\u00c9paisseur de t\u00f4le: corps 2 mm &#8211; porte 8 mm<\/p>\n","protected":false},"featured_media":1593,"comment_status":"open","ping_status":"closed","template":"","meta":[],"product_cat":[222,153],"product_tag":[250],"class_list":["post-1177","product","type-product","status-publish","has-post-thumbnail","hentry","product_cat-coffre-fort","product_cat-securite","product_tag-coffre-fort","pa_color-blanc","pa_domaine-entreprise","pa_domaine-hotel","pa_domaine-industrie","pa_domaine-medical"],"_links":{"self":[{"href":"https:\/\/aquatiss.com.tn\/fr\/wp-json\/wp\/v2\/product\/1177","targetHints":{"allow":["GET"]}}],"collection":[{"href":"https:\/\/aquatiss.com.tn\/fr\/wp-json\/wp\/v2\/product"}],"about":[{"href":"https:\/\/aquatiss.com.tn\/fr\/wp-json\/wp\/v2\/types\/product"}],"replies":[{"embeddable":true,"href":"https:\/\/aquatiss.com.tn\/fr\/wp-json\/wp\/v2\/comments?post=1177"}],"wp:featuredmedia":[{"embeddable":true,"href":"https:\/\/aquatiss.com.tn\/fr\/wp-json\/wp\/v2\/media\/1593"}],"wp:attachment":[{"href":"https:\/\/aquatiss.com.tn\/fr\/wp-json\/wp\/v2\/media?parent=1177"}],"wp:term":[{"taxonomy":"product_cat","embeddable":true,"href":"https:\/\/aquatiss.com.tn\/fr\/wp-json\/wp\/v2\/product_cat?post=1177"},{"taxonomy":"product_tag","embeddable":true,"href":"https:\/\/aquatiss.com.tn\/fr\/wp-json\/wp\/v2\/product_tag?post=1177"}],"curies":[{"name":"wp","href":"https:\/\/api.w.org\/{rel}","templated":true}]}}