{"id":11784,"date":"2018-03-19T14:16:48","date_gmt":"2018-03-19T14:16:48","guid":{"rendered":"http:\/\/gator4082.temp.domains\/~aquatiss\/?post_type=product&#038;p=11784"},"modified":"2026-04-20T02:36:12","modified_gmt":"2026-04-20T02:36:12","slug":"fauteuil-look","status":"publish","type":"product","link":"https:\/\/aquatiss.com.tn\/fr\/produit\/fauteuil-look\/","title":{"rendered":"Fauteuil LOOK"},"content":{"rendered":"<p>Fauteuil Look<br \/>\nCe fauteuil vous apportera tout le confort que vous m\u00e9ritez.<br \/>\nSa structure en m\u00e9tal et son rev\u00eatement en tissu permettent de vous proposer un produit robuste agr\u00e9able au toucher tout en refl\u00e9tant un style moderne.<br \/>\nIl apporte ainsi un soutien moelleux. <\/p>\n","protected":false},"excerpt":{"rendered":"<p>Ce fauteuil vous apportera tout le confort que vous m\u00e9ritez.<\/p>\n","protected":false},"featured_media":11786,"comment_status":"open","ping_status":"closed","template":"","meta":[],"product_cat":[1433],"product_tag":[1434],"class_list":["post-11784","product","type-product","status-publish","has-post-thumbnail","hentry","product_cat-fauteuils","product_tag-fauteuils"],"_links":{"self":[{"href":"https:\/\/aquatiss.com.tn\/fr\/wp-json\/wp\/v2\/product\/11784","targetHints":{"allow":["GET"]}}],"collection":[{"href":"https:\/\/aquatiss.com.tn\/fr\/wp-json\/wp\/v2\/product"}],"about":[{"href":"https:\/\/aquatiss.com.tn\/fr\/wp-json\/wp\/v2\/types\/product"}],"replies":[{"embeddable":true,"href":"https:\/\/aquatiss.com.tn\/fr\/wp-json\/wp\/v2\/comments?post=11784"}],"wp:featuredmedia":[{"embeddable":true,"href":"https:\/\/aquatiss.com.tn\/fr\/wp-json\/wp\/v2\/media\/11786"}],"wp:attachment":[{"href":"https:\/\/aquatiss.com.tn\/fr\/wp-json\/wp\/v2\/media?parent=11784"}],"wp:term":[{"taxonomy":"product_cat","embeddable":true,"href":"https:\/\/aquatiss.com.tn\/fr\/wp-json\/wp\/v2\/product_cat?post=11784"},{"taxonomy":"product_tag","embeddable":true,"href":"https:\/\/aquatiss.com.tn\/fr\/wp-json\/wp\/v2\/product_tag?post=11784"}],"curies":[{"name":"wp","href":"https:\/\/api.w.org\/{rel}","templated":true}]}}