{"id":11793,"date":"2018-03-18T18:13:26","date_gmt":"2018-03-18T18:13:26","guid":{"rendered":"http:\/\/gator4082.temp.domains\/~aquatiss\/?post_type=product&#038;p=11793"},"modified":"2021-04-07T10:06:33","modified_gmt":"2021-04-07T10:06:33","slug":"fauteuil-de-massage-infinity-avec-repose-pied","status":"publish","type":"product","link":"https:\/\/aquatiss.com.tn\/fr\/produit\/fauteuil-de-massage-infinity-avec-repose-pied\/","title":{"rendered":"Fauteuil de massage INFINITY avec repose pied"},"content":{"rendered":"<p>Fauteuil de massage INFINITY avec repose pied<br \/>\nRepose pieds confortable en simili cuir<br \/>\nEn plus de profiter de l\u2019efficacit\u00e9 du fauteuil, vous appr\u00e9ciez la modernit\u00e9 et le service propos\u00e9s par ce fauteuil.<\/p>\n<p>Le choix des couleurs, le design raffin\u00e9s et discret des fauteuils Infinity vous permettra de les adapter parfaitement au d\u00e9cor de votre \u00e9tablissement.<\/p>\n<h4>Fonctions du fauteuil :<\/h4>\n<p>&#8211; fonctions de massages du corps: p\u00e9trissage, malaxage, battement et tapotement<br \/>\n-Plusieurs modes de massage: point fixe d&rsquo;une partie du corps, massage partiel ou massage complet<br \/>\n-Contr\u00f4le par une commande.<br \/>\n-Le fauteuil s&rsquo;adapte \u00e0 votre morphologie<\/p>\n","protected":false},"excerpt":{"rendered":"<p>Fauteuil de massage INFINITY avec repose pied<br \/>\nRepose pieds confortable en simili cuir<br \/>\nEn plus de profiter de l\u2019efficacit\u00e9 du fauteuil, vous appr\u00e9ciez la modernit\u00e9 et le service propos\u00e9s par ce fauteuil.<\/p>\n","protected":false},"featured_media":11799,"comment_status":"open","ping_status":"closed","template":"","meta":[],"product_cat":[1433],"product_tag":[1434],"class_list":["post-11793","product","type-product","status-publish","has-post-thumbnail","hentry","product_cat-fauteuils","product_tag-fauteuils"],"_links":{"self":[{"href":"https:\/\/aquatiss.com.tn\/fr\/wp-json\/wp\/v2\/product\/11793","targetHints":{"allow":["GET"]}}],"collection":[{"href":"https:\/\/aquatiss.com.tn\/fr\/wp-json\/wp\/v2\/product"}],"about":[{"href":"https:\/\/aquatiss.com.tn\/fr\/wp-json\/wp\/v2\/types\/product"}],"replies":[{"embeddable":true,"href":"https:\/\/aquatiss.com.tn\/fr\/wp-json\/wp\/v2\/comments?post=11793"}],"wp:featuredmedia":[{"embeddable":true,"href":"https:\/\/aquatiss.com.tn\/fr\/wp-json\/wp\/v2\/media\/11799"}],"wp:attachment":[{"href":"https:\/\/aquatiss.com.tn\/fr\/wp-json\/wp\/v2\/media?parent=11793"}],"wp:term":[{"taxonomy":"product_cat","embeddable":true,"href":"https:\/\/aquatiss.com.tn\/fr\/wp-json\/wp\/v2\/product_cat?post=11793"},{"taxonomy":"product_tag","embeddable":true,"href":"https:\/\/aquatiss.com.tn\/fr\/wp-json\/wp\/v2\/product_tag?post=11793"}],"curies":[{"name":"wp","href":"https:\/\/api.w.org\/{rel}","templated":true}]}}