{"id":11876,"date":"2018-03-21T15:01:52","date_gmt":"2018-03-21T15:01:52","guid":{"rendered":"http:\/\/gator4082.temp.domains\/~aquatiss\/produit\/tabouret-salle-de-bain\/"},"modified":"2025-02-04T09:38:11","modified_gmt":"2025-02-04T09:38:11","slug":"tabouret-salle-bain-douche-tres-design","status":"publish","type":"product","link":"https:\/\/aquatiss.com.tn\/fr\/produit\/tabouret-salle-bain-douche-tres-design\/","title":{"rendered":"Tabouret salle  bain-douche tr\u00e8s design"},"content":{"rendered":"<p><strong>Tabouret salle bain-douche tr\u00e8s design<\/strong><\/p>\n<div id=\"short_description_content\" class=\"rte align_justify\">\n<p>Est un accessoire indispensable pour votre salle de bain. Il apportera une grande adh\u00e9rence sur des sols humides et mouill\u00e9s. Simple d&rsquo;utilisation et l\u00e9ger, il se d\u00e9place facilement sans effort.<\/p>\n<p>l&rsquo;accessoire indispensable de votre quotidien, quelque soit le style de votre int\u00e9rieur.<\/p>\n<p>Mariez le avec le reste des accessoires bain de la collection\u00a0 pour une salle de bain au style pur et zen.<\/p>\n<p>Facile \u00e0 nettoyer et \u00e0 entretenir<\/p>\n<h4>Tabouret de salle de bain\u00a0 assise<\/h4>\n<p>thermoplastique.\u00a0 Certifi\u00e9 pour supporter jusqu&rsquo;\u00e0 115 Kg.<\/p>\n<\/div>\n<h4>Sp\u00e9cifications:<\/h4>\n<p>Assise thermoplastique dur blanc\u00a0 \u00d8 29cm<br \/>\nPied tabouret en\u00a0 aluminium\u00a0\u00a0\u00a0\u00a0\u00a0\u00a0\u00a0\u00a0\u00a0 \u00d8 2cm,<br \/>\nHauteur = 42cm<\/p>\n<p><strong>Garantie : 10 ans<\/strong><\/p>\n<p>&nbsp;<\/p>\n<p>&nbsp;<\/p>\n<div id=\"short_description_content\" class=\"rte align_justify\"><\/div>\n","protected":false},"excerpt":{"rendered":"<p>Tabouret salle bain-douche tr\u00e8s design est un accessoire indispensable pour votre salle de bain. Il apportera une grande adh\u00e9rence sur des sols humides et mouill\u00e9s. Simple d&rsquo;utilisation et l\u00e9ger, il se d\u00e9place facilement sans effort.<\/p>\n<p><strong>Garantie : 10 ans<\/strong><\/p>\n<p>&nbsp;<\/p>\n","protected":false},"featured_media":13751,"comment_status":"open","ping_status":"closed","template":"","meta":[],"product_cat":[606,469,154,609],"product_tag":[1492,1493],"class_list":["post-11876","product","type-product","status-publish","has-post-thumbnail","hentry","product_cat-chaise","product_cat-mobilier-interieur","product_cat-mobilier-textile","product_cat-tabouret","product_tag-siege-douche","product_tag-tabouret-bain-douche","pa_domaine-collectivites","pa_domaine-hotel","pa_domaine-medical"],"_links":{"self":[{"href":"https:\/\/aquatiss.com.tn\/fr\/wp-json\/wp\/v2\/product\/11876","targetHints":{"allow":["GET"]}}],"collection":[{"href":"https:\/\/aquatiss.com.tn\/fr\/wp-json\/wp\/v2\/product"}],"about":[{"href":"https:\/\/aquatiss.com.tn\/fr\/wp-json\/wp\/v2\/types\/product"}],"replies":[{"embeddable":true,"href":"https:\/\/aquatiss.com.tn\/fr\/wp-json\/wp\/v2\/comments?post=11876"}],"wp:featuredmedia":[{"embeddable":true,"href":"https:\/\/aquatiss.com.tn\/fr\/wp-json\/wp\/v2\/media\/13751"}],"wp:attachment":[{"href":"https:\/\/aquatiss.com.tn\/fr\/wp-json\/wp\/v2\/media?parent=11876"}],"wp:term":[{"taxonomy":"product_cat","embeddable":true,"href":"https:\/\/aquatiss.com.tn\/fr\/wp-json\/wp\/v2\/product_cat?post=11876"},{"taxonomy":"product_tag","embeddable":true,"href":"https:\/\/aquatiss.com.tn\/fr\/wp-json\/wp\/v2\/product_tag?post=11876"}],"curies":[{"name":"wp","href":"https:\/\/api.w.org\/{rel}","templated":true}]}}